{"id":22470,"date":"2025-12-12T17:18:34","date_gmt":"2025-12-12T15:18:34","guid":{"rendered":"https:\/\/test.tilde.ai\/?page_id=22470"},"modified":"2025-12-12T17:24:03","modified_gmt":"2025-12-12T15:24:03","slug":"news","status":"publish","type":"page","link":"https:\/\/test.tilde.ai\/lv\/news\/","title":{"rendered":"Jaunumi"},"content":{"rendered":"<div data-elementor-type=\"wp-page\" data-elementor-id=\"22470\" class=\"elementor elementor-22470\" data-elementor-post-type=\"page\">\n\t\t\t\t<div class=\"elementor-element elementor-element-f635db6 e-flex e-con-boxed e-con e-parent\" data-id=\"f635db6\" data-element_type=\"container\" data-e-type=\"container\">\n\t\t\t\t\t<div class=\"e-con-inner\">\n\t\t\t\t<div class=\"elementor-element elementor-element-33207e0 elementor-widget elementor-widget-shortcode\" data-id=\"33207e0\" data-element_type=\"widget\" data-e-type=\"widget\" data-widget_type=\"shortcode.default\">\n\t\t\t\t\t\t\t<div class=\"elementor-shortcode\"><nav aria-label=\"r\u012bvmaize\" class=\"rank-math-breadcrumb\"><p><span class=\"last\">S\u0101kums<\/span><\/p><\/nav><\/div>\n\t\t\t\t\t\t<\/div>\n\t\t\t\t\t<\/div>\n\t\t\t\t<\/div>\n\t\t<div class=\"elementor-element elementor-element-6fd3724 e-flex e-con-boxed e-con e-parent\" data-id=\"6fd3724\" data-element_type=\"container\" data-e-type=\"container\">\n\t\t\t\t\t<div class=\"e-con-inner\">\n\t\t\t\t<div class=\"elementor-element elementor-element-b07f764 e-transform elementor-grid-3 elementor-grid-tablet-2 elementor-grid-mobile-1 elementor-posts--thumbnail-top load-more-align-center elementor-widget elementor-widget-posts\" data-id=\"b07f764\" data-element_type=\"widget\" data-e-type=\"widget\" data-settings=\"{&quot;classic_masonry&quot;:&quot;yes&quot;,&quot;classic_row_gap&quot;:{&quot;unit&quot;:&quot;em&quot;,&quot;size&quot;:&quot;&quot;,&quot;sizes&quot;:[]},&quot;classic_row_gap_tablet&quot;:{&quot;unit&quot;:&quot;em&quot;,&quot;size&quot;:&quot;&quot;,&quot;sizes&quot;:[]},&quot;classic_row_gap_mobile&quot;:{&quot;unit&quot;:&quot;em&quot;,&quot;size&quot;:&quot;&quot;,&quot;sizes&quot;:[]},&quot;pagination_type&quot;:&quot;load_more_on_click&quot;,&quot;classic_columns&quot;:&quot;3&quot;,&quot;classic_columns_tablet&quot;:&quot;2&quot;,&quot;classic_columns_mobile&quot;:&quot;1&quot;,&quot;load_more_spinner&quot;:{&quot;value&quot;:&quot;fas fa-spinner&quot;,&quot;library&quot;:&quot;fa-solid&quot;},&quot;_transform_scaleX_effect_hover&quot;:{&quot;unit&quot;:&quot;px&quot;,&quot;size&quot;:&quot;&quot;,&quot;sizes&quot;:[]},&quot;_transform_scaleX_effect_hover_tablet&quot;:{&quot;unit&quot;:&quot;px&quot;,&quot;size&quot;:&quot;&quot;,&quot;sizes&quot;:[]},&quot;_transform_scaleX_effect_hover_mobile&quot;:{&quot;unit&quot;:&quot;px&quot;,&quot;size&quot;:&quot;&quot;,&quot;sizes&quot;:[]},&quot;_transform_scaleY_effect_hover&quot;:{&quot;unit&quot;:&quot;px&quot;,&quot;size&quot;:&quot;&quot;,&quot;sizes&quot;:[]},&quot;_transform_scaleY_effect_hover_tablet&quot;:{&quot;unit&quot;:&quot;px&quot;,&quot;size&quot;:&quot;&quot;,&quot;sizes&quot;:[]},&quot;_transform_scaleY_effect_hover_mobile&quot;:{&quot;unit&quot;:&quot;px&quot;,&quot;size&quot;:&quot;&quot;,&quot;sizes&quot;:[]}}\" data-widget_type=\"posts.classic\">\n\t\t\t\t<div class=\"elementor-widget-container\">\n\t\t\t\t\t\t\t<div class=\"elementor-posts-container elementor-posts elementor-posts--skin-classic elementor-grid\" role=\"list\">\n\t\t\t\t<article class=\"elementor-post elementor-grid-item post-22725 post type-post status-publish format-standard has-post-thumbnail hentry category-news\" role=\"listitem\">\n\t\t\t\t<a class=\"elementor-post__thumbnail__link\" href=\"https:\/\/test.tilde.ai\/lv\/news\/tilde-and-unesco-partner-to-break-language-barriers-in-small-island-developing-states\/\" tabindex=\"-1\" >\n\t\t\t<div class=\"elementor-post__thumbnail\"><img fetchpriority=\"high\" decoding=\"async\" width=\"800\" height=\"534\" src=\"https:\/\/test.tilde.ai\/wp-content\/uploads\/2025\/12\/UNESCO_baneris_1024x683_2-1-1.png\" class=\"attachment-large size-large wp-image-22726\" alt=\"\" srcset=\"https:\/\/test.tilde.ai\/wp-content\/uploads\/2025\/12\/UNESCO_baneris_1024x683_2-1-1.png 1024w, https:\/\/test.tilde.ai\/wp-content\/uploads\/2025\/12\/UNESCO_baneris_1024x683_2-1-1-300x200.png 300w, https:\/\/test.tilde.ai\/wp-content\/uploads\/2025\/12\/UNESCO_baneris_1024x683_2-1-1-768x512.png 768w, https:\/\/test.tilde.ai\/wp-content\/uploads\/2025\/12\/UNESCO_baneris_1024x683_2-1-1-18x12.png 18w\" sizes=\"(max-width: 800px) 100vw, 800px\" \/><\/div>\n\t\t<\/a>\n\t\t\t\t<div class=\"elementor-post__text\">\n\t\t\t\t<h3 class=\"elementor-post__title\">\n\t\t\t<a href=\"https:\/\/test.tilde.ai\/lv\/news\/tilde-and-unesco-partner-to-break-language-barriers-in-small-island-developing-states\/\" >\n\t\t\t\tTilde un UNESCO partneris, lai p\u0101rvar\u0113tu valodas barjeras mazo salu jaunatt\u012bst\u012bbas valst\u012bs\u00a0\t\t\t<\/a>\n\t\t<\/h3>\n\t\t\t\t<div class=\"elementor-post__meta-data\">\n\t\t\t\t\t<span class=\"elementor-post-date\">\n\t\t\t19 decembris, 2025\t\t<\/span>\n\t\t\t\t<\/div>\n\t\t\t\t<\/div>\n\t\t\t\t<\/article>\n\t\t\t\t<article class=\"elementor-post elementor-grid-item post-20624 post type-post status-publish format-standard has-post-thumbnail hentry category-news\" role=\"listitem\">\n\t\t\t\t<a class=\"elementor-post__thumbnail__link\" href=\"https:\/\/test.tilde.ai\/lv\/news\/ai-translation-for-ukraine\/\" tabindex=\"-1\" >\n\t\t\t<div class=\"elementor-post__thumbnail\"><img decoding=\"async\" width=\"800\" height=\"532\" src=\"https:\/\/test.tilde.ai\/wp-content\/uploads\/2025\/10\/GG05588-min-1024x681.jpg\" class=\"attachment-large size-large wp-image-20625\" alt=\"Art\u016brs Vasi\u013cevskis simboliski nodeva Ukrainas v\u0113stniec\u012bbai Latvij\u0101 MI darbin\u0101ms tulko\u0161anas platformu\" srcset=\"https:\/\/test.tilde.ai\/wp-content\/uploads\/2025\/10\/GG05588-min-1024x681.jpg 1024w, https:\/\/test.tilde.ai\/wp-content\/uploads\/2025\/10\/GG05588-min-300x200.jpg 300w, https:\/\/test.tilde.ai\/wp-content\/uploads\/2025\/10\/GG05588-min-768x511.jpg 768w, https:\/\/test.tilde.ai\/wp-content\/uploads\/2025\/10\/GG05588-min-1536x1022.jpg 1536w, https:\/\/test.tilde.ai\/wp-content\/uploads\/2025\/10\/GG05588-min-2048x1363.jpg 2048w, https:\/\/test.tilde.ai\/wp-content\/uploads\/2025\/10\/GG05588-min-18x12.jpg 18w\" sizes=\"(max-width: 800px) 100vw, 800px\" \/><\/div>\n\t\t<\/a>\n\t\t\t\t<div class=\"elementor-post__text\">\n\t\t\t\t<h3 class=\"elementor-post__title\">\n\t\t\t<a href=\"https:\/\/test.tilde.ai\/lv\/news\/ai-translation-for-ukraine\/\" >\n\t\t\t\tLatvij\u0101 izstr\u0101d\u0101ts m\u0101ksl\u012bg\u0101 intelekta tulko\u0161anas r\u012bks pal\u012bdz\u0113s Ukrainai ce\u013c\u0101 uz iest\u0101\u0161anos ES\t\t\t<\/a>\n\t\t<\/h3>\n\t\t\t\t<div class=\"elementor-post__meta-data\">\n\t\t\t\t\t<span class=\"elementor-post-date\">\n\t\t\t8 Oktobris, 2025\t\t<\/span>\n\t\t\t\t<\/div>\n\t\t\t\t<\/div>\n\t\t\t\t<\/article>\n\t\t\t\t<article class=\"elementor-post elementor-grid-item post-20213 post type-post status-publish format-standard has-post-thumbnail hentry category-news\" role=\"listitem\">\n\t\t\t\t<a class=\"elementor-post__thumbnail__link\" href=\"https:\/\/test.tilde.ai\/lv\/news\/tilde-releases-tildeopen-llm\/\" tabindex=\"-1\" >\n\t\t\t<div class=\"elementor-post__thumbnail\"><img decoding=\"async\" width=\"800\" height=\"534\" src=\"https:\/\/test.tilde.ai\/wp-content\/uploads\/2025\/09\/Monitor_Hugging_Face_1-1024x683.jpg\" class=\"attachment-large size-large wp-image-20214\" alt=\"Virsraksta att\u0113ls ar apsk\u0101vienu sejas platformu ekr\u0101n\u0101\" srcset=\"https:\/\/test.tilde.ai\/wp-content\/uploads\/2025\/09\/Monitor_Hugging_Face_1-1024x683.jpg 1024w, https:\/\/test.tilde.ai\/wp-content\/uploads\/2025\/09\/Monitor_Hugging_Face_1-300x200.jpg 300w, https:\/\/test.tilde.ai\/wp-content\/uploads\/2025\/09\/Monitor_Hugging_Face_1-768x512.jpg 768w, https:\/\/test.tilde.ai\/wp-content\/uploads\/2025\/09\/Monitor_Hugging_Face_1-1536x1024.jpg 1536w, https:\/\/test.tilde.ai\/wp-content\/uploads\/2025\/09\/Monitor_Hugging_Face_1-2048x1365.jpg 2048w, https:\/\/test.tilde.ai\/wp-content\/uploads\/2025\/09\/Monitor_Hugging_Face_1-18x12.jpg 18w\" sizes=\"(max-width: 800px) 100vw, 800px\" \/><\/div>\n\t\t<\/a>\n\t\t\t\t<div class=\"elementor-post__text\">\n\t\t\t\t<h3 class=\"elementor-post__title\">\n\t\t\t<a href=\"https:\/\/test.tilde.ai\/lv\/news\/tilde-releases-tildeopen-llm\/\" >\n\t\t\t\tTilde publisko m\u0101ksl\u012bg\u0101 intelekta modeli Eiropas valod\u0101m \u2013 TildeOpen LLM\u00a0\u00a0\t\t\t<\/a>\n\t\t<\/h3>\n\t\t\t\t<div class=\"elementor-post__meta-data\">\n\t\t\t\t\t<span class=\"elementor-post-date\">\n\t\t\t3 septembris, 2025\t\t<\/span>\n\t\t\t\t<\/div>\n\t\t\t\t<\/div>\n\t\t\t\t<\/article>\n\t\t\t\t<article class=\"elementor-post elementor-grid-item post-19059 post type-post status-publish format-standard has-post-thumbnail hentry category-news\" role=\"listitem\">\n\t\t\t\t<a class=\"elementor-post__thumbnail__link\" href=\"https:\/\/test.tilde.ai\/lv\/news\/tilde-to-develop-an-ai-solution-with-end-to-end-data-security\/\" tabindex=\"-1\" >\n\t\t\t<div class=\"elementor-post__thumbnail\"><img loading=\"lazy\" decoding=\"async\" width=\"800\" height=\"477\" src=\"https:\/\/test.tilde.ai\/wp-content\/uploads\/2025\/05\/ffplus_blogam-1024x610.jpg\" class=\"attachment-large size-large wp-image-19062\" alt=\"Ffplus logotips\" srcset=\"https:\/\/test.tilde.ai\/wp-content\/uploads\/2025\/05\/ffplus_blogam-1024x610.jpg 1024w, https:\/\/test.tilde.ai\/wp-content\/uploads\/2025\/05\/ffplus_blogam-300x179.jpg 300w, https:\/\/test.tilde.ai\/wp-content\/uploads\/2025\/05\/ffplus_blogam-768x458.jpg 768w, https:\/\/test.tilde.ai\/wp-content\/uploads\/2025\/05\/ffplus_blogam-18x12.jpg 18w, https:\/\/test.tilde.ai\/wp-content\/uploads\/2025\/05\/ffplus_blogam.jpg 1200w\" sizes=\"(max-width: 800px) 100vw, 800px\" \/><\/div>\n\t\t<\/a>\n\t\t\t\t<div class=\"elementor-post__text\">\n\t\t\t\t<h3 class=\"elementor-post__title\">\n\t\t\t<a href=\"https:\/\/test.tilde.ai\/lv\/news\/tilde-to-develop-an-ai-solution-with-end-to-end-data-security\/\" >\n\t\t\t\t\u201cTilde\u201d uzvar projekt\u0101 par iesp\u0113ju izstr\u0101d\u0101t MI risin\u0101jumu ar piln\u012bgu datu dro\u0161\u012bbu un augst\u0101k\u0101s kvalit\u0101tes valodas modeli\t\t\t<\/a>\n\t\t<\/h3>\n\t\t\t\t<div class=\"elementor-post__meta-data\">\n\t\t\t\t\t<span class=\"elementor-post-date\">\n\t\t\t27 maijs, 2025\t\t<\/span>\n\t\t\t\t<\/div>\n\t\t\t\t<\/div>\n\t\t\t\t<\/article>\n\t\t\t\t<article class=\"elementor-post elementor-grid-item post-18587 post type-post status-publish format-standard has-post-thumbnail hentry category-news\" role=\"listitem\">\n\t\t\t\t<a class=\"elementor-post__thumbnail__link\" href=\"https:\/\/test.tilde.ai\/lv\/news\/balcia-and-tilde-develop-ai-chatbot\/\" tabindex=\"-1\" >\n\t\t\t<div class=\"elementor-post__thumbnail\"><img loading=\"lazy\" decoding=\"async\" width=\"800\" height=\"450\" src=\"https:\/\/test.tilde.ai\/wp-content\/uploads\/2025\/03\/Digitala-trasnformacija-1024x576.png\" class=\"attachment-large size-large wp-image-18589\" alt=\"Virsraksta att\u0113ls ar T\u0112JAS \u0161\u0137\u012bdumu\" srcset=\"https:\/\/test.tilde.ai\/wp-content\/uploads\/2025\/03\/Digitala-trasnformacija-1024x576.png 1024w, https:\/\/test.tilde.ai\/wp-content\/uploads\/2025\/03\/Digitala-trasnformacija-300x169.png 300w, https:\/\/test.tilde.ai\/wp-content\/uploads\/2025\/03\/Digitala-trasnformacija-768x432.png 768w, https:\/\/test.tilde.ai\/wp-content\/uploads\/2025\/03\/Digitala-trasnformacija-1536x864.png 1536w, https:\/\/test.tilde.ai\/wp-content\/uploads\/2025\/03\/Digitala-trasnformacija-18x10.png 18w, https:\/\/test.tilde.ai\/wp-content\/uploads\/2025\/03\/Digitala-trasnformacija.png 1920w\" sizes=\"(max-width: 800px) 100vw, 800px\" \/><\/div>\n\t\t<\/a>\n\t\t\t\t<div class=\"elementor-post__text\">\n\t\t\t\t<h3 class=\"elementor-post__title\">\n\t\t\t<a href=\"https:\/\/test.tilde.ai\/lv\/news\/balcia-and-tilde-develop-ai-chatbot\/\" >\n\t\t\t\tBalcia uzs\u0101k sadarb\u012bbu ar Tildi m\u0101ksl\u012bg\u0101 intelekta sarunbota izstr\u0101d\u0113\u00a0\t\t\t<\/a>\n\t\t<\/h3>\n\t\t\t\t<div class=\"elementor-post__meta-data\">\n\t\t\t\t\t<span class=\"elementor-post-date\">\n\t\t\t24 marts, 2025\t\t<\/span>\n\t\t\t\t<\/div>\n\t\t\t\t<\/div>\n\t\t\t\t<\/article>\n\t\t\t\t<article class=\"elementor-post elementor-grid-item post-16720 post type-post status-publish format-standard has-post-thumbnail hentry category-news\" role=\"listitem\">\n\t\t\t\t<a class=\"elementor-post__thumbnail__link\" href=\"https:\/\/test.tilde.ai\/lv\/news\/nltp-translation-for-public-administrations\/\" tabindex=\"-1\" >\n\t\t\t<div class=\"elementor-post__thumbnail\"><img loading=\"lazy\" decoding=\"async\" width=\"1\" height=\"1\" src=\"https:\/\/test.tilde.ai\/wp-content\/uploads\/2024\/09\/joshua-hoehne-1UDjq8s8cy0-unsplash-min.jpg\" class=\"attachment-large size-large wp-image-16721\" alt=\"Virsraksta att\u0113ls ar v\u0101rdn\u012bcas tuvpl\u0101nu\" \/><\/div>\n\t\t<\/a>\n\t\t\t\t<div class=\"elementor-post__text\">\n\t\t\t\t<h3 class=\"elementor-post__title\">\n\t\t\t<a href=\"https:\/\/test.tilde.ai\/lv\/news\/nltp-translation-for-public-administrations\/\" >\n\t\t\t\tNLTP: atv\u0113rt\u0101 pirmkoda daudzvalodu tulko\u0161ana valsts p\u0101rvaldes iest\u0101d\u0113m\t\t\t<\/a>\n\t\t<\/h3>\n\t\t\t\t<div class=\"elementor-post__meta-data\">\n\t\t\t\t\t<span class=\"elementor-post-date\">\n\t\t\t2024. gada 6. septembris\t\t<\/span>\n\t\t\t\t<\/div>\n\t\t\t\t<\/div>\n\t\t\t\t<\/article>\n\t\t\t\t<article class=\"elementor-post elementor-grid-item post-10635 post type-post status-publish format-standard has-post-thumbnail hentry category-news tag-news\" role=\"listitem\">\n\t\t\t\t<a class=\"elementor-post__thumbnail__link\" href=\"https:\/\/test.tilde.ai\/lv\/news\/tilde-president-of-latvia-edgars-rinkevics-and-maltese-minister-owen-bonnici-engage-in-discussions-on-digital-tools-for-the-languages-of-small-countries\/\" tabindex=\"-1\" >\n\t\t\t<div class=\"elementor-post__thumbnail\"><img loading=\"lazy\" decoding=\"async\" width=\"650\" height=\"488\" src=\"https:\/\/test.tilde.ai\/wp-content\/uploads\/2024\/04\/WhatsApp-Image-2024-02-05-at-18.44.33.jpeg\" class=\"attachment-large size-large wp-image-10636\" alt=\"\" srcset=\"https:\/\/test.tilde.ai\/wp-content\/uploads\/2024\/04\/WhatsApp-Image-2024-02-05-at-18.44.33.jpeg 650w, https:\/\/test.tilde.ai\/wp-content\/uploads\/2024\/04\/WhatsApp-Image-2024-02-05-at-18.44.33-300x225.jpeg 300w, https:\/\/test.tilde.ai\/wp-content\/uploads\/2024\/04\/WhatsApp-Image-2024-02-05-at-18.44.33-16x12.jpeg 16w\" sizes=\"(max-width: 650px) 100vw, 650px\" \/><\/div>\n\t\t<\/a>\n\t\t\t\t<div class=\"elementor-post__text\">\n\t\t\t\t<h3 class=\"elementor-post__title\">\n\t\t\t<a href=\"https:\/\/test.tilde.ai\/lv\/news\/tilde-president-of-latvia-edgars-rinkevics-and-maltese-minister-owen-bonnici-engage-in-discussions-on-digital-tools-for-the-languages-of-small-countries\/\" >\n\t\t\t\tTilde, Valsts prezidents Edgars Rink\u0113vi\u010ds un Maltas ministrs Ouens Bonnici iesaist\u0101s diskusij\u0101s par digit\u0101lajiem r\u012bkiem mazo valstu valod\u0101m\t\t\t<\/a>\n\t\t<\/h3>\n\t\t\t\t<div class=\"elementor-post__meta-data\">\n\t\t\t\t\t<span class=\"elementor-post-date\">\n\t\t\t10 apr\u012blis, 2024\t\t<\/span>\n\t\t\t\t<\/div>\n\t\t\t\t<\/div>\n\t\t\t\t<\/article>\n\t\t\t\t<article class=\"elementor-post elementor-grid-item post-10628 post type-post status-publish format-standard has-post-thumbnail hentry category-news tag-news\" role=\"listitem\">\n\t\t\t\t<a class=\"elementor-post__thumbnail__link\" href=\"https:\/\/test.tilde.ai\/lv\/news\/breaking-barriers-riga-conference-explores-ais-transformative-impact-on-lives-of-persons-with-disabilities\/\" tabindex=\"-1\" >\n\t\t\t<div class=\"elementor-post__thumbnail\"><img loading=\"lazy\" decoding=\"async\" width=\"650\" height=\"366\" src=\"https:\/\/test.tilde.ai\/wp-content\/uploads\/2024\/04\/Riga-Conference-Explores-AIs-Transformative-Impact-on-Lives-of-Persons-with-Disabilities.png\" class=\"attachment-large size-large wp-image-10629\" alt=\"\" srcset=\"https:\/\/test.tilde.ai\/wp-content\/uploads\/2024\/04\/Riga-Conference-Explores-AIs-Transformative-Impact-on-Lives-of-Persons-with-Disabilities.png 650w, https:\/\/test.tilde.ai\/wp-content\/uploads\/2024\/04\/Riga-Conference-Explores-AIs-Transformative-Impact-on-Lives-of-Persons-with-Disabilities-300x169.png 300w, https:\/\/test.tilde.ai\/wp-content\/uploads\/2024\/04\/Riga-Conference-Explores-AIs-Transformative-Impact-on-Lives-of-Persons-with-Disabilities-18x10.png 18w\" sizes=\"(max-width: 650px) 100vw, 650px\" \/><\/div>\n\t\t<\/a>\n\t\t\t\t<div class=\"elementor-post__text\">\n\t\t\t\t<h3 class=\"elementor-post__title\">\n\t\t\t<a href=\"https:\/\/test.tilde.ai\/lv\/news\/breaking-barriers-riga-conference-explores-ais-transformative-impact-on-lives-of-persons-with-disabilities\/\" >\n\t\t\t\tBarjeru p\u0101rk\u0101p\u0161ana: R\u012bgas konferenc\u0113 p\u0113ta AI transformat\u012bvo ietekmi uz personu ar invalidit\u0101ti dz\u012bvi\t\t\t<\/a>\n\t\t<\/h3>\n\t\t\t\t<div class=\"elementor-post__meta-data\">\n\t\t\t\t\t<span class=\"elementor-post-date\">\n\t\t\t10 apr\u012blis, 2024\t\t<\/span>\n\t\t\t\t<\/div>\n\t\t\t\t<\/div>\n\t\t\t\t<\/article>\n\t\t\t\t<article class=\"elementor-post elementor-grid-item post-10625 post type-post status-publish format-standard has-post-thumbnail hentry category-news tag-news\" role=\"listitem\">\n\t\t\t\t<a class=\"elementor-post__thumbnail__link\" href=\"https:\/\/test.tilde.ai\/lv\/news\/new-digital-solutions-improve-the-quality-of-the-academic-environment\/\" tabindex=\"-1\" >\n\t\t\t<div class=\"elementor-post__thumbnail\"><img loading=\"lazy\" decoding=\"async\" width=\"650\" height=\"488\" src=\"https:\/\/test.tilde.ai\/wp-content\/uploads\/2024\/04\/645469_1e3fee9a98.jpg\" class=\"attachment-large size-large wp-image-10626\" alt=\"\" srcset=\"https:\/\/test.tilde.ai\/wp-content\/uploads\/2024\/04\/645469_1e3fee9a98.jpg 650w, https:\/\/test.tilde.ai\/wp-content\/uploads\/2024\/04\/645469_1e3fee9a98-300x225.jpg 300w, https:\/\/test.tilde.ai\/wp-content\/uploads\/2024\/04\/645469_1e3fee9a98-16x12.jpg 16w\" sizes=\"(max-width: 650px) 100vw, 650px\" \/><\/div>\n\t\t<\/a>\n\t\t\t\t<div class=\"elementor-post__text\">\n\t\t\t\t<h3 class=\"elementor-post__title\">\n\t\t\t<a href=\"https:\/\/test.tilde.ai\/lv\/news\/new-digital-solutions-improve-the-quality-of-the-academic-environment\/\" >\n\t\t\t\tJaunie digit\u0101lie risin\u0101jumi uzlabo akad\u0113misk\u0101s vides kvalit\u0101ti\t\t\t<\/a>\n\t\t<\/h3>\n\t\t\t\t<div class=\"elementor-post__meta-data\">\n\t\t\t\t\t<span class=\"elementor-post-date\">\n\t\t\t10 apr\u012blis, 2024\t\t<\/span>\n\t\t\t\t<\/div>\n\t\t\t\t<\/div>\n\t\t\t\t<\/article>\n\t\t\t\t<\/div>\n\t\t\t\t\t<span class=\"e-load-more-spinner\">\n\t\t\t\t<svg aria-hidden=\"true\" class=\"e-font-icon-svg e-fas-spinner\" viewbox=\"0 0 512 512\" xmlns=\"http:\/\/www.w3.org\/2000\/svg\"><path d=\"M304 48c0 26.51-21.49 48-48 48s-48-21.49-48-48 21.49-48 48-48 48 21.49 48 48zm-48 368c-26.51 0-48 21.49-48 48s21.49 48 48 48 48-21.49 48-48-21.49-48-48-48zm208-208c-26.51 0-48 21.49-48 48s21.49 48 48 48 48-21.49 48-48-21.49-48-48-48zM96 256c0-26.51-21.49-48-48-48S0 229.49 0 256s21.49 48 48 48 48-21.49 48-48zm12.922 99.078c-26.51 0-48 21.49-48 48s21.49 48 48 48 48-21.49 48-48c0-26.509-21.491-48-48-48zm294.156 0c-26.51 0-48 21.49-48 48s21.49 48 48 48 48-21.49 48-48c0-26.509-21.49-48-48-48zM108.922 60.922c-26.51 0-48 21.49-48 48s21.49 48 48 48 48-21.49 48-48-21.491-48-48-48z\"><\/path><\/svg>\t\t\t<\/span>\n\t\t\n\t\t\t\t<div class=\"e-load-more-anchor\" data-page=\"1\" data-max-page=\"3\" data-next-page=\"https:\/\/test.tilde.ai\/lv\/wp-json\/wp\/v2\/pages\/22470\/page\/2\/\"><\/div>\n\t\t\t\t<div class=\"elementor-button-wrapper\">\n\t\t\t<a class=\"elementor-button elementor-size-sm\" role=\"button\">\n\t\t\t\t\t\t<span class=\"elementor-button-content-wrapper\">\n\t\t\t\t\t\t\t\t\t<span class=\"elementor-button-text\">Iel\u0101d\u0113t vair\u0101k<\/span>\n\t\t\t\t\t<\/span>\n\t\t\t\t\t<\/a>\n\t\t<\/div>\n\t\t\t\t<div class=\"e-load-more-message\">Te vairs nek\u0101 neredzama. Pagaid\u0101m...<\/div>\n\t\t\t\t\t\t<\/div>\n\t\t\t\t<\/div>\n\t\t\t\t\t<\/div>\n\t\t\t\t<\/div>\n\t\t\t\t<\/div>","protected":false},"excerpt":{"rendered":"","protected":false},"author":2,"featured_media":0,"parent":0,"menu_order":0,"comment_status":"closed","ping_status":"closed","template":"","meta":{"footnotes":""},"class_list":["post-22470","page","type-page","status-publish","hentry"],"_links":{"self":[{"href":"https:\/\/test.tilde.ai\/lv\/wp-json\/wp\/v2\/pages\/22470","targetHints":{"allow":["GET"]}}],"collection":[{"href":"https:\/\/test.tilde.ai\/lv\/wp-json\/wp\/v2\/pages"}],"about":[{"href":"https:\/\/test.tilde.ai\/lv\/wp-json\/wp\/v2\/types\/page"}],"author":[{"embeddable":true,"href":"https:\/\/test.tilde.ai\/lv\/wp-json\/wp\/v2\/users\/2"}],"replies":[{"embeddable":true,"href":"https:\/\/test.tilde.ai\/lv\/wp-json\/wp\/v2\/comments?post=22470"}],"version-history":[{"count":0,"href":"https:\/\/test.tilde.ai\/lv\/wp-json\/wp\/v2\/pages\/22470\/revisions"}],"wp:attachment":[{"href":"https:\/\/test.tilde.ai\/lv\/wp-json\/wp\/v2\/media?parent=22470"}],"curies":[{"name":"wp","href":"https:\/\/api.w.org\/{rel}","templated":true}]}}