{"id":22133,"date":"2025-12-02T21:57:52","date_gmt":"2025-12-02T19:57:52","guid":{"rendered":"https:\/\/test.tilde.ai\/?page_id=22133"},"modified":"2025-12-03T12:06:47","modified_gmt":"2025-12-03T10:06:47","slug":"blog","status":"publish","type":"page","link":"https:\/\/test.tilde.ai\/lv\/blog\/","title":{"rendered":"Emu\u0101rs"},"content":{"rendered":"<div data-elementor-type=\"wp-page\" data-elementor-id=\"22133\" class=\"elementor elementor-22133\" data-elementor-post-type=\"page\">\n\t\t\t\t<div class=\"elementor-element elementor-element-c56eed5 e-flex e-con-boxed e-con e-parent\" data-id=\"c56eed5\" data-element_type=\"container\" data-e-type=\"container\">\n\t\t\t\t\t<div class=\"e-con-inner\">\n\t\t\t\t<div class=\"elementor-element elementor-element-8afb5dd elementor-widget elementor-widget-shortcode\" data-id=\"8afb5dd\" data-element_type=\"widget\" data-e-type=\"widget\" data-widget_type=\"shortcode.default\">\n\t\t\t\t\t\t\t<div class=\"elementor-shortcode\"><nav aria-label=\"r\u012bvmaize\" class=\"rank-math-breadcrumb\"><p><span class=\"last\">S\u0101kums<\/span><\/p><\/nav><\/div>\n\t\t\t\t\t\t<\/div>\n\t\t\t\t\t<\/div>\n\t\t\t\t<\/div>\n\t\t<div class=\"elementor-element elementor-element-155743b e-flex e-con-boxed e-con e-parent\" data-id=\"155743b\" data-element_type=\"container\" data-e-type=\"container\">\n\t\t\t\t\t<div class=\"e-con-inner\">\n\t\t\t\t<div class=\"elementor-element elementor-element-c675337 elementor-widget elementor-widget-shortcode\" data-id=\"c675337\" data-element_type=\"widget\" data-e-type=\"widget\" data-widget_type=\"shortcode.default\">\n\t\t\t\t\t\t\t<div class=\"elementor-shortcode\">\t\t<div data-elementor-type=\"container\" data-elementor-id=\"22135\" class=\"elementor elementor-22135\" data-elementor-post-type=\"elementor_library\">\n\t\t\t\t<div class=\"elementor-element elementor-element-2518a6ce e-flex e-con-boxed e-con e-parent\" data-id=\"2518a6ce\" data-element_type=\"container\" data-e-type=\"container\">\n\t\t\t\t\t<div class=\"e-con-inner\">\n\t\t\t\t<div class=\"elementor-element elementor-element-13c84f5f e-transform elementor-grid-3 elementor-grid-tablet-2 elementor-grid-mobile-1 elementor-posts--thumbnail-top load-more-align-center elementor-widget elementor-widget-posts\" data-id=\"13c84f5f\" data-element_type=\"widget\" data-e-type=\"widget\" data-settings=\"{&quot;classic_masonry&quot;:&quot;yes&quot;,&quot;classic_row_gap&quot;:{&quot;unit&quot;:&quot;em&quot;,&quot;size&quot;:&quot;&quot;,&quot;sizes&quot;:[]},&quot;classic_row_gap_tablet&quot;:{&quot;unit&quot;:&quot;em&quot;,&quot;size&quot;:&quot;&quot;,&quot;sizes&quot;:[]},&quot;classic_row_gap_mobile&quot;:{&quot;unit&quot;:&quot;em&quot;,&quot;size&quot;:&quot;&quot;,&quot;sizes&quot;:[]},&quot;pagination_type&quot;:&quot;load_more_on_click&quot;,&quot;classic_columns&quot;:&quot;3&quot;,&quot;classic_columns_tablet&quot;:&quot;2&quot;,&quot;classic_columns_mobile&quot;:&quot;1&quot;,&quot;load_more_spinner&quot;:{&quot;value&quot;:&quot;fas fa-spinner&quot;,&quot;library&quot;:&quot;fa-solid&quot;},&quot;_transform_scaleX_effect_hover&quot;:{&quot;unit&quot;:&quot;px&quot;,&quot;size&quot;:&quot;&quot;,&quot;sizes&quot;:[]},&quot;_transform_scaleX_effect_hover_tablet&quot;:{&quot;unit&quot;:&quot;px&quot;,&quot;size&quot;:&quot;&quot;,&quot;sizes&quot;:[]},&quot;_transform_scaleX_effect_hover_mobile&quot;:{&quot;unit&quot;:&quot;px&quot;,&quot;size&quot;:&quot;&quot;,&quot;sizes&quot;:[]},&quot;_transform_scaleY_effect_hover&quot;:{&quot;unit&quot;:&quot;px&quot;,&quot;size&quot;:&quot;&quot;,&quot;sizes&quot;:[]},&quot;_transform_scaleY_effect_hover_tablet&quot;:{&quot;unit&quot;:&quot;px&quot;,&quot;size&quot;:&quot;&quot;,&quot;sizes&quot;:[]},&quot;_transform_scaleY_effect_hover_mobile&quot;:{&quot;unit&quot;:&quot;px&quot;,&quot;size&quot;:&quot;&quot;,&quot;sizes&quot;:[]}}\" data-widget_type=\"posts.classic\">\n\t\t\t\t<div class=\"elementor-widget-container\">\n\t\t\t\t\t\t\t<div class=\"elementor-posts-container elementor-posts elementor-posts--skin-classic elementor-grid\" role=\"list\">\n\t\t\t\t<article class=\"elementor-post elementor-grid-item post-19394 post type-post status-publish format-standard has-post-thumbnail hentry category-blog category-llm\" role=\"listitem\">\n\t\t\t\t<a class=\"elementor-post__thumbnail__link\" href=\"https:\/\/test.tilde.ai\/lv\/blog\/human-level-ai-scientific-breakthroughs\/\" tabindex=\"-1\" >\n\t\t\t<div class=\"elementor-post__thumbnail\"><img fetchpriority=\"high\" decoding=\"async\" width=\"800\" height=\"476\" src=\"https:\/\/test.tilde.ai\/wp-content\/uploads\/2025\/06\/Jurgita_blogam.jpg\" class=\"attachment-large size-large wp-image-19397\" alt=\"Jurgita Kapo\u010di\u016bte-Dzikiene\" srcset=\"https:\/\/test.tilde.ai\/wp-content\/uploads\/2025\/06\/Jurgita_blogam.jpg 800w, https:\/\/test.tilde.ai\/wp-content\/uploads\/2025\/06\/Jurgita_blogam-300x179.jpg 300w, https:\/\/test.tilde.ai\/wp-content\/uploads\/2025\/06\/Jurgita_blogam-768x457.jpg 768w, https:\/\/test.tilde.ai\/wp-content\/uploads\/2025\/06\/Jurgita_blogam-18x12.jpg 18w\" sizes=\"(max-width: 800px) 100vw, 800px\" \/><\/div>\n\t\t<\/a>\n\t\t\t\t<div class=\"elementor-post__text\">\n\t\t\t\t<h3 class=\"elementor-post__title\">\n\t\t\t<a href=\"https:\/\/test.tilde.ai\/lv\/blog\/human-level-ai-scientific-breakthroughs\/\" >\n\t\t\t\tCilv\u0113ka l\u012bme\u0146a MI: k\u0101di ir zin\u0101tnes atkl\u0101jumi?\u00a0\t\t\t<\/a>\n\t\t<\/h3>\n\t\t\t\t<div class=\"elementor-post__meta-data\">\n\t\t\t\t\t<span class=\"elementor-post-date\">\n\t\t\t18 j\u016bnijs, 2025\t\t<\/span>\n\t\t\t\t<\/div>\n\t\t\t\t<\/div>\n\t\t\t\t<\/article>\n\t\t\t\t<article class=\"elementor-post elementor-grid-item post-18979 post type-post status-publish format-standard has-post-thumbnail hentry category-blog category-llm\" role=\"listitem\">\n\t\t\t\t<a class=\"elementor-post__thumbnail__link\" href=\"https:\/\/test.tilde.ai\/lv\/blog\/going-beyond-simple-rag\/\" tabindex=\"-1\" >\n\t\t\t<div class=\"elementor-post__thumbnail\"><img decoding=\"async\" width=\"800\" height=\"477\" src=\"https:\/\/test.tilde.ai\/wp-content\/uploads\/2025\/05\/Marcis_blogam-1-1024x610.png\" class=\"attachment-large size-large wp-image-18980\" alt=\"Titulbilde wihth M\u0101rcis Pinnis\" srcset=\"https:\/\/test.tilde.ai\/wp-content\/uploads\/2025\/05\/Marcis_blogam-1-1024x610.png 1024w, https:\/\/test.tilde.ai\/wp-content\/uploads\/2025\/05\/Marcis_blogam-1-300x179.png 300w, https:\/\/test.tilde.ai\/wp-content\/uploads\/2025\/05\/Marcis_blogam-1-768x457.png 768w, https:\/\/test.tilde.ai\/wp-content\/uploads\/2025\/05\/Marcis_blogam-1-1536x914.png 1536w, https:\/\/test.tilde.ai\/wp-content\/uploads\/2025\/05\/Marcis_blogam-1-18x12.png 18w, https:\/\/test.tilde.ai\/wp-content\/uploads\/2025\/05\/Marcis_blogam-1.png 1596w\" sizes=\"(max-width: 800px) 100vw, 800px\" \/><\/div>\n\t\t<\/a>\n\t\t\t\t<div class=\"elementor-post__text\">\n\t\t\t\t<h3 class=\"elementor-post__title\">\n\t\t\t<a href=\"https:\/\/test.tilde.ai\/lv\/blog\/going-beyond-simple-rag\/\" >\n\t\t\t\tK\u0101 sasniegt vair\u0101k par vienk\u0101r\u0161u izguves papildin\u0101tu \u0123ener\u0113\u0161anu\u00a0\t\t\t<\/a>\n\t\t<\/h3>\n\t\t\t\t<div class=\"elementor-post__meta-data\">\n\t\t\t\t\t<span class=\"elementor-post-date\">\n\t\t\t14 maijs, 2025\t\t<\/span>\n\t\t\t\t<\/div>\n\t\t\t\t<\/div>\n\t\t\t\t<\/article>\n\t\t\t\t<article class=\"elementor-post elementor-grid-item post-18159 post type-post status-publish format-standard has-post-thumbnail hentry category-blog category-llm\" role=\"listitem\">\n\t\t\t\t<a class=\"elementor-post__thumbnail__link\" href=\"https:\/\/test.tilde.ai\/lv\/blog\/the-race-of-ai-models\/\" tabindex=\"-1\" >\n\t\t\t<div class=\"elementor-post__thumbnail\"><img decoding=\"async\" width=\"800\" height=\"477\" src=\"https:\/\/test.tilde.ai\/wp-content\/uploads\/2025\/02\/Jurgita_blogam-1024x610.png\" class=\"attachment-large size-large wp-image-18164\" alt=\"Titulatt\u0113ls ar Dr. Jurgitu Kapo\u010di\u016bt\u0117-Dzikien\u0117\" srcset=\"https:\/\/test.tilde.ai\/wp-content\/uploads\/2025\/02\/Jurgita_blogam-1024x610.png 1024w, https:\/\/test.tilde.ai\/wp-content\/uploads\/2025\/02\/Jurgita_blogam-300x179.png 300w, https:\/\/test.tilde.ai\/wp-content\/uploads\/2025\/02\/Jurgita_blogam-768x457.png 768w, https:\/\/test.tilde.ai\/wp-content\/uploads\/2025\/02\/Jurgita_blogam-1536x914.png 1536w, https:\/\/test.tilde.ai\/wp-content\/uploads\/2025\/02\/Jurgita_blogam-18x12.png 18w, https:\/\/test.tilde.ai\/wp-content\/uploads\/2025\/02\/Jurgita_blogam.png 1596w\" sizes=\"(max-width: 800px) 100vw, 800px\" \/><\/div>\n\t\t<\/a>\n\t\t\t\t<div class=\"elementor-post__text\">\n\t\t\t\t<h3 class=\"elementor-post__title\">\n\t\t\t<a href=\"https:\/\/test.tilde.ai\/lv\/blog\/the-race-of-ai-models\/\" >\n\t\t\t\tMI sacens\u012bbas: k\u0101 maz\u0101k\u0101s valodas tiek l\u012bdzi?\u00a0\t\t\t<\/a>\n\t\t<\/h3>\n\t\t\t\t<div class=\"elementor-post__meta-data\">\n\t\t\t\t\t<span class=\"elementor-post-date\">\n\t\t\t4 febru\u0101ris, 2025\t\t<\/span>\n\t\t\t\t<\/div>\n\t\t\t\t<\/div>\n\t\t\t\t<\/article>\n\t\t\t\t<article class=\"elementor-post elementor-grid-item post-18127 post type-post status-publish format-standard has-post-thumbnail hentry category-blog\" role=\"listitem\">\n\t\t\t\t<a class=\"elementor-post__thumbnail__link\" href=\"https:\/\/test.tilde.ai\/lv\/blog\/what-public-administration-aspects-are-holding-ai-integration-back\/\" tabindex=\"-1\" >\n\t\t\t<div class=\"elementor-post__thumbnail\"><img loading=\"lazy\" decoding=\"async\" width=\"800\" height=\"480\" src=\"https:\/\/test.tilde.ai\/wp-content\/uploads\/2025\/01\/Article_4-1024x614.png\" class=\"attachment-large size-large wp-image-18128\" alt=\"Virsraksta att\u0113ls ar Giedrius un Vytautas\" srcset=\"https:\/\/test.tilde.ai\/wp-content\/uploads\/2025\/01\/Article_4-1024x614.png 1024w, https:\/\/test.tilde.ai\/wp-content\/uploads\/2025\/01\/Article_4-300x180.png 300w, https:\/\/test.tilde.ai\/wp-content\/uploads\/2025\/01\/Article_4-768x461.png 768w, https:\/\/test.tilde.ai\/wp-content\/uploads\/2025\/01\/Article_4-1536x922.png 1536w, https:\/\/test.tilde.ai\/wp-content\/uploads\/2025\/01\/Article_4-2048x1229.png 2048w, https:\/\/test.tilde.ai\/wp-content\/uploads\/2025\/01\/Article_4-18x12.png 18w\" sizes=\"(max-width: 800px) 100vw, 800px\" \/><\/div>\n\t\t<\/a>\n\t\t\t\t<div class=\"elementor-post__text\">\n\t\t\t\t<h3 class=\"elementor-post__title\">\n\t\t\t<a href=\"https:\/\/test.tilde.ai\/lv\/blog\/what-public-administration-aspects-are-holding-ai-integration-back\/\" >\n\t\t\t\tTildes un biju\u0161\u0101 ministra saruna: k\u0101di politikas un valsts p\u0101rvaldes aspekti kav\u0113 m\u0101ksl\u012bg\u0101 intelekta integr\u0101ciju?\u00a0\u00a0\t\t\t<\/a>\n\t\t<\/h3>\n\t\t\t\t<div class=\"elementor-post__meta-data\">\n\t\t\t\t\t<span class=\"elementor-post-date\">\n\t\t\t30 janv\u0101ris, 2025\t\t<\/span>\n\t\t\t\t<\/div>\n\t\t\t\t<\/div>\n\t\t\t\t<\/article>\n\t\t\t\t<article class=\"elementor-post elementor-grid-item post-18029 post type-post status-publish format-standard has-post-thumbnail hentry category-blog category-llm\" role=\"listitem\">\n\t\t\t\t<a class=\"elementor-post__thumbnail__link\" href=\"https:\/\/test.tilde.ai\/lv\/blog\/the-llm-data-dilemma\/\" tabindex=\"-1\" >\n\t\t\t<div class=\"elementor-post__thumbnail\"><img loading=\"lazy\" decoding=\"async\" width=\"800\" height=\"477\" src=\"https:\/\/test.tilde.ai\/wp-content\/uploads\/2025\/01\/Toma_blogam_3-min-1024x610.png\" class=\"attachment-large size-large wp-image-18061\" alt=\"\" srcset=\"https:\/\/test.tilde.ai\/wp-content\/uploads\/2025\/01\/Toma_blogam_3-min-1024x610.png 1024w, https:\/\/test.tilde.ai\/wp-content\/uploads\/2025\/01\/Toma_blogam_3-min-300x179.png 300w, https:\/\/test.tilde.ai\/wp-content\/uploads\/2025\/01\/Toma_blogam_3-min-768x457.png 768w, https:\/\/test.tilde.ai\/wp-content\/uploads\/2025\/01\/Toma_blogam_3-min-1536x914.png 1536w, https:\/\/test.tilde.ai\/wp-content\/uploads\/2025\/01\/Toma_blogam_3-min-18x12.png 18w, https:\/\/test.tilde.ai\/wp-content\/uploads\/2025\/01\/Toma_blogam_3-min.png 1596w\" sizes=\"(max-width: 800px) 100vw, 800px\" \/><\/div>\n\t\t<\/a>\n\t\t\t\t<div class=\"elementor-post__text\">\n\t\t\t\t<h3 class=\"elementor-post__title\">\n\t\t\t<a href=\"https:\/\/test.tilde.ai\/lv\/blog\/the-llm-data-dilemma\/\" >\n\t\t\t\tLVM datu dilemma: samazgu&nbsp;oke\u0101ns vai piliens zelta?\u00a0\t\t\t<\/a>\n\t\t<\/h3>\n\t\t\t\t<div class=\"elementor-post__meta-data\">\n\t\t\t\t\t<span class=\"elementor-post-date\">\n\t\t\t22 janv\u0101ris, 2025\t\t<\/span>\n\t\t\t\t<\/div>\n\t\t\t\t<\/div>\n\t\t\t\t<\/article>\n\t\t\t\t<article class=\"elementor-post elementor-grid-item post-17956 post type-post status-publish format-standard has-post-thumbnail hentry category-blog\" role=\"listitem\">\n\t\t\t\t<a class=\"elementor-post__thumbnail__link\" href=\"https:\/\/test.tilde.ai\/lv\/blog\/domino-e-virtual-assistant\/\" tabindex=\"-1\" >\n\t\t\t<div class=\"elementor-post__thumbnail\"><img loading=\"lazy\" decoding=\"async\" width=\"800\" height=\"534\" src=\"https:\/\/test.tilde.ai\/wp-content\/uploads\/2024\/12\/spacecraft-launching-into-vast-expanse-space-carrying-scientific-instruments-min-1024x683.jpg\" class=\"attachment-large size-large wp-image-17962\" alt=\"Virsraksta att\u0113ls ar satel\u012btu un plan\u0113tu Zeme\" srcset=\"https:\/\/test.tilde.ai\/wp-content\/uploads\/2024\/12\/spacecraft-launching-into-vast-expanse-space-carrying-scientific-instruments-min-1024x683.jpg 1024w, https:\/\/test.tilde.ai\/wp-content\/uploads\/2024\/12\/spacecraft-launching-into-vast-expanse-space-carrying-scientific-instruments-min-300x200.jpg 300w, https:\/\/test.tilde.ai\/wp-content\/uploads\/2024\/12\/spacecraft-launching-into-vast-expanse-space-carrying-scientific-instruments-min-768x512.jpg 768w, https:\/\/test.tilde.ai\/wp-content\/uploads\/2024\/12\/spacecraft-launching-into-vast-expanse-space-carrying-scientific-instruments-min-1536x1024.jpg 1536w, https:\/\/test.tilde.ai\/wp-content\/uploads\/2024\/12\/spacecraft-launching-into-vast-expanse-space-carrying-scientific-instruments-min-2048x1365.jpg 2048w, https:\/\/test.tilde.ai\/wp-content\/uploads\/2024\/12\/spacecraft-launching-into-vast-expanse-space-carrying-scientific-instruments-min-18x12.jpg 18w\" sizes=\"(max-width: 800px) 100vw, 800px\" \/><\/div>\n\t\t<\/a>\n\t\t\t\t<div class=\"elementor-post__text\">\n\t\t\t\t<h3 class=\"elementor-post__title\">\n\t\t\t<a href=\"https:\/\/test.tilde.ai\/lv\/blog\/domino-e-virtual-assistant\/\" >\n\t\t\t\tVirtu\u0101lais asistents b\u016bv\u0113 tiltu starp Zemes nov\u0113ro\u0161anas tehnolo\u0123ij\u0101m un lietot\u0101ju vajadz\u012bb\u0101m\u00a0\t\t\t<\/a>\n\t\t<\/h3>\n\t\t\t\t<div class=\"elementor-post__meta-data\">\n\t\t\t\t\t<span class=\"elementor-post-date\">\n\t\t\t7 janv\u0101ris, 2025\t\t<\/span>\n\t\t\t\t<\/div>\n\t\t\t\t<\/div>\n\t\t\t\t<\/article>\n\t\t\t\t<article class=\"elementor-post elementor-grid-item post-17846 post type-post status-publish format-standard has-post-thumbnail hentry category-blog\" role=\"listitem\">\n\t\t\t\t<a class=\"elementor-post__thumbnail__link\" href=\"https:\/\/test.tilde.ai\/lv\/blog\/do-estonians-hate-chatbots\/\" tabindex=\"-1\" >\n\t\t\t<div class=\"elementor-post__thumbnail\"><img loading=\"lazy\" decoding=\"async\" width=\"800\" height=\"450\" src=\"https:\/\/test.tilde.ai\/wp-content\/uploads\/2024\/11\/Labdien-Ka-varu-Jums-palidzet-2-1024x576.png\" class=\"attachment-large size-large wp-image-17854\" alt=\"Virsraksta att\u0113ls ar Tallinu, Igaunijas panor\u0101mas skats\" srcset=\"https:\/\/test.tilde.ai\/wp-content\/uploads\/2024\/11\/Labdien-Ka-varu-Jums-palidzet-2-1024x576.png 1024w, https:\/\/test.tilde.ai\/wp-content\/uploads\/2024\/11\/Labdien-Ka-varu-Jums-palidzet-2-300x169.png 300w, https:\/\/test.tilde.ai\/wp-content\/uploads\/2024\/11\/Labdien-Ka-varu-Jums-palidzet-2-768x432.png 768w, https:\/\/test.tilde.ai\/wp-content\/uploads\/2024\/11\/Labdien-Ka-varu-Jums-palidzet-2-18x10.png 18w, https:\/\/test.tilde.ai\/wp-content\/uploads\/2024\/11\/Labdien-Ka-varu-Jums-palidzet-2.png 1080w\" sizes=\"(max-width: 800px) 100vw, 800px\" \/><\/div>\n\t\t<\/a>\n\t\t\t\t<div class=\"elementor-post__text\">\n\t\t\t\t<h3 class=\"elementor-post__title\">\n\t\t\t<a href=\"https:\/\/test.tilde.ai\/lv\/blog\/do-estonians-hate-chatbots\/\" >\n\t\t\t\tVai igau\u0146i neieredz sarunbotus?\u00a0\t\t\t<\/a>\n\t\t<\/h3>\n\t\t\t\t<div class=\"elementor-post__meta-data\">\n\t\t\t\t\t<span class=\"elementor-post-date\">\n\t\t\t2024. gada 29. novembris\t\t<\/span>\n\t\t\t\t<\/div>\n\t\t\t\t<\/div>\n\t\t\t\t<\/article>\n\t\t\t\t<article class=\"elementor-post elementor-grid-item post-17731 post type-post status-publish format-standard has-post-thumbnail hentry category-blog\" role=\"listitem\">\n\t\t\t\t<a class=\"elementor-post__thumbnail__link\" href=\"https:\/\/test.tilde.ai\/lv\/blog\/ai-will-change-the-way-we-shop\/\" tabindex=\"-1\" >\n\t\t\t<div class=\"elementor-post__thumbnail\"><img loading=\"lazy\" decoding=\"async\" width=\"800\" height=\"480\" src=\"https:\/\/test.tilde.ai\/wp-content\/uploads\/2024\/11\/Article_3-min-1024x614.png\" class=\"attachment-large size-large wp-image-17734\" alt=\"Virsraksta att\u0113ls ar Giedrius un Rimantas\" srcset=\"https:\/\/test.tilde.ai\/wp-content\/uploads\/2024\/11\/Article_3-min-1024x614.png 1024w, https:\/\/test.tilde.ai\/wp-content\/uploads\/2024\/11\/Article_3-min-300x180.png 300w, https:\/\/test.tilde.ai\/wp-content\/uploads\/2024\/11\/Article_3-min-768x461.png 768w, https:\/\/test.tilde.ai\/wp-content\/uploads\/2024\/11\/Article_3-min-1536x922.png 1536w, https:\/\/test.tilde.ai\/wp-content\/uploads\/2024\/11\/Article_3-min-2048x1229.png 2048w, https:\/\/test.tilde.ai\/wp-content\/uploads\/2024\/11\/Article_3-min-18x12.png 18w\" sizes=\"(max-width: 800px) 100vw, 800px\" \/><\/div>\n\t\t<\/a>\n\t\t\t\t<div class=\"elementor-post__text\">\n\t\t\t\t<h3 class=\"elementor-post__title\">\n\t\t\t<a href=\"https:\/\/test.tilde.ai\/lv\/blog\/ai-will-change-the-way-we-shop\/\" >\n\t\t\t\tTildes un Strongpoint ekspertu saruna: MI b\u016btiski main\u012bs m\u016bsu iepirk\u0161an\u0101s stilu\u00a0\t\t\t<\/a>\n\t\t<\/h3>\n\t\t\t\t<div class=\"elementor-post__meta-data\">\n\t\t\t\t\t<span class=\"elementor-post-date\">\n\t\t\t2024. gada 19. novembris\t\t<\/span>\n\t\t\t\t<\/div>\n\t\t\t\t<\/div>\n\t\t\t\t<\/article>\n\t\t\t\t<article class=\"elementor-post elementor-grid-item post-17474 post type-post status-publish format-standard has-post-thumbnail hentry category-blog\" role=\"listitem\">\n\t\t\t\t<a class=\"elementor-post__thumbnail__link\" href=\"https:\/\/test.tilde.ai\/lv\/blog\/there-will-be-no-single-superintelligence\/\" tabindex=\"-1\" >\n\t\t\t<div class=\"elementor-post__thumbnail\"><img loading=\"lazy\" decoding=\"async\" width=\"800\" height=\"600\" src=\"https:\/\/test.tilde.ai\/wp-content\/uploads\/2024\/11\/connecting-lines-dots-with-floating-particles-min-1024x768.jpg\" class=\"attachment-large size-large wp-image-17490\" alt=\"Virsraksta att\u0113ls ar MI neironiem uz zila fona\" srcset=\"https:\/\/test.tilde.ai\/wp-content\/uploads\/2024\/11\/connecting-lines-dots-with-floating-particles-min-1024x768.jpg 1024w, https:\/\/test.tilde.ai\/wp-content\/uploads\/2024\/11\/connecting-lines-dots-with-floating-particles-min-300x225.jpg 300w, https:\/\/test.tilde.ai\/wp-content\/uploads\/2024\/11\/connecting-lines-dots-with-floating-particles-min-768x576.jpg 768w, https:\/\/test.tilde.ai\/wp-content\/uploads\/2024\/11\/connecting-lines-dots-with-floating-particles-min-1536x1152.jpg 1536w, https:\/\/test.tilde.ai\/wp-content\/uploads\/2024\/11\/connecting-lines-dots-with-floating-particles-min-2048x1536.jpg 2048w, https:\/\/test.tilde.ai\/wp-content\/uploads\/2024\/11\/connecting-lines-dots-with-floating-particles-min-16x12.jpg 16w\" sizes=\"(max-width: 800px) 100vw, 800px\" \/><\/div>\n\t\t<\/a>\n\t\t\t\t<div class=\"elementor-post__text\">\n\t\t\t\t<h3 class=\"elementor-post__title\">\n\t\t\t<a href=\"https:\/\/test.tilde.ai\/lv\/blog\/there-will-be-no-single-superintelligence\/\" >\n\t\t\t\tMI zin\u0101tne piedz\u012bvo lielas p\u0101rmai\u0146as: neb\u016bs vienota superintelekta\u00a0\t\t\t<\/a>\n\t\t<\/h3>\n\t\t\t\t<div class=\"elementor-post__meta-data\">\n\t\t\t\t\t<span class=\"elementor-post-date\">\n\t\t\t2024. gada 6. novembris\t\t<\/span>\n\t\t\t\t<\/div>\n\t\t\t\t<\/div>\n\t\t\t\t<\/article>\n\t\t\t\t<\/div>\n\t\t\t\t\t<span class=\"e-load-more-spinner\">\n\t\t\t\t<svg aria-hidden=\"true\" class=\"e-font-icon-svg e-fas-spinner\" viewbox=\"0 0 512 512\" xmlns=\"http:\/\/www.w3.org\/2000\/svg\"><path d=\"M304 48c0 26.51-21.49 48-48 48s-48-21.49-48-48 21.49-48 48-48 48 21.49 48 48zm-48 368c-26.51 0-48 21.49-48 48s21.49 48 48 48 48-21.49 48-48-21.49-48-48-48zm208-208c-26.51 0-48 21.49-48 48s21.49 48 48 48 48-21.49 48-48-21.49-48-48-48zM96 256c0-26.51-21.49-48-48-48S0 229.49 0 256s21.49 48 48 48 48-21.49 48-48zm12.922 99.078c-26.51 0-48 21.49-48 48s21.49 48 48 48 48-21.49 48-48c0-26.509-21.491-48-48-48zm294.156 0c-26.51 0-48 21.49-48 48s21.49 48 48 48 48-21.49 48-48c0-26.509-21.49-48-48-48zM108.922 60.922c-26.51 0-48 21.49-48 48s21.49 48 48 48 48-21.49 48-48-21.491-48-48-48z\"><\/path><\/svg>\t\t\t<\/span>\n\t\t\n\t\t\t\t<div class=\"e-load-more-anchor\" data-page=\"1\" data-max-page=\"5\" data-next-page=\"https:\/\/test.tilde.ai\/lv\/wp-json\/wp\/v2\/pages\/22133\/page\/2\/\"><\/div>\n\t\t\t\t<div class=\"elementor-button-wrapper\">\n\t\t\t<a class=\"elementor-button elementor-size-sm\" role=\"button\">\n\t\t\t\t\t\t<span class=\"elementor-button-content-wrapper\">\n\t\t\t\t\t\t\t\t\t<span class=\"elementor-button-text\">Iel\u0101d\u0113t vair\u0101k<\/span>\n\t\t\t\t\t<\/span>\n\t\t\t\t\t<\/a>\n\t\t<\/div>\n\t\t\t\t<div class=\"e-load-more-message\">Te vairs nek\u0101 neredzama. Pagaid\u0101m...<\/div>\n\t\t\t\t\t\t<\/div>\n\t\t\t\t<\/div>\n\t\t\t\t\t<\/div>\n\t\t\t\t<\/div>\n\t\t\t\t<\/div>\n\t\t<\/div>\n\t\t\t\t\t\t<\/div>\n\t\t\t\t\t<\/div>\n\t\t\t\t<\/div>\n\t\t\t\t<\/div>","protected":false},"excerpt":{"rendered":"","protected":false},"author":22,"featured_media":0,"parent":0,"menu_order":0,"comment_status":"closed","ping_status":"closed","template":"","meta":{"footnotes":""},"class_list":["post-22133","page","type-page","status-publish","hentry"],"_links":{"self":[{"href":"https:\/\/test.tilde.ai\/lv\/wp-json\/wp\/v2\/pages\/22133","targetHints":{"allow":["GET"]}}],"collection":[{"href":"https:\/\/test.tilde.ai\/lv\/wp-json\/wp\/v2\/pages"}],"about":[{"href":"https:\/\/test.tilde.ai\/lv\/wp-json\/wp\/v2\/types\/page"}],"author":[{"embeddable":true,"href":"https:\/\/test.tilde.ai\/lv\/wp-json\/wp\/v2\/users\/22"}],"replies":[{"embeddable":true,"href":"https:\/\/test.tilde.ai\/lv\/wp-json\/wp\/v2\/comments?post=22133"}],"version-history":[{"count":0,"href":"https:\/\/test.tilde.ai\/lv\/wp-json\/wp\/v2\/pages\/22133\/revisions"}],"wp:attachment":[{"href":"https:\/\/test.tilde.ai\/lv\/wp-json\/wp\/v2\/media?parent=22133"}],"curies":[{"name":"wp","href":"https:\/\/api.w.org\/{rel}","templated":true}]}}