{"id":13868,"date":"2024-05-27T12:17:11","date_gmt":"2024-05-27T12:17:11","guid":{"rendered":"https:\/\/test.tilde.ai\/?page_id=13868"},"modified":"2025-11-18T21:51:04","modified_gmt":"2025-11-18T19:51:04","slug":"features","status":"publish","type":"page","link":"https:\/\/test.tilde.ai\/lv\/enterprise-assistant\/features\/","title":{"rendered":"Visas funkcijas enterprise assistant"},"content":{"rendered":"<div data-elementor-type=\"wp-page\" data-elementor-id=\"13868\" class=\"elementor elementor-13868\" data-elementor-post-type=\"page\">\n\t\t\t\t<div class=\"elementor-element elementor-element-71e5fa35 animated-slow sticky-sub-nav e-flex e-con-boxed e-con e-parent\" data-id=\"71e5fa35\" data-element_type=\"container\" data-e-type=\"container\" data-settings=\"{&quot;background_background&quot;:&quot;classic&quot;,&quot;sticky&quot;:&quot;top&quot;,&quot;animation&quot;:&quot;none&quot;,&quot;sticky_on&quot;:[&quot;desktop&quot;,&quot;tablet&quot;,&quot;mobile&quot;],&quot;sticky_offset&quot;:0,&quot;sticky_effects_offset&quot;:0,&quot;sticky_anchor_link_offset&quot;:0}\">\n\t\t\t\t\t<div class=\"e-con-inner\">\n\t\t<div class=\"elementor-element elementor-element-36f5058d e-con-full e-flex e-con e-child\" data-id=\"36f5058d\" data-element_type=\"container\" data-e-type=\"container\">\n\t\t<div class=\"elementor-element elementor-element-9a5c304 e-con-full e-flex e-con e-child\" data-id=\"9a5c304\" data-element_type=\"container\" data-e-type=\"container\">\n\t\t\t\t<div class=\"elementor-element elementor-element-b03c1c2 elementor-widget-mobile__width-auto elementor-widget elementor-widget-image\" data-id=\"b03c1c2\" data-element_type=\"widget\" data-e-type=\"widget\" data-widget_type=\"image.default\">\n\t\t\t\t\t\t\t\t\t\t\t\t\t\t\t<img decoding=\"async\" width=\"40\" height=\"40\" src=\"https:\/\/test.tilde.ai\/wp-content\/uploads\/2024\/05\/Icon_Tilde_MT_2.svg\" class=\"attachment-large size-large wp-image-12206\" alt=\"Icon_tilde_mt\" \/>\t\t\t\t\t\t\t\t\t\t\t\t\t\t\t<\/div>\n\t\t\t\t<div class=\"elementor-element elementor-element-4c2a58c elementor-widget-mobile__width-auto elementor-widget elementor-widget-heading\" data-id=\"4c2a58c\" data-element_type=\"widget\" data-e-type=\"widget\" data-widget_type=\"heading.default\">\n\t\t\t\t\t<span class=\"elementor-heading-title elementor-size-default\"><a href=\"https:\/\/test.tilde.ai\/lv\/machine-translation\/features\/\">Enterprise Assistant<\/a><\/span>\t\t\t\t<\/div>\n\t\t\t\t<\/div>\n\t\t\t\t<\/div>\n\t\t<div class=\"elementor-element elementor-element-5d1d8ae0 e-con-full elementor-hidden-mobile e-flex e-con e-child\" data-id=\"5d1d8ae0\" data-element_type=\"container\" data-e-type=\"container\">\n\t\t\t\t<div class=\"elementor-element elementor-element-258af900 elementor-widget elementor-widget-button\" data-id=\"258af900\" data-element_type=\"widget\" data-e-type=\"widget\" data-widget_type=\"button.default\">\n\t\t\t\t\t\t\t\t\t\t<a class=\"elementor-button elementor-button-link elementor-size-sm\" href=\"https:\/\/test.tilde.ai\/lv\/contact-us\/\">\n\t\t\t\t\t\t<span class=\"elementor-button-content-wrapper\">\n\t\t\t\t\t\t\t\t\t<span class=\"elementor-button-text\">Piepras\u012bt demonstr\u0101ciju<\/span>\n\t\t\t\t\t<\/span>\n\t\t\t\t\t<\/a>\n\t\t\t\t\t\t\t\t<\/div>\n\t\t\t\t<\/div>\n\t\t\t\t<div class=\"elementor-element elementor-element-86997b2 elementor-hidden-desktop sticky-nav-dropdown elementor-widget elementor-widget-n-accordion\" data-id=\"86997b2\" data-element_type=\"widget\" data-e-type=\"widget\" data-settings=\"{&quot;default_state&quot;:&quot;all_collapsed&quot;,&quot;max_items_expended&quot;:&quot;one&quot;,&quot;n_accordion_animation_duration&quot;:{&quot;unit&quot;:&quot;ms&quot;,&quot;size&quot;:400,&quot;sizes&quot;:[]}}\" data-widget_type=\"nested-accordion.default\">\n\t\t\t\t\t\t\t<div class=\"e-n-accordion\" aria-label=\"izv\u0113lne. Atveriet saites ar Enter vai atstarpes tausti\u0146u, aizveriet ar Escape un p\u0101rvietojieties tekst\u0101 ar bulttausti\u0146iem\">\n\t\t\t\t\t\t<details id=\"sticky-nav-accordion-item\" class=\"e-n-accordion-item\" >\n\t\t\t\t<summary class=\"e-n-accordion-item-title\" data-accordion-index=\"1\" tabindex=\"0\" aria-expanded=\"false\" aria-controls=\"sticky-nav-accordion-item\" >\n\t\t\t\t\t<span class='e-n-accordion-item-title-header'><div class=\"e-n-accordion-item-title-text\">  <\/div><\/span>\n\t\t\t\t\t\t\t<span class='e-n-accordion-item-title-icon'>\n\t\t\t<span class='e-opened' ><svg xmlns=\"http:\/\/www.w3.org\/2000\/svg\" width=\"20\" height=\"14\" viewbox=\"0 0 20 14\" fill=\"none\"><path d=\"M2.80235e-08 10.8248L2.35 13.1748L10 5.54147L17.65 13.1748L20 10.8248L10 0.824804L2.80235e-08 10.8248Z\" fill=\"black\"><\/path><\/svg><\/span>\n\t\t\t<span class='e-closed'><svg xmlns=\"http:\/\/www.w3.org\/2000\/svg\" width=\"20\" height=\"14\" viewbox=\"0 0 20 14\" fill=\"none\"><path d=\"M20 3.1752L17.65 0.825195L10 8.45853L2.35 0.825195L-1.02722e-07 3.1752L10 13.1752L20 3.1752Z\" fill=\"black\"><\/path><\/svg><\/span>\n\t\t<\/span>\n\n\t\t\t\t\t\t<\/summary>\n\t\t\t\t<div role=\"region\" aria-labelledby=\"sticky-nav-accordion-item\" class=\"elementor-element elementor-element-bcb95ca e-con-full e-flex e-con e-child\" data-id=\"bcb95ca\" data-element_type=\"container\" data-e-type=\"container\">\n\t\t\t\t<div class=\"elementor-element elementor-element-3ba961b elementor-widget elementor-widget-button\" data-id=\"3ba961b\" data-element_type=\"widget\" data-e-type=\"widget\" data-widget_type=\"button.default\">\n\t\t\t\t\t\t\t\t\t\t<a class=\"elementor-button elementor-button-link elementor-size-xs\" href=\"\/lv\/question-answering-system\/features\/\">\n\t\t\t\t\t\t<span class=\"elementor-button-content-wrapper\">\n\t\t\t\t\t\t\t\t\t<span class=\"elementor-button-text\">Funkcijas<\/span>\n\t\t\t\t\t<\/span>\n\t\t\t\t\t<\/a>\n\t\t\t\t\t\t\t\t<\/div>\n\t\t<div role=\"region\" aria-labelledby=\"sticky-nav-accordion-item\" class=\"elementor-element elementor-element-8ce04cd e-con-full btn-wrap e-flex e-con e-child\" data-id=\"8ce04cd\" data-element_type=\"container\" data-e-type=\"container\">\n\t\t\t\t<div class=\"elementor-element elementor-element-168779a elementor-widget__width-auto elementor-widget elementor-widget-button\" data-id=\"168779a\" data-element_type=\"widget\" data-e-type=\"widget\" data-widget_type=\"button.default\">\n\t\t\t\t\t\t\t\t\t\t<a class=\"elementor-button elementor-button-link elementor-size-sm\" href=\"http:\/\/contact-us-2\">\n\t\t\t\t\t\t<span class=\"elementor-button-content-wrapper\">\n\t\t\t\t\t\t\t\t\t<span class=\"elementor-button-text\">Sazin\u0101ties ar mums<\/span>\n\t\t\t\t\t<\/span>\n\t\t\t\t\t<\/a>\n\t\t\t\t\t\t\t\t<\/div>\n\t\t\t\t<\/div>\n\t\t\t\t<\/div>\n\t\t\t\t\t<\/details>\n\t\t\t\t\t<\/div>\n\t\t\t\t\t\t<\/div>\n\t\t\t\t\t<\/div>\n\t\t\t\t<\/div>\n\t\t<div class=\"elementor-element elementor-element-a11d18e e-flex e-con-boxed e-con e-parent\" data-id=\"a11d18e\" data-element_type=\"container\" data-e-type=\"container\" data-settings=\"{&quot;background_background&quot;:&quot;classic&quot;}\">\n\t\t\t\t\t<div class=\"e-con-inner\">\n\t\t\t\t<div class=\"elementor-element elementor-element-0bae933 elementor-widget elementor-widget-heading\" data-id=\"0bae933\" data-element_type=\"widget\" data-e-type=\"widget\" data-widget_type=\"heading.default\">\n\t\t\t\t\t<h2 class=\"elementor-heading-title elementor-size-default\">TILDES ENTERPRISE ASSISTANT FUNKCIJAS<\/h2>\t\t\t\t<\/div>\n\t\t\t\t<div class=\"elementor-element elementor-element-fef9ce3 elementor-widget__width-auto elementor-widget-tablet__width-inherit elementor-widget elementor-widget-heading\" data-id=\"fef9ce3\" data-element_type=\"widget\" data-e-type=\"widget\" data-widget_type=\"heading.default\">\n\t\t\t\t\t<h1 class=\"elementor-heading-title elementor-size-default\">Izaudziniet savu iek\u0161\u0113jo inform\u0101cijas pal\u012bgu<\/h1>\t\t\t\t<\/div>\n\t\t<div class=\"elementor-element elementor-element-f50e74c e-grid e-con-full e-con e-child\" data-id=\"f50e74c\" data-element_type=\"container\" data-e-type=\"container\">\n\t\t<div class=\"elementor-element elementor-element-d3fb5bb e-con-full e-flex e-con e-child\" data-id=\"d3fb5bb\" data-element_type=\"container\" data-e-type=\"container\" data-settings=\"{&quot;background_background&quot;:&quot;classic&quot;}\">\n\t\t<div class=\"elementor-element elementor-element-6f44009 e-flex e-con-boxed e-con e-child\" data-id=\"6f44009\" data-element_type=\"container\" data-e-type=\"container\">\n\t\t\t\t\t<div class=\"e-con-inner\">\n\t\t\t\t<div class=\"elementor-element elementor-element-23da6f7 elementor-widget elementor-widget-heading\" data-id=\"23da6f7\" data-element_type=\"widget\" data-e-type=\"widget\" data-widget_type=\"heading.default\">\n\t\t\t\t\t<h3 class=\"elementor-heading-title elementor-size-large\">Piel\u0101gojama zin\u0101\u0161anu b\u0101ze <\/h3>\t\t\t\t<\/div>\n\t\t\t\t\t<\/div>\n\t\t\t\t<\/div>\n\t\t\t\t<div class=\"elementor-element elementor-element-1599cf8 elementor-widget__width-inherit elementor-widget elementor-widget-text-editor\" data-id=\"1599cf8\" data-element_type=\"widget\" data-e-type=\"widget\" data-widget_type=\"text-editor.default\">\n\t\t\t\t\t\t\t\t\t<p>Zin\u0101\u0161anu b\u0101zes adapt\u0113\u0161ana j\u016bsu vajadz\u012bb\u0101m un viegla papildu inform\u0101cijas iek\u013cau\u0161ana.<\/p>\t\t\t\t\t\t\t\t<\/div>\n\t\t\t\t<\/div>\n\t\t<div class=\"elementor-element elementor-element-75996fa e-con-full e-flex e-con e-child\" data-id=\"75996fa\" data-element_type=\"container\" data-e-type=\"container\" data-settings=\"{&quot;background_background&quot;:&quot;classic&quot;}\">\n\t\t<div class=\"elementor-element elementor-element-bda94ef e-flex e-con-boxed e-con e-child\" data-id=\"bda94ef\" data-element_type=\"container\" data-e-type=\"container\">\n\t\t\t\t\t<div class=\"e-con-inner\">\n\t\t\t\t<div class=\"elementor-element elementor-element-281bec8 e-transform elementor-widget elementor-widget-heading\" data-id=\"281bec8\" data-element_type=\"widget\" data-e-type=\"widget\" data-settings=\"{&quot;_transform_translateX_effect&quot;:{&quot;unit&quot;:&quot;px&quot;,&quot;size&quot;:&quot;&quot;,&quot;sizes&quot;:[]},&quot;_transform_translateX_effect_tablet&quot;:{&quot;unit&quot;:&quot;px&quot;,&quot;size&quot;:&quot;&quot;,&quot;sizes&quot;:[]},&quot;_transform_translateX_effect_mobile&quot;:{&quot;unit&quot;:&quot;px&quot;,&quot;size&quot;:&quot;&quot;,&quot;sizes&quot;:[]},&quot;_transform_translateY_effect&quot;:{&quot;unit&quot;:&quot;px&quot;,&quot;size&quot;:&quot;&quot;,&quot;sizes&quot;:[]},&quot;_transform_translateY_effect_tablet&quot;:{&quot;unit&quot;:&quot;px&quot;,&quot;size&quot;:&quot;&quot;,&quot;sizes&quot;:[]},&quot;_transform_translateY_effect_mobile&quot;:{&quot;unit&quot;:&quot;px&quot;,&quot;size&quot;:&quot;&quot;,&quot;sizes&quot;:[]}}\" data-widget_type=\"heading.default\">\n\t\t\t\t\t<h3 class=\"elementor-heading-title elementor-size-large\">Kontekstu\u0101la semantisk\u0101 mekl\u0113\u0161ana <\/h3>\t\t\t\t<\/div>\n\t\t\t\t\t<\/div>\n\t\t\t\t<\/div>\n\t\t\t\t<div class=\"elementor-element elementor-element-fa827a0 elementor-widget__width-inherit elementor-widget elementor-widget-text-editor\" data-id=\"fa827a0\" data-element_type=\"widget\" data-e-type=\"widget\" data-widget_type=\"text-editor.default\">\n\t\t\t\t\t\t\t\t\t<p>Prec\u012bz\u0101ki rezult\u0101ti, mekl\u0113jot inform\u0101ciju p\u0113c konteksta, nevis tikai atsl\u0113gv\u0101rdiem.<\/p>\t\t\t\t\t\t\t\t<\/div>\n\t\t\t\t<\/div>\n\t\t<div class=\"elementor-element elementor-element-5a07cae e-con-full e-flex e-con e-child\" data-id=\"5a07cae\" data-element_type=\"container\" data-e-type=\"container\" data-settings=\"{&quot;background_background&quot;:&quot;classic&quot;}\">\n\t\t<div class=\"elementor-element elementor-element-a4f298b e-flex e-con-boxed e-con e-child\" data-id=\"a4f298b\" data-element_type=\"container\" data-e-type=\"container\">\n\t\t\t\t\t<div class=\"e-con-inner\">\n\t\t\t\t<div class=\"elementor-element elementor-element-15bf932 elementor-widget elementor-widget-heading\" data-id=\"15bf932\" data-element_type=\"widget\" data-e-type=\"widget\" data-widget_type=\"heading.default\">\n\t\t\t\t\t<span class=\"elementor-heading-title elementor-size-large\">Daudzvalodu navig\u0101cija <\/span>\t\t\t\t<\/div>\n\t\t\t\t\t<\/div>\n\t\t\t\t<\/div>\n\t\t\t\t<div class=\"elementor-element elementor-element-35e59a0 elementor-widget__width-inherit elementor-widget elementor-widget-text-editor\" data-id=\"35e59a0\" data-element_type=\"widget\" data-e-type=\"widget\" data-widget_type=\"text-editor.default\">\n\t\t\t\t\t\t\t\t\tViegli piek\u013cuve inform\u0101cijai, kas pieejama vair\u0101k\u0101s valod\u0101s, un \u0113rta navig\u0101cija.\t\t\t\t\t\t\t\t<\/div>\n\t\t\t\t<\/div>\n\t\t<div class=\"elementor-element elementor-element-79700b1 e-con-full e-flex e-con e-child\" data-id=\"79700b1\" data-element_type=\"container\" data-e-type=\"container\" data-settings=\"{&quot;background_background&quot;:&quot;classic&quot;}\">\n\t\t<div class=\"elementor-element elementor-element-fcbcc88 e-flex e-con-boxed e-con e-child\" data-id=\"fcbcc88\" data-element_type=\"container\" data-e-type=\"container\">\n\t\t\t\t\t<div class=\"e-con-inner\">\n\t\t\t\t<div class=\"elementor-element elementor-element-11c9a32 elementor-widget elementor-widget-heading\" data-id=\"11c9a32\" data-element_type=\"widget\" data-e-type=\"widget\" data-widget_type=\"heading.default\">\n\t\t\t\t\t<span class=\"elementor-heading-title elementor-size-large\">Datu indeks\u0113\u0161ana <\/span>\t\t\t\t<\/div>\n\t\t\t\t\t<\/div>\n\t\t\t\t<\/div>\n\t\t\t\t<div class=\"elementor-element elementor-element-f28b903 elementor-widget__width-inherit elementor-widget elementor-widget-text-editor\" data-id=\"f28b903\" data-element_type=\"widget\" data-e-type=\"widget\" data-widget_type=\"text-editor.default\">\n\t\t\t\t\t\t\t\t\t<p>Tilde Enterprise Assistant efekt\u012bvi indeks\u0113 dokumentus, pamatojoties uz dokumentu saturu un metadatiem.<\/p>\t\t\t\t\t\t\t\t<\/div>\n\t\t\t\t<\/div>\n\t\t\t\t<\/div>\n\t\t<div class=\"elementor-element elementor-element-a10ff25 e-grid e-con-full e-con e-child\" data-id=\"a10ff25\" data-element_type=\"container\" data-e-type=\"container\">\n\t\t<div class=\"elementor-element elementor-element-a89e247 e-con-full e-flex e-con e-child\" data-id=\"a89e247\" data-element_type=\"container\" data-e-type=\"container\" data-settings=\"{&quot;background_background&quot;:&quot;classic&quot;}\">\n\t\t<div class=\"elementor-element elementor-element-551042f e-flex e-con-boxed e-con e-child\" data-id=\"551042f\" data-element_type=\"container\" data-e-type=\"container\">\n\t\t\t\t\t<div class=\"e-con-inner\">\n\t\t\t\t<div class=\"elementor-element elementor-element-82cb6d9 elementor-widget elementor-widget-heading\" data-id=\"82cb6d9\" data-element_type=\"widget\" data-e-type=\"widget\" data-widget_type=\"heading.default\">\n\t\t\t\t\t<span class=\"elementor-heading-title elementor-size-large\">Dabisk\u0101s valodas sapra\u0161ana<\/span>\t\t\t\t<\/div>\n\t\t\t\t\t<\/div>\n\t\t\t\t<\/div>\n\t\t\t\t<div class=\"elementor-element elementor-element-7a672bc elementor-widget__width-inherit elementor-widget elementor-widget-text-editor\" data-id=\"7a672bc\" data-element_type=\"widget\" data-e-type=\"widget\" data-widget_type=\"text-editor.default\">\n\t\t\t\t\t\t\t\t\t<p>Intuit\u012bv\u0101ka saskarsme un iesp\u0113ja lietot\u0101jiem uzdot jaut\u0101jumus vienk\u0101r\u0161\u0101 valod\u0101.<\/p>\t\t\t\t\t\t\t\t<\/div>\n\t\t\t\t<\/div>\n\t\t<div class=\"elementor-element elementor-element-49e2694 e-con-full e-flex e-con e-child\" data-id=\"49e2694\" data-element_type=\"container\" data-e-type=\"container\" data-settings=\"{&quot;background_background&quot;:&quot;classic&quot;}\">\n\t\t<div class=\"elementor-element elementor-element-d509f79 e-flex e-con-boxed e-con e-child\" data-id=\"d509f79\" data-element_type=\"container\" data-e-type=\"container\">\n\t\t\t\t\t<div class=\"e-con-inner\">\n\t\t\t\t<div class=\"elementor-element elementor-element-73aa5fd elementor-widget elementor-widget-heading\" data-id=\"73aa5fd\" data-element_type=\"widget\" data-e-type=\"widget\" data-widget_type=\"heading.default\">\n\t\t\t\t\t<span class=\"elementor-heading-title elementor-size-large\">Dinamiskas atbildes <\/span>\t\t\t\t<\/div>\n\t\t\t\t\t<\/div>\n\t\t\t\t<\/div>\n\t\t\t\t<div class=\"elementor-element elementor-element-414877c elementor-widget__width-inherit elementor-widget elementor-widget-text-editor\" data-id=\"414877c\" data-element_type=\"widget\" data-e-type=\"widget\" data-widget_type=\"text-editor.default\">\n\t\t\t\t\t\t\t\t\t<p>Kodol\u012bgu un vispus\u012bgu atbil\u017eu \u0123ener\u0113\u0161ama, izmantojot lielos valodas mode\u013cus.<\/p>\t\t\t\t\t\t\t\t<\/div>\n\t\t\t\t<\/div>\n\t\t<div class=\"elementor-element elementor-element-4c8cb86 e-con-full e-flex e-con e-child\" data-id=\"4c8cb86\" data-element_type=\"container\" data-e-type=\"container\" data-settings=\"{&quot;background_background&quot;:&quot;classic&quot;}\">\n\t\t<div class=\"elementor-element elementor-element-bdf092e e-flex e-con-boxed e-con e-child\" data-id=\"bdf092e\" data-element_type=\"container\" data-e-type=\"container\">\n\t\t\t\t\t<div class=\"e-con-inner\">\n\t\t\t\t<div class=\"elementor-element elementor-element-886d64f elementor-widget elementor-widget-heading\" data-id=\"886d64f\" data-element_type=\"widget\" data-e-type=\"widget\" data-widget_type=\"heading.default\">\n\t\t\t\t\t<span class=\"elementor-heading-title elementor-size-large\">Piek\u013cuves ties\u012bbu p\u0101rvald\u012bba  <\/span>\t\t\t\t<\/div>\n\t\t\t\t\t<\/div>\n\t\t\t\t<\/div>\n\t\t\t\t<div class=\"elementor-element elementor-element-7567fc8 elementor-widget__width-inherit elementor-widget elementor-widget-text-editor\" data-id=\"7567fc8\" data-element_type=\"widget\" data-e-type=\"widget\" data-widget_type=\"text-editor.default\">\n\t\t\t\t\t\t\t\t\t<p>Efekt\u012bva inform\u0101cijas piek\u013cuves p\u0101rvald\u012bba, iestatot lomas un at\u013caujas.<\/p>\t\t\t\t\t\t\t\t<\/div>\n\t\t\t\t<\/div>\n\t\t<div class=\"elementor-element elementor-element-1f4d69c e-con-full e-flex e-con e-child\" data-id=\"1f4d69c\" data-element_type=\"container\" data-e-type=\"container\" data-settings=\"{&quot;background_background&quot;:&quot;classic&quot;}\">\n\t\t<div class=\"elementor-element elementor-element-47171b9 e-flex e-con-boxed e-con e-child\" data-id=\"47171b9\" data-element_type=\"container\" data-e-type=\"container\">\n\t\t\t\t\t<div class=\"e-con-inner\">\n\t\t\t\t<div class=\"elementor-element elementor-element-e56eb57 elementor-widget elementor-widget-heading\" data-id=\"e56eb57\" data-element_type=\"widget\" data-e-type=\"widget\" data-widget_type=\"heading.default\">\n\t\t\t\t\t<span class=\"elementor-heading-title elementor-size-large\">Z\u012bmola platforma<\/span>\t\t\t\t<\/div>\n\t\t\t\t\t<\/div>\n\t\t\t\t<\/div>\n\t\t\t\t<div class=\"elementor-element elementor-element-aba0541 elementor-widget__width-inherit elementor-widget elementor-widget-text-editor\" data-id=\"aba0541\" data-element_type=\"widget\" data-e-type=\"widget\" data-widget_type=\"text-editor.default\">\n\t\t\t\t\t\t\t\t\t<p>Piel\u0101gota platformas saskarne, lai t\u0101 nevainojami atbilstu organiz\u0101cijas z\u012bmolam.\u00a0<\/p>\t\t\t\t\t\t\t\t<\/div>\n\t\t\t\t<\/div>\n\t\t\t\t<\/div>\n\t\t\t\t\t<\/div>\n\t\t\t\t<\/div>\n\t\t<div class=\"elementor-element elementor-element-044704f e-transform Svg-container e-flex e-con-boxed e-con e-parent\" data-id=\"044704f\" data-element_type=\"container\" data-e-type=\"container\" data-settings=\"{&quot;background_background&quot;:&quot;classic&quot;,&quot;_transform_translateX_effect&quot;:{&quot;unit&quot;:&quot;px&quot;,&quot;size&quot;:&quot;&quot;,&quot;sizes&quot;:[]},&quot;_transform_translateX_effect_tablet&quot;:{&quot;unit&quot;:&quot;px&quot;,&quot;size&quot;:&quot;&quot;,&quot;sizes&quot;:[]},&quot;_transform_translateX_effect_mobile&quot;:{&quot;unit&quot;:&quot;px&quot;,&quot;size&quot;:&quot;&quot;,&quot;sizes&quot;:[]},&quot;_transform_translateY_effect&quot;:{&quot;unit&quot;:&quot;px&quot;,&quot;size&quot;:&quot;&quot;,&quot;sizes&quot;:[]},&quot;_transform_translateY_effect_tablet&quot;:{&quot;unit&quot;:&quot;px&quot;,&quot;size&quot;:&quot;&quot;,&quot;sizes&quot;:[]},&quot;_transform_translateY_effect_mobile&quot;:{&quot;unit&quot;:&quot;px&quot;,&quot;size&quot;:&quot;&quot;,&quot;sizes&quot;:[]}}\">\n\t\t\t\t\t<div class=\"e-con-inner\">\n\t\t<div class=\"elementor-element elementor-element-e278256 e-con-full e-flex e-con e-child\" data-id=\"e278256\" data-element_type=\"container\" data-e-type=\"container\" data-settings=\"{&quot;background_background&quot;:&quot;classic&quot;}\">\n\t\t<div class=\"elementor-element elementor-element-bbde3eb e-con-full e-flex e-con e-child\" data-id=\"bbde3eb\" data-element_type=\"container\" data-e-type=\"container\">\n\t\t\t\t<div class=\"elementor-element elementor-element-8a7d1ba elementor-widget__width-inherit elementor-widget-tablet__width-inherit elementor-widget elementor-widget-heading\" data-id=\"8a7d1ba\" data-element_type=\"widget\" data-e-type=\"widget\" data-widget_type=\"heading.default\">\n\t\t\t\t\t<h2 class=\"elementor-heading-title elementor-size-default\">N\u0101kamais l\u012bmenis gudr\u0101kas inform\u0101cijas p\u0101rvald\u012bbas virzien\u0101<\/h2>\t\t\t\t<\/div>\n\t\t\t\t<div class=\"elementor-element elementor-element-d4c9e5c elementor-widget__width-inherit elementor-widget-tablet__width-inherit elementor-widget elementor-widget-heading\" data-id=\"d4c9e5c\" data-element_type=\"widget\" data-e-type=\"widget\" data-widget_type=\"heading.default\">\n\t\t\t\t\t<p class=\"elementor-heading-title elementor-size-default\">Veltiet maz\u0101k laika inform\u0101cijas mekl\u0113\u0161anai un t\u0101 viet\u0101 koncentr\u0113jieties uz svar\u012bg\u0101k\u0101m liet\u0101m. Sazinieties ar mums un s\u0101ciet lietot \u0161o risin\u0101jumu! <\/p>\t\t\t\t<\/div>\n\t\t\t\t<div class=\"elementor-element elementor-element-96d6599 elementor-widget__width-inherit elementor-align-center elementor-widget elementor-widget-button\" data-id=\"96d6599\" data-element_type=\"widget\" data-e-type=\"widget\" data-widget_type=\"button.default\">\n\t\t\t\t\t\t\t\t\t\t<a class=\"elementor-button elementor-button-link elementor-size-sm\" href=\"https:\/\/test.tilde.ai\/lv\/contact-us\/\">\n\t\t\t\t\t\t<span class=\"elementor-button-content-wrapper\">\n\t\t\t\t\t\t\t\t\t<span class=\"elementor-button-text\">Piepras\u012bt demonstr\u0101ciju<\/span>\n\t\t\t\t\t<\/span>\n\t\t\t\t\t<\/a>\n\t\t\t\t\t\t\t\t<\/div>\n\t\t\t\t<\/div>\n\t\t\t\t<\/div>\n\t\t\t\t\t<\/div>\n\t\t\t\t<\/div>\n\t\t\t\t<\/div>","protected":false},"excerpt":{"rendered":"<p>Uz\u0146\u0113muma pal\u012bga piepras\u012bjuma demonstr\u0101cijas l\u012bdzek\u013ci Sazinieties ar mums l\u012bdzek\u013ci Sazinieties ar mums TILDES UZ\u0145\u0112MUMA PAL\u012aGA L\u012aDZEK\u013bI Padariet savu iek\u0161\u0113jo zin\u0101\u0161anu pal\u012bgu Piel\u0101gojama zin\u0101\u0161anu b\u0101ze piel\u0101got zin\u0101\u0161anu b\u0101zi j\u016bsu vajadz\u012bb\u0101m un viegli iek\u013caujiet papildu inform\u0101ciju. Kontekstu\u0101l\u0101 semantisk\u0101 mekl\u0113\u0161ana Lai ieg\u016btu prec\u012bz\u0101kus rezult\u0101tus, atrodiet inform\u0101ciju, kuras pamat\u0101 ir konteksts, nevis tikai atsl\u0113gv\u0101rdi. Daudzvalodu navig\u0101cijas piek\u013cuve un [\u2026]<\/p>","protected":false},"author":2,"featured_media":0,"parent":10334,"menu_order":0,"comment_status":"closed","ping_status":"closed","template":"","meta":{"footnotes":""},"class_list":["post-13868","page","type-page","status-publish","hentry"],"_links":{"self":[{"href":"https:\/\/test.tilde.ai\/lv\/wp-json\/wp\/v2\/pages\/13868","targetHints":{"allow":["GET"]}}],"collection":[{"href":"https:\/\/test.tilde.ai\/lv\/wp-json\/wp\/v2\/pages"}],"about":[{"href":"https:\/\/test.tilde.ai\/lv\/wp-json\/wp\/v2\/types\/page"}],"author":[{"embeddable":true,"href":"https:\/\/test.tilde.ai\/lv\/wp-json\/wp\/v2\/users\/2"}],"replies":[{"embeddable":true,"href":"https:\/\/test.tilde.ai\/lv\/wp-json\/wp\/v2\/comments?post=13868"}],"version-history":[{"count":0,"href":"https:\/\/test.tilde.ai\/lv\/wp-json\/wp\/v2\/pages\/13868\/revisions"}],"up":[{"embeddable":true,"href":"https:\/\/test.tilde.ai\/lv\/wp-json\/wp\/v2\/pages\/10334"}],"wp:attachment":[{"href":"https:\/\/test.tilde.ai\/lv\/wp-json\/wp\/v2\/media?parent=13868"}],"curies":[{"name":"wp","href":"https:\/\/api.w.org\/{rel}","templated":true}]}}