{"id":10353,"date":"2024-04-08T17:45:03","date_gmt":"2024-04-08T17:45:03","guid":{"rendered":"https:\/\/test.tilde.ai\/?page_id=10353"},"modified":"2025-12-22T11:25:42","modified_gmt":"2025-12-22T09:25:42","slug":"contact-us","status":"publish","type":"page","link":"https:\/\/test.tilde.ai\/lv\/contact-us\/","title":{"rendered":"Sazi\u0146a ar Tildi"},"content":{"rendered":"<div data-elementor-type=\"wp-page\" data-elementor-id=\"10353\" class=\"elementor elementor-10353\" data-elementor-post-type=\"page\">\n\t\t\t\t<div class=\"elementor-element elementor-element-31d0d1d9 e-transform e-flex e-con-boxed e-con e-parent\" data-id=\"31d0d1d9\" data-element_type=\"container\" data-e-type=\"container\" data-settings=\"{&quot;background_background&quot;:&quot;classic&quot;,&quot;_transform_translateX_effect&quot;:{&quot;unit&quot;:&quot;px&quot;,&quot;size&quot;:&quot;&quot;,&quot;sizes&quot;:[]},&quot;_transform_translateX_effect_tablet&quot;:{&quot;unit&quot;:&quot;px&quot;,&quot;size&quot;:&quot;&quot;,&quot;sizes&quot;:[]},&quot;_transform_translateX_effect_mobile&quot;:{&quot;unit&quot;:&quot;px&quot;,&quot;size&quot;:&quot;&quot;,&quot;sizes&quot;:[]},&quot;_transform_translateY_effect&quot;:{&quot;unit&quot;:&quot;px&quot;,&quot;size&quot;:&quot;&quot;,&quot;sizes&quot;:[]},&quot;_transform_translateY_effect_tablet&quot;:{&quot;unit&quot;:&quot;px&quot;,&quot;size&quot;:&quot;&quot;,&quot;sizes&quot;:[]},&quot;_transform_translateY_effect_mobile&quot;:{&quot;unit&quot;:&quot;px&quot;,&quot;size&quot;:&quot;&quot;,&quot;sizes&quot;:[]}}\">\n\t\t\t\t\t<div class=\"e-con-inner\">\n\t\t<div class=\"elementor-element elementor-element-5c639315 e-flex e-con-boxed e-con e-child\" data-id=\"5c639315\" data-element_type=\"container\" data-e-type=\"container\">\n\t\t\t\t\t<div class=\"e-con-inner\">\n\t\t\t\t<div class=\"elementor-element elementor-element-14480a6 elementor-widget elementor-widget-heading\" data-id=\"14480a6\" data-element_type=\"widget\" data-e-type=\"widget\" data-widget_type=\"heading.default\">\n\t\t\t\t\t<h6 class=\"elementor-heading-title elementor-size-default\">TILDES VISP\u0100R\u012aG\u0100 SAZI\u0145AS VEIDLAPA<\/h6>\t\t\t\t<\/div>\n\t\t\t\t<div class=\"elementor-element elementor-element-0224204 elementor-widget elementor-widget-heading\" data-id=\"0224204\" data-element_type=\"widget\" data-e-type=\"widget\" data-widget_type=\"heading.default\">\n\t\t\t\t\t<h1 class=\"elementor-heading-title elementor-size-default\">M\u0113s esam \u0161eit, lai pal\u012bdz\u0113tu jums g\u016bt pan\u0101kumus<\/h1>\t\t\t\t<\/div>\n\t\t\t\t<div class=\"elementor-element elementor-element-45bdb27 elementor-widget__width-initial elementor-widget elementor-widget-heading\" data-id=\"45bdb27\" data-element_type=\"widget\" data-e-type=\"widget\" data-widget_type=\"heading.default\">\n\t\t\t\t\t<p class=\"elementor-heading-title elementor-size-default\">M\u0113s labpr\u0101t par\u0101d\u012bsim, k\u0101 Tildes valodas risin\u0101jumi var sniegt jums nepiecie\u0161amo, un atbild\u0113sim uz visiem j\u016bsu jaut\u0101jumiem. <\/br>\n\nLai izm\u0113\u0123in\u0101tu k\u0101du no produktiem, l\u016bdzu, aizpildiet veidlapu, un m\u0113s ar jums dr\u012bzum\u0101 sazin\u0101simies.<\/p>\t\t\t\t<\/div>\n\t\t\t\t\t<\/div>\n\t\t\t\t<\/div>\n\t\t\t\t\t<\/div>\n\t\t\t\t<\/div>\n\t\t<div class=\"elementor-element elementor-element-451264a e-transform e-flex e-con-boxed e-con e-parent\" data-id=\"451264a\" data-element_type=\"container\" data-e-type=\"container\" data-settings=\"{&quot;background_background&quot;:&quot;classic&quot;,&quot;_transform_translateX_effect&quot;:{&quot;unit&quot;:&quot;px&quot;,&quot;size&quot;:&quot;&quot;,&quot;sizes&quot;:[]},&quot;_transform_translateX_effect_tablet&quot;:{&quot;unit&quot;:&quot;px&quot;,&quot;size&quot;:&quot;&quot;,&quot;sizes&quot;:[]},&quot;_transform_translateX_effect_mobile&quot;:{&quot;unit&quot;:&quot;px&quot;,&quot;size&quot;:&quot;&quot;,&quot;sizes&quot;:[]},&quot;_transform_translateY_effect&quot;:{&quot;unit&quot;:&quot;px&quot;,&quot;size&quot;:&quot;&quot;,&quot;sizes&quot;:[]},&quot;_transform_translateY_effect_tablet&quot;:{&quot;unit&quot;:&quot;px&quot;,&quot;size&quot;:&quot;&quot;,&quot;sizes&quot;:[]},&quot;_transform_translateY_effect_mobile&quot;:{&quot;unit&quot;:&quot;px&quot;,&quot;size&quot;:&quot;&quot;,&quot;sizes&quot;:[]}}\">\n\t\t\t\t\t<div class=\"e-con-inner\">\n\t\t<div class=\"elementor-element elementor-element-cc41aae e-con-full e-flex e-con e-child\" data-id=\"cc41aae\" data-element_type=\"container\" data-e-type=\"container\">\n\t\t<div class=\"elementor-element elementor-element-768e8a1 e-con-full e-flex e-con e-child\" data-id=\"768e8a1\" data-element_type=\"container\" data-e-type=\"container\" data-settings=\"{&quot;background_background&quot;:&quot;classic&quot;}\">\n\t\t\t\t<div class=\"elementor-element elementor-element-013bc37 elementor-button-align-stretch elementor-widget elementor-widget-form\" data-id=\"013bc37\" data-element_type=\"widget\" data-e-type=\"widget\" data-settings=\"{&quot;step_next_label&quot;:&quot;Next&quot;,&quot;step_previous_label&quot;:&quot;Previous&quot;,&quot;button_width&quot;:&quot;100&quot;,&quot;step_type&quot;:&quot;number_text&quot;,&quot;step_icon_shape&quot;:&quot;circle&quot;}\" data-widget_type=\"form.default\">\n\t\t\t\t\t\t\t<form class=\"elementor-form\" method=\"post\" name=\"Main contact Form\" aria-label=\"Galven\u0101 kontaktpersonas veidlapa\" action=\"\">\n\t\t\t<input type=\"hidden\" name=\"post_id\" value=\"10353\"\/>\n\t\t\t<input type=\"hidden\" name=\"form_id\" value=\"013bc37\"\/>\n\t\t\t<input type=\"hidden\" name=\"referer_title\" value=\"Contact Us \u2013 Talk to Language AI Experts | Tilde.ai\" \/>\n\n\t\t\t\t\t\t\t<input type=\"hidden\" name=\"queried_id\" value=\"10353\"\/>\n\t\t\t\n\t\t\t<div class=\"elementor-form-fields-wrapper elementor-labels-above\">\n\t\t\t\t\t\t\t\t<div class=\"elementor-field-type-text elementor-field-group elementor-column elementor-field-group-full_name elementor-col-100 elementor-field-required\">\n\t\t\t\t\t\t\t\t\t\t\t\t<label for=\"form-field-full_name\" class=\"elementor-field-label\">\n\t\t\t\t\t\t\t\tV\u0101rds un uzv\u0101rds*\t\t\t\t\t\t\t<\/label>\n\t\t\t\t\t\t\t\t\t\t\t\t\t\t<input size=\"1\" type=\"text\" name=\"form_fields[full_name]\" id=\"form-field-full_name\" class=\"elementor-field elementor-size-sm  elementor-field-textual\" placeholder=\"Nosaukums\" required=\"required\">\n\t\t\t\t\t\t\t\t\t\t\t<\/div>\n\t\t\t\t\t\t\t\t<div class=\"elementor-field-type-email elementor-field-group elementor-column elementor-field-group-business_email elementor-col-100 elementor-field-required\">\n\t\t\t\t\t\t\t\t\t\t\t\t<label for=\"form-field-business_email\" class=\"elementor-field-label\">\n\t\t\t\t\t\t\t\tUz\u0146\u0113muma e-pasta adrese*\t\t\t\t\t\t\t<\/label>\n\t\t\t\t\t\t\t\t\t\t\t\t\t\t<input size=\"1\" type=\"email\" name=\"form_fields[business_email]\" id=\"form-field-business_email\" class=\"elementor-field elementor-size-sm  elementor-field-textual\" placeholder=\"E-pasts\" required=\"required\">\n\t\t\t\t\t\t\t\t\t\t\t<\/div>\n\t\t\t\t\t\t\t\t<div class=\"elementor-field-type-text elementor-field-group elementor-column elementor-field-group-message elementor-col-100 elementor-field-required\">\n\t\t\t\t\t\t\t\t\t\t\t\t<label for=\"form-field-message\" class=\"elementor-field-label\">\n\t\t\t\t\t\t\t\tValsts*\t\t\t\t\t\t\t<\/label>\n\t\t\t\t\t\t\t\t\t\t\t\t\t\t<input size=\"1\" type=\"text\" name=\"form_fields[message]\" id=\"form-field-message\" class=\"elementor-field elementor-size-sm  elementor-field-textual\" placeholder=\"Valsts\" required=\"required\">\n\t\t\t\t\t\t\t\t\t\t\t<\/div>\n\t\t\t\t\t\t\t\t<div class=\"elementor-field-type-tel elementor-field-group elementor-column elementor-field-group-field_925bbda elementor-col-100\">\n\t\t\t\t\t\t\t\t\t\t\t\t<label for=\"form-field-field_925bbda\" class=\"elementor-field-label\">\n\t\t\t\t\t\t\t\tT\u0101lru\u0146a numurs sazi\u0146ai*\t\t\t\t\t\t\t<\/label>\n\t\t\t\t\t\t\t\t<input size=\"1\" type=\"tel\" name=\"form_fields[field_925bbda]\" id=\"form-field-field_925bbda\" class=\"elementor-field elementor-size-sm  elementor-field-textual\" placeholder=\"Kontaktpersonas numurs\" pattern=\"[0-9()#&amp;+*-=.]+\" title=\"Tiek pie\u0146emti tikai cipari un t\u0101lru\u0146a rakstz\u012bmes (#, -, * utt.).\">\n\n\t\t\t\t\t\t<\/div>\n\t\t\t\t\t\t\t\t<div class=\"elementor-field-type-text elementor-field-group elementor-column elementor-field-group-field_9b397cf elementor-col-100 elementor-field-required\">\n\t\t\t\t\t\t\t\t\t\t\t\t<label for=\"form-field-field_9b397cf\" class=\"elementor-field-label\">\n\t\t\t\t\t\t\t\tUz\u0146\u0113mums*\t\t\t\t\t\t\t<\/label>\n\t\t\t\t\t\t\t\t\t\t\t\t\t\t<input size=\"1\" type=\"text\" name=\"form_fields[field_9b397cf]\" id=\"form-field-field_9b397cf\" class=\"elementor-field elementor-size-sm  elementor-field-textual\" placeholder=\"Uz\u0146\u0113mums\" required=\"required\">\n\t\t\t\t\t\t\t\t\t\t\t<\/div>\n\t\t\t\t\t\t\t\t<div class=\"elementor-field-type-select elementor-field-group elementor-column elementor-field-group-field_6988fac elementor-col-100 elementor-field-required\">\n\t\t\t\t\t\t\t\t\t\t\t\t<label for=\"form-field-field_6988fac\" class=\"elementor-field-label\">\n\t\t\t\t\t\t\t\tIzv\u0113lieties Tildes risin\u0101jumu, par kuru interes\u0113jaties*\t\t\t\t\t\t\t<\/label>\n\t\t\t\t\t\t\t\t<div class=\"elementor-field elementor-select-wrapper remove-before\">\n\t\t\t<div class=\"select-caret-down-wrapper\">\n\t\t\t\t<svg aria-hidden=\"true\" class=\"e-font-icon-svg e-eicon-caret-down\" viewbox=\"0 0 571.4 571.4\" xmlns=\"http:\/\/www.w3.org\/2000\/svg\"><path d=\"M571 393Q571 407 561 418L311 668Q300 679 286 679T261 668L11 418Q0 407 0 393T11 368 36 357H536Q550 357 561 368T571 393Z\"><\/path><\/svg>\t\t\t<\/div>\n\t\t\t<select name=\"form_fields[field_6988fac]\" id=\"form-field-field_6988fac\" class=\"elementor-field-textual elementor-size-sm\" required=\"required\">\n\t\t\t\t\t\t\t\t\t<option value=\"Machine translation\">Ma\u0161\u012bntulko\u0161ana<\/option>\n\t\t\t\t\t\t\t\t\t<option value=\"Human translation\">Cilv\u0113ktulko\u0161ana<\/option>\n\t\t\t\t\t\t\t\t\t<option value=\"Speech technologies\">Runas tehnolo\u0123ijas<\/option>\n\t\t\t\t\t\t\t\t\t<option value=\"Al Chatbots\">Al Virtu\u0101lie asistenti<\/option>\n\t\t\t\t\t\t\t\t\t<option value=\"Terminology management\">Terminolo\u0123ijas p\u0101rvald\u012bba<\/option>\n\t\t\t\t\t\t\t\t\t<option value=\"Other\">Citi risin\u0101jumi<\/option>\n\t\t\t\t\t\t\t<\/select>\n\t\t<\/div>\n\t\t\t\t\t\t<\/div>\n\t\t\t\t\t\t\t\t<div class=\"elementor-field-type-textarea elementor-field-group elementor-column elementor-field-group-field_0df7f80 elementor-col-100 elementor-field-required\">\n\t\t\t\t\t\t\t\t\t\t\t\t<label for=\"form-field-field_0df7f80\" class=\"elementor-field-label\">\n\t\t\t\t\t\t\t\tPapildu koment\u0101rs *\t\t\t\t\t\t\t<\/label>\n\t\t\t\t\t\t<textarea class=\"elementor-field-textual elementor-field  elementor-size-sm\" name=\"form_fields[field_0df7f80]\" id=\"form-field-field_0df7f80\" rows=\"4\" required=\"required\"><\/textarea>\t\t\t\t<\/div>\n\t\t\t\t\t\t\t\t<div class=\"elementor-field-type-select elementor-field-group elementor-column elementor-field-group-field_7d5fb19 elementor-col-100\">\n\t\t\t\t\t\t\t\t\t\t\t\t<label for=\"form-field-field_7d5fb19\" class=\"elementor-field-label\">\n\t\t\t\t\t\t\t\tKur j\u016bs uzzin\u0101j\u0101t par Tildi (neoblig\u0101ti)\t\t\t\t\t\t\t<\/label>\n\t\t\t\t\t\t\t\t<div class=\"elementor-field elementor-select-wrapper remove-before\">\n\t\t\t<div class=\"select-caret-down-wrapper\">\n\t\t\t\t<svg aria-hidden=\"true\" class=\"e-font-icon-svg e-eicon-caret-down\" viewbox=\"0 0 571.4 571.4\" xmlns=\"http:\/\/www.w3.org\/2000\/svg\"><path d=\"M571 393Q571 407 561 418L311 668Q300 679 286 679T261 668L11 418Q0 407 0 393T11 368 36 357H536Q550 357 561 368T571 393Z\"><\/path><\/svg>\t\t\t<\/div>\n\t\t\t<select name=\"form_fields[field_7d5fb19]\" id=\"form-field-field_7d5fb19\" class=\"elementor-field-textual elementor-size-sm\">\n\t\t\t\t\t\t\t\t\t<option value=\"Google\/Search\">Google\/mekl\u0113\u0161ana<\/option>\n\t\t\t\t\t\t\t\t\t<option value=\"Word of mouth\">Atsauksmes no citiem cilv\u0113kiem<\/option>\n\t\t\t\t\t\t\t\t\t<option value=\"Worked with Tilde previously\">Man ir iepriek\u0161\u0113ja pieredze sadarb\u012bb\u0101 ar Tildi<\/option>\n\t\t\t\t\t\t\t\t\t<option value=\"Events\">Pas\u0101kum\u0101<\/option>\n\t\t\t\t\t\t\t\t\t<option value=\"Social media\">Soci\u0101lajos t\u012bklos<\/option>\n\t\t\t\t\t\t\t\t\t<option value=\"Other\">Citi risin\u0101jumi<\/option>\n\t\t\t\t\t\t\t<\/select>\n\t\t<\/div>\n\t\t\t\t\t\t<\/div>\n\t\t\t\t\t\t\t\t<div class=\"elementor-field-type-acceptance elementor-field-group elementor-column elementor-field-group-field_19c3203 elementor-col-100 elementor-field-required\">\n\t\t\t\t\t\t\t<div class=\"elementor-field-subgroup\">\n\t\t\t<span class=\"elementor-field-option\">\n\t\t\t\t<input type=\"checkbox\" name=\"form_fields[field_19c3203]\" id=\"form-field-field_19c3203\" class=\"elementor-field elementor-size-sm  elementor-acceptance-field\" required=\"required\">\n\t\t\t\t<label for=\"form-field-field_19c3203\">Es izlas\u012bju noteikumus un nosac\u012bjumus, k\u0101 ar\u012b konfidencialit\u0101tes politiku un piekr\u012btu tiem<\/label>\t\t\t<\/span>\n\t\t<\/div>\n\t\t\t\t\t\t<\/div>\n\t\t\t\t\t\t\t\t<div class=\"elementor-field-type-recaptcha_v3 elementor-field-group elementor-column elementor-field-group-field_55ee1a6 elementor-col-100 recaptcha_v3-bottomright\">\n\t\t\t\t\t<div class=\"elementor-field\" id=\"form-field-field_55ee1a6\"><div class=\"elementor-g-recaptcha\" data-sitekey=\"6LeEFCcsAAAAAKfPPHIrWpOPqbV0LgTL3q0lLKmO\" data-type=\"v3\" data-action=\"Form\" data-badge=\"bottomright\" data-size=\"invisible\"><\/div><\/div>\t\t\t\t<\/div>\n\t\t\t\t\t\t\t\t<div class=\"elementor-field-type-html elementor-field-group elementor-column elementor-field-group-field_869fa75 elementor-col-100\">\n\t\t\t\t\t<a href=\"https:\/\/test.tilde.ai\/terms-of-service\/\">Pakalpojuma snieg\u0161anas noteikumi<\/a> \/ <a href=\"https:\/\/test.tilde.ai\/privacy-policy\/\">Konfidencialit\u0101tes politika<\/a>\t\t\t\t<\/div>\n\t\t\t\t\t\t\t\t<div class=\"elementor-field-group elementor-column elementor-field-type-submit elementor-col-100 e-form__buttons\">\n\t\t\t\t\t<button class=\"elementor-button elementor-size-sm\" type=\"submit\">\n\t\t\t\t\t\t<span class=\"elementor-button-content-wrapper\">\n\t\t\t\t\t\t\t\t\t\t\t\t\t\t\t\t\t\t\t\t\t\t<span class=\"elementor-button-text\">Iesniegt<\/span>\n\t\t\t\t\t\t\t\t\t\t\t\t\t<\/span>\n\t\t\t\t\t<\/button>\n\t\t\t\t<\/div>\n\t\t\t<\/div>\n\t\t<input type=\"hidden\" name=\"twt-form-language\" value=\"lv\"\/><\/form>\n\t\t\t\t\t\t<\/div>\n\t\t\t\t<\/div>\n\t\t<div class=\"elementor-element elementor-element-c660e64 e-flex e-con-boxed e-con e-child\" data-id=\"c660e64\" data-element_type=\"container\" data-e-type=\"container\">\n\t\t\t\t\t<div class=\"e-con-inner\">\n\t\t\t\t<div class=\"elementor-element elementor-element-8125caa elementor-widget elementor-widget-image\" data-id=\"8125caa\" data-element_type=\"widget\" data-e-type=\"widget\" data-widget_type=\"image.default\">\n\t\t\t\t\t\t\t\t\t\t\t\t\t\t\t<img fetchpriority=\"high\" decoding=\"async\" width=\"641\" height=\"1024\" src=\"https:\/\/test.tilde.ai\/wp-content\/uploads\/2024\/11\/Contact_us_picture-2-1.svg\" class=\"attachment-large size-large wp-image-17595\" alt=\"\" \/>\t\t\t\t\t\t\t\t\t\t\t\t\t\t\t<\/div>\n\t\t\t\t\t<\/div>\n\t\t\t\t<\/div>\n\t\t\t\t<\/div>\n\t\t\t\t\t<\/div>\n\t\t\t\t<\/div>\n\t\t\t\t<\/div>","protected":false},"excerpt":{"rendered":"<p>TILDE GENERAL CONTACT FORM M\u0113s esam \u0161eit, lai j\u016bsu pan\u0101kumus M\u0113s labpr\u0101t par\u0101d\u012btu, k\u0101 Tilde valodas risin\u0101jumi var atbilst j\u016bsu vajadz\u012bb\u0101m un atbild\u0113t uz visiem jaut\u0101jumiem, kas jums var\u0113tu rasties. Lai redz\u0113tu jebkuru produktu darb\u012bb\u0101, l\u016bdzu, aizpildiet veidlapu, un m\u0113s dr\u012bz sazin\u0101simies ar jums.<\/p>","protected":false},"author":2,"featured_media":0,"parent":0,"menu_order":0,"comment_status":"closed","ping_status":"closed","template":"","meta":{"footnotes":""},"class_list":["post-10353","page","type-page","status-publish","hentry"],"_links":{"self":[{"href":"https:\/\/test.tilde.ai\/lv\/wp-json\/wp\/v2\/pages\/10353","targetHints":{"allow":["GET"]}}],"collection":[{"href":"https:\/\/test.tilde.ai\/lv\/wp-json\/wp\/v2\/pages"}],"about":[{"href":"https:\/\/test.tilde.ai\/lv\/wp-json\/wp\/v2\/types\/page"}],"author":[{"embeddable":true,"href":"https:\/\/test.tilde.ai\/lv\/wp-json\/wp\/v2\/users\/2"}],"replies":[{"embeddable":true,"href":"https:\/\/test.tilde.ai\/lv\/wp-json\/wp\/v2\/comments?post=10353"}],"version-history":[{"count":0,"href":"https:\/\/test.tilde.ai\/lv\/wp-json\/wp\/v2\/pages\/10353\/revisions"}],"wp:attachment":[{"href":"https:\/\/test.tilde.ai\/lv\/wp-json\/wp\/v2\/media?parent=10353"}],"curies":[{"name":"wp","href":"https:\/\/api.w.org\/{rel}","templated":true}]}}