{"id":22470,"date":"2025-12-12T17:18:34","date_gmt":"2025-12-12T15:18:34","guid":{"rendered":"https:\/\/test.tilde.ai\/?page_id=22470"},"modified":"2025-12-12T17:24:03","modified_gmt":"2025-12-12T15:24:03","slug":"news","status":"publish","type":"page","link":"https:\/\/test.tilde.ai\/lt\/news\/","title":{"rendered":"Naujienos"},"content":{"rendered":"<div data-elementor-type=\"wp-page\" data-elementor-id=\"22470\" class=\"elementor elementor-22470\" data-elementor-post-type=\"page\">\n\t\t\t\t<div class=\"elementor-element elementor-element-f635db6 e-flex e-con-boxed e-con e-parent\" data-id=\"f635db6\" data-element_type=\"container\" data-e-type=\"container\">\n\t\t\t\t\t<div class=\"e-con-inner\">\n\t\t\t\t<div class=\"elementor-element elementor-element-33207e0 elementor-widget elementor-widget-shortcode\" data-id=\"33207e0\" data-element_type=\"widget\" data-e-type=\"widget\" data-widget_type=\"shortcode.default\">\n\t\t\t\t\t\t\t<div class=\"elementor-shortcode\"><nav aria-label=\"duonos trupiniai\" class=\"rank-math-breadcrumb\"><p><span class=\"last\">Pagrindinis<\/span><\/p><\/nav><\/div>\n\t\t\t\t\t\t<\/div>\n\t\t\t\t\t<\/div>\n\t\t\t\t<\/div>\n\t\t<div class=\"elementor-element elementor-element-6fd3724 e-flex e-con-boxed e-con e-parent\" data-id=\"6fd3724\" data-element_type=\"container\" data-e-type=\"container\">\n\t\t\t\t\t<div class=\"e-con-inner\">\n\t\t\t\t<div class=\"elementor-element elementor-element-b07f764 e-transform elementor-grid-3 elementor-grid-tablet-2 elementor-grid-mobile-1 elementor-posts--thumbnail-top load-more-align-center elementor-widget elementor-widget-posts\" data-id=\"b07f764\" data-element_type=\"widget\" data-e-type=\"widget\" data-settings=\"{&quot;classic_masonry&quot;:&quot;yes&quot;,&quot;classic_row_gap&quot;:{&quot;unit&quot;:&quot;em&quot;,&quot;size&quot;:&quot;&quot;,&quot;sizes&quot;:[]},&quot;classic_row_gap_tablet&quot;:{&quot;unit&quot;:&quot;em&quot;,&quot;size&quot;:&quot;&quot;,&quot;sizes&quot;:[]},&quot;classic_row_gap_mobile&quot;:{&quot;unit&quot;:&quot;em&quot;,&quot;size&quot;:&quot;&quot;,&quot;sizes&quot;:[]},&quot;pagination_type&quot;:&quot;load_more_on_click&quot;,&quot;classic_columns&quot;:&quot;3&quot;,&quot;classic_columns_tablet&quot;:&quot;2&quot;,&quot;classic_columns_mobile&quot;:&quot;1&quot;,&quot;load_more_spinner&quot;:{&quot;value&quot;:&quot;fas fa-spinner&quot;,&quot;library&quot;:&quot;fa-solid&quot;},&quot;_transform_scaleX_effect_hover&quot;:{&quot;unit&quot;:&quot;px&quot;,&quot;size&quot;:&quot;&quot;,&quot;sizes&quot;:[]},&quot;_transform_scaleX_effect_hover_tablet&quot;:{&quot;unit&quot;:&quot;px&quot;,&quot;size&quot;:&quot;&quot;,&quot;sizes&quot;:[]},&quot;_transform_scaleX_effect_hover_mobile&quot;:{&quot;unit&quot;:&quot;px&quot;,&quot;size&quot;:&quot;&quot;,&quot;sizes&quot;:[]},&quot;_transform_scaleY_effect_hover&quot;:{&quot;unit&quot;:&quot;px&quot;,&quot;size&quot;:&quot;&quot;,&quot;sizes&quot;:[]},&quot;_transform_scaleY_effect_hover_tablet&quot;:{&quot;unit&quot;:&quot;px&quot;,&quot;size&quot;:&quot;&quot;,&quot;sizes&quot;:[]},&quot;_transform_scaleY_effect_hover_mobile&quot;:{&quot;unit&quot;:&quot;px&quot;,&quot;size&quot;:&quot;&quot;,&quot;sizes&quot;:[]}}\" data-widget_type=\"posts.classic\">\n\t\t\t\t<div class=\"elementor-widget-container\">\n\t\t\t\t\t\t\t<div class=\"elementor-posts-container elementor-posts elementor-posts--skin-classic elementor-grid\" role=\"list\">\n\t\t\t\t<article class=\"elementor-post elementor-grid-item post-22725 post type-post status-publish format-standard has-post-thumbnail hentry category-news\" role=\"listitem\">\n\t\t\t\t<a class=\"elementor-post__thumbnail__link\" href=\"https:\/\/test.tilde.ai\/lt\/news\/tilde-and-unesco-partner-to-break-language-barriers-in-small-island-developing-states\/\" tabindex=\"-1\" >\n\t\t\t<div class=\"elementor-post__thumbnail\"><img fetchpriority=\"high\" decoding=\"async\" width=\"800\" height=\"534\" src=\"https:\/\/test.tilde.ai\/wp-content\/uploads\/2025\/12\/UNESCO_baneris_1024x683_2-1-1.png\" class=\"attachment-large size-large wp-image-22726\" alt=\"\" srcset=\"https:\/\/test.tilde.ai\/wp-content\/uploads\/2025\/12\/UNESCO_baneris_1024x683_2-1-1.png 1024w, https:\/\/test.tilde.ai\/wp-content\/uploads\/2025\/12\/UNESCO_baneris_1024x683_2-1-1-300x200.png 300w, https:\/\/test.tilde.ai\/wp-content\/uploads\/2025\/12\/UNESCO_baneris_1024x683_2-1-1-768x512.png 768w, https:\/\/test.tilde.ai\/wp-content\/uploads\/2025\/12\/UNESCO_baneris_1024x683_2-1-1-18x12.png 18w\" sizes=\"(max-width: 800px) 100vw, 800px\" \/><\/div>\n\t\t<\/a>\n\t\t\t\t<div class=\"elementor-post__text\">\n\t\t\t\t<h3 class=\"elementor-post__title\">\n\t\t\t<a href=\"https:\/\/test.tilde.ai\/lt\/news\/tilde-and-unesco-partner-to-break-language-barriers-in-small-island-developing-states\/\" >\n\t\t\t\t\u201eTilde\u201c ir UNESCO partneris, siekiantis \u012fveikti kalbos barjerus ma\u017eose besivystan\u010diose sal\u0173 valstyb\u0117se\u00a0\t\t\t<\/a>\n\t\t<\/h3>\n\t\t\t\t<div class=\"elementor-post__meta-data\">\n\t\t\t\t\t<span class=\"elementor-post-date\">\n\t\t\t19 Gruod\u017eio, 2025 m.\t\t<\/span>\n\t\t\t\t<\/div>\n\t\t\t\t<\/div>\n\t\t\t\t<\/article>\n\t\t\t\t<article class=\"elementor-post elementor-grid-item post-20624 post type-post status-publish format-standard has-post-thumbnail hentry category-news\" role=\"listitem\">\n\t\t\t\t<a class=\"elementor-post__thumbnail__link\" href=\"https:\/\/test.tilde.ai\/lt\/news\/ai-translation-for-ukraine\/\" tabindex=\"-1\" >\n\t\t\t<div class=\"elementor-post__thumbnail\"><img decoding=\"async\" width=\"800\" height=\"532\" src=\"https:\/\/test.tilde.ai\/wp-content\/uploads\/2025\/10\/GG05588-min-1024x681.jpg\" class=\"attachment-large size-large wp-image-20625\" alt=\"Art\u016brs Vasi\u013cevskis simboli\u0161kai perdav\u0117 AI pagrindu veikian\u010di\u0105 vertimo platform\u0105 Ukrainos ambasadai Latvijoje\" srcset=\"https:\/\/test.tilde.ai\/wp-content\/uploads\/2025\/10\/GG05588-min-1024x681.jpg 1024w, https:\/\/test.tilde.ai\/wp-content\/uploads\/2025\/10\/GG05588-min-300x200.jpg 300w, https:\/\/test.tilde.ai\/wp-content\/uploads\/2025\/10\/GG05588-min-768x511.jpg 768w, https:\/\/test.tilde.ai\/wp-content\/uploads\/2025\/10\/GG05588-min-1536x1022.jpg 1536w, https:\/\/test.tilde.ai\/wp-content\/uploads\/2025\/10\/GG05588-min-2048x1363.jpg 2048w, https:\/\/test.tilde.ai\/wp-content\/uploads\/2025\/10\/GG05588-min-18x12.jpg 18w\" sizes=\"(max-width: 800px) 100vw, 800px\" \/><\/div>\n\t\t<\/a>\n\t\t\t\t<div class=\"elementor-post__text\">\n\t\t\t\t<h3 class=\"elementor-post__title\">\n\t\t\t<a href=\"https:\/\/test.tilde.ai\/lt\/news\/ai-translation-for-ukraine\/\" >\n\t\t\t\tLatvijos sukurta AI vertimo priemon\u0117, skirta pad\u0117ti Ukrainai \u012fstoti \u012f ES\t\t\t<\/a>\n\t\t<\/h3>\n\t\t\t\t<div class=\"elementor-post__meta-data\">\n\t\t\t\t\t<span class=\"elementor-post-date\">\n\t\t\t8 Spalio, 2025\t\t<\/span>\n\t\t\t\t<\/div>\n\t\t\t\t<\/div>\n\t\t\t\t<\/article>\n\t\t\t\t<article class=\"elementor-post elementor-grid-item post-20213 post type-post status-publish format-standard has-post-thumbnail hentry category-news\" role=\"listitem\">\n\t\t\t\t<a class=\"elementor-post__thumbnail__link\" href=\"https:\/\/test.tilde.ai\/lt\/news\/tilde-releases-tildeopen-llm\/\" tabindex=\"-1\" >\n\t\t\t<div class=\"elementor-post__thumbnail\"><img decoding=\"async\" width=\"800\" height=\"534\" src=\"https:\/\/test.tilde.ai\/wp-content\/uploads\/2025\/09\/Monitor_Hugging_Face_1-1024x683.jpg\" class=\"attachment-large size-large wp-image-20214\" alt=\"Pavadinimo vaizdas su ekrano apkabinama veido platforma\" srcset=\"https:\/\/test.tilde.ai\/wp-content\/uploads\/2025\/09\/Monitor_Hugging_Face_1-1024x683.jpg 1024w, https:\/\/test.tilde.ai\/wp-content\/uploads\/2025\/09\/Monitor_Hugging_Face_1-300x200.jpg 300w, https:\/\/test.tilde.ai\/wp-content\/uploads\/2025\/09\/Monitor_Hugging_Face_1-768x512.jpg 768w, https:\/\/test.tilde.ai\/wp-content\/uploads\/2025\/09\/Monitor_Hugging_Face_1-1536x1024.jpg 1536w, https:\/\/test.tilde.ai\/wp-content\/uploads\/2025\/09\/Monitor_Hugging_Face_1-2048x1365.jpg 2048w, https:\/\/test.tilde.ai\/wp-content\/uploads\/2025\/09\/Monitor_Hugging_Face_1-18x12.jpg 18w\" sizes=\"(max-width: 800px) 100vw, 800px\" \/><\/div>\n\t\t<\/a>\n\t\t\t\t<div class=\"elementor-post__text\">\n\t\t\t\t<h3 class=\"elementor-post__title\">\n\t\t\t<a href=\"https:\/\/test.tilde.ai\/lt\/news\/tilde-releases-tildeopen-llm\/\" >\n\t\t\t\tTilde publikavo dirbtinio intelekto model\u012f Europos kalboms TildeOpen LLM\u00a0\u00a0\t\t\t<\/a>\n\t\t<\/h3>\n\t\t\t\t<div class=\"elementor-post__meta-data\">\n\t\t\t\t\t<span class=\"elementor-post-date\">\n\t\t\t3 rugs\u0117jo, 2025 m.\t\t<\/span>\n\t\t\t\t<\/div>\n\t\t\t\t<\/div>\n\t\t\t\t<\/article>\n\t\t\t\t<article class=\"elementor-post elementor-grid-item post-19059 post type-post status-publish format-standard has-post-thumbnail hentry category-news\" role=\"listitem\">\n\t\t\t\t<a class=\"elementor-post__thumbnail__link\" href=\"https:\/\/test.tilde.ai\/lt\/news\/tilde-to-develop-an-ai-solution-with-end-to-end-data-security\/\" tabindex=\"-1\" >\n\t\t\t<div class=\"elementor-post__thumbnail\"><img loading=\"lazy\" decoding=\"async\" width=\"800\" height=\"477\" src=\"https:\/\/test.tilde.ai\/wp-content\/uploads\/2025\/05\/ffplus_blogam-1024x610.jpg\" class=\"attachment-large size-large wp-image-19062\" alt=\"Ffplus logotipas\" srcset=\"https:\/\/test.tilde.ai\/wp-content\/uploads\/2025\/05\/ffplus_blogam-1024x610.jpg 1024w, https:\/\/test.tilde.ai\/wp-content\/uploads\/2025\/05\/ffplus_blogam-300x179.jpg 300w, https:\/\/test.tilde.ai\/wp-content\/uploads\/2025\/05\/ffplus_blogam-768x458.jpg 768w, https:\/\/test.tilde.ai\/wp-content\/uploads\/2025\/05\/ffplus_blogam-18x12.jpg 18w, https:\/\/test.tilde.ai\/wp-content\/uploads\/2025\/05\/ffplus_blogam.jpg 1200w\" sizes=\"(max-width: 800px) 100vw, 800px\" \/><\/div>\n\t\t<\/a>\n\t\t\t\t<div class=\"elementor-post__text\">\n\t\t\t\t<h3 class=\"elementor-post__title\">\n\t\t\t<a href=\"https:\/\/test.tilde.ai\/lt\/news\/tilde-to-develop-an-ai-solution-with-end-to-end-data-security\/\" >\n\t\t\t\t\u201eTilde\u201c laim\u0117jo galimyb\u0119 kurti DI sprendim\u0105, u\u017etikrinant\u012f visi\u0161k\u0105 duomen\u0173 apsaug\u0105 ir auk\u0161\u010diausi\u0105 kalbos modeli\u0173 kokyb\u0119\t\t\t<\/a>\n\t\t<\/h3>\n\t\t\t\t<div class=\"elementor-post__meta-data\">\n\t\t\t\t\t<span class=\"elementor-post-date\">\n\t\t\t27 gegu\u017e\u0117s, 2025 m.\t\t<\/span>\n\t\t\t\t<\/div>\n\t\t\t\t<\/div>\n\t\t\t\t<\/article>\n\t\t\t\t<article class=\"elementor-post elementor-grid-item post-18587 post type-post status-publish format-standard has-post-thumbnail hentry category-news\" role=\"listitem\">\n\t\t\t\t<a class=\"elementor-post__thumbnail__link\" href=\"https:\/\/test.tilde.ai\/lt\/news\/balcia-and-tilde-develop-ai-chatbot\/\" tabindex=\"-1\" >\n\t\t\t<div class=\"elementor-post__thumbnail\"><img loading=\"lazy\" decoding=\"async\" width=\"800\" height=\"450\" src=\"https:\/\/test.tilde.ai\/wp-content\/uploads\/2025\/03\/Digitala-trasnformacija-1024x576.png\" class=\"attachment-large size-large wp-image-18589\" alt=\"Pavadinimo paveiksl\u0117lis su ARBATOS tirpalu\" srcset=\"https:\/\/test.tilde.ai\/wp-content\/uploads\/2025\/03\/Digitala-trasnformacija-1024x576.png 1024w, https:\/\/test.tilde.ai\/wp-content\/uploads\/2025\/03\/Digitala-trasnformacija-300x169.png 300w, https:\/\/test.tilde.ai\/wp-content\/uploads\/2025\/03\/Digitala-trasnformacija-768x432.png 768w, https:\/\/test.tilde.ai\/wp-content\/uploads\/2025\/03\/Digitala-trasnformacija-1536x864.png 1536w, https:\/\/test.tilde.ai\/wp-content\/uploads\/2025\/03\/Digitala-trasnformacija-18x10.png 18w, https:\/\/test.tilde.ai\/wp-content\/uploads\/2025\/03\/Digitala-trasnformacija.png 1920w\" sizes=\"(max-width: 800px) 100vw, 800px\" \/><\/div>\n\t\t<\/a>\n\t\t\t\t<div class=\"elementor-post__text\">\n\t\t\t\t<h3 class=\"elementor-post__title\">\n\t\t\t<a href=\"https:\/\/test.tilde.ai\/lt\/news\/balcia-and-tilde-develop-ai-chatbot\/\" >\n\t\t\t\t\u201eBalcia\u201c prad\u0117jo bendradarbiauti su \u201eTilde\u201c kurdama DI pokalbi\u0173 robot\u0105\u00a0\t\t\t<\/a>\n\t\t<\/h3>\n\t\t\t\t<div class=\"elementor-post__meta-data\">\n\t\t\t\t\t<span class=\"elementor-post-date\">\n\t\t\t24 KOVO, 2025 m.\t\t<\/span>\n\t\t\t\t<\/div>\n\t\t\t\t<\/div>\n\t\t\t\t<\/article>\n\t\t\t\t<article class=\"elementor-post elementor-grid-item post-16720 post type-post status-publish format-standard has-post-thumbnail hentry category-news\" role=\"listitem\">\n\t\t\t\t<a class=\"elementor-post__thumbnail__link\" href=\"https:\/\/test.tilde.ai\/lt\/news\/nltp-translation-for-public-administrations\/\" tabindex=\"-1\" >\n\t\t\t<div class=\"elementor-post__thumbnail\"><img loading=\"lazy\" decoding=\"async\" width=\"1\" height=\"1\" src=\"https:\/\/test.tilde.ai\/wp-content\/uploads\/2024\/09\/joshua-hoehne-1UDjq8s8cy0-unsplash-min.jpg\" class=\"attachment-large size-large wp-image-16721\" alt=\"Pavadinimo vaizdas su \u017eodynu i\u0161 arti\" \/><\/div>\n\t\t<\/a>\n\t\t\t\t<div class=\"elementor-post__text\">\n\t\t\t\t<h3 class=\"elementor-post__title\">\n\t\t\t<a href=\"https:\/\/test.tilde.ai\/lt\/news\/nltp-translation-for-public-administrations\/\" >\n\t\t\t\tNLTP: vie\u0161ajam administravimui skirtas atvirojo kodo daugiakalbis vertimas\t\t\t<\/a>\n\t\t<\/h3>\n\t\t\t\t<div class=\"elementor-post__meta-data\">\n\t\t\t\t\t<span class=\"elementor-post-date\">\n\t\t\t6 rugs\u0117jo, 2024\t\t<\/span>\n\t\t\t\t<\/div>\n\t\t\t\t<\/div>\n\t\t\t\t<\/article>\n\t\t\t\t<article class=\"elementor-post elementor-grid-item post-10635 post type-post status-publish format-standard has-post-thumbnail hentry category-news tag-news\" role=\"listitem\">\n\t\t\t\t<a class=\"elementor-post__thumbnail__link\" href=\"https:\/\/test.tilde.ai\/lt\/news\/tilde-president-of-latvia-edgars-rinkevics-and-maltese-minister-owen-bonnici-engage-in-discussions-on-digital-tools-for-the-languages-of-small-countries\/\" tabindex=\"-1\" >\n\t\t\t<div class=\"elementor-post__thumbnail\"><img loading=\"lazy\" decoding=\"async\" width=\"650\" height=\"488\" src=\"https:\/\/test.tilde.ai\/wp-content\/uploads\/2024\/04\/WhatsApp-Image-2024-02-05-at-18.44.33.jpeg\" class=\"attachment-large size-large wp-image-10636\" alt=\"\" srcset=\"https:\/\/test.tilde.ai\/wp-content\/uploads\/2024\/04\/WhatsApp-Image-2024-02-05-at-18.44.33.jpeg 650w, https:\/\/test.tilde.ai\/wp-content\/uploads\/2024\/04\/WhatsApp-Image-2024-02-05-at-18.44.33-300x225.jpeg 300w, https:\/\/test.tilde.ai\/wp-content\/uploads\/2024\/04\/WhatsApp-Image-2024-02-05-at-18.44.33-16x12.jpeg 16w\" sizes=\"(max-width: 650px) 100vw, 650px\" \/><\/div>\n\t\t<\/a>\n\t\t\t\t<div class=\"elementor-post__text\">\n\t\t\t\t<h3 class=\"elementor-post__title\">\n\t\t\t<a href=\"https:\/\/test.tilde.ai\/lt\/news\/tilde-president-of-latvia-edgars-rinkevics-and-maltese-minister-owen-bonnici-engage-in-discussions-on-digital-tools-for-the-languages-of-small-countries\/\" >\n\t\t\t\tLatvijos Prezident\u0117 Tilde Edgars Rink\u0113vi\u010ds ir Maltos ministras Owen Bonnici dalyvauja diskusijose d\u0117l skaitmenini\u0173 priemoni\u0173, skirt\u0173 ma\u017e\u0173 \u0161ali\u0173 kalboms\t\t\t<\/a>\n\t\t<\/h3>\n\t\t\t\t<div class=\"elementor-post__meta-data\">\n\t\t\t\t\t<span class=\"elementor-post-date\">\n\t\t\t10 baland\u017eio, 2024\t\t<\/span>\n\t\t\t\t<\/div>\n\t\t\t\t<\/div>\n\t\t\t\t<\/article>\n\t\t\t\t<article class=\"elementor-post elementor-grid-item post-10628 post type-post status-publish format-standard has-post-thumbnail hentry category-news tag-news\" role=\"listitem\">\n\t\t\t\t<a class=\"elementor-post__thumbnail__link\" href=\"https:\/\/test.tilde.ai\/lt\/news\/breaking-barriers-riga-conference-explores-ais-transformative-impact-on-lives-of-persons-with-disabilities\/\" tabindex=\"-1\" >\n\t\t\t<div class=\"elementor-post__thumbnail\"><img loading=\"lazy\" decoding=\"async\" width=\"650\" height=\"366\" src=\"https:\/\/test.tilde.ai\/wp-content\/uploads\/2024\/04\/Riga-Conference-Explores-AIs-Transformative-Impact-on-Lives-of-Persons-with-Disabilities.png\" class=\"attachment-large size-large wp-image-10629\" alt=\"\" srcset=\"https:\/\/test.tilde.ai\/wp-content\/uploads\/2024\/04\/Riga-Conference-Explores-AIs-Transformative-Impact-on-Lives-of-Persons-with-Disabilities.png 650w, https:\/\/test.tilde.ai\/wp-content\/uploads\/2024\/04\/Riga-Conference-Explores-AIs-Transformative-Impact-on-Lives-of-Persons-with-Disabilities-300x169.png 300w, https:\/\/test.tilde.ai\/wp-content\/uploads\/2024\/04\/Riga-Conference-Explores-AIs-Transformative-Impact-on-Lives-of-Persons-with-Disabilities-18x10.png 18w\" sizes=\"(max-width: 650px) 100vw, 650px\" \/><\/div>\n\t\t<\/a>\n\t\t\t\t<div class=\"elementor-post__text\">\n\t\t\t\t<h3 class=\"elementor-post__title\">\n\t\t\t<a href=\"https:\/\/test.tilde.ai\/lt\/news\/breaking-barriers-riga-conference-explores-ais-transformative-impact-on-lives-of-persons-with-disabilities\/\" >\n\t\t\t\tRygos konferencijoje nagrin\u0117jamas transformacinis Pg poveikis ne\u012fgali\u0173j\u0173 gyvenimui\t\t\t<\/a>\n\t\t<\/h3>\n\t\t\t\t<div class=\"elementor-post__meta-data\">\n\t\t\t\t\t<span class=\"elementor-post-date\">\n\t\t\t10 baland\u017eio, 2024\t\t<\/span>\n\t\t\t\t<\/div>\n\t\t\t\t<\/div>\n\t\t\t\t<\/article>\n\t\t\t\t<article class=\"elementor-post elementor-grid-item post-10625 post type-post status-publish format-standard has-post-thumbnail hentry category-news tag-news\" role=\"listitem\">\n\t\t\t\t<a class=\"elementor-post__thumbnail__link\" href=\"https:\/\/test.tilde.ai\/lt\/news\/new-digital-solutions-improve-the-quality-of-the-academic-environment\/\" tabindex=\"-1\" >\n\t\t\t<div class=\"elementor-post__thumbnail\"><img loading=\"lazy\" decoding=\"async\" width=\"650\" height=\"488\" src=\"https:\/\/test.tilde.ai\/wp-content\/uploads\/2024\/04\/645469_1e3fee9a98.jpg\" class=\"attachment-large size-large wp-image-10626\" alt=\"\" srcset=\"https:\/\/test.tilde.ai\/wp-content\/uploads\/2024\/04\/645469_1e3fee9a98.jpg 650w, https:\/\/test.tilde.ai\/wp-content\/uploads\/2024\/04\/645469_1e3fee9a98-300x225.jpg 300w, https:\/\/test.tilde.ai\/wp-content\/uploads\/2024\/04\/645469_1e3fee9a98-16x12.jpg 16w\" sizes=\"(max-width: 650px) 100vw, 650px\" \/><\/div>\n\t\t<\/a>\n\t\t\t\t<div class=\"elementor-post__text\">\n\t\t\t\t<h3 class=\"elementor-post__title\">\n\t\t\t<a href=\"https:\/\/test.tilde.ai\/lt\/news\/new-digital-solutions-improve-the-quality-of-the-academic-environment\/\" >\n\t\t\t\tNauji skaitmeniniai sprendimai gerina akademin\u0117s aplinkos kokyb\u0119\t\t\t<\/a>\n\t\t<\/h3>\n\t\t\t\t<div class=\"elementor-post__meta-data\">\n\t\t\t\t\t<span class=\"elementor-post-date\">\n\t\t\t10 baland\u017eio, 2024\t\t<\/span>\n\t\t\t\t<\/div>\n\t\t\t\t<\/div>\n\t\t\t\t<\/article>\n\t\t\t\t<\/div>\n\t\t\t\t\t<span class=\"e-load-more-spinner\">\n\t\t\t\t<svg aria-hidden=\"true\" class=\"e-font-icon-svg e-fas-spinner\" viewbox=\"0 0 512 512\" xmlns=\"http:\/\/www.w3.org\/2000\/svg\"><path d=\"M304 48c0 26.51-21.49 48-48 48s-48-21.49-48-48 21.49-48 48-48 48 21.49 48 48zm-48 368c-26.51 0-48 21.49-48 48s21.49 48 48 48 48-21.49 48-48-21.49-48-48-48zm208-208c-26.51 0-48 21.49-48 48s21.49 48 48 48 48-21.49 48-48-21.49-48-48-48zM96 256c0-26.51-21.49-48-48-48S0 229.49 0 256s21.49 48 48 48 48-21.49 48-48zm12.922 99.078c-26.51 0-48 21.49-48 48s21.49 48 48 48 48-21.49 48-48c0-26.509-21.491-48-48-48zm294.156 0c-26.51 0-48 21.49-48 48s21.49 48 48 48 48-21.49 48-48c0-26.509-21.49-48-48-48zM108.922 60.922c-26.51 0-48 21.49-48 48s21.49 48 48 48 48-21.49 48-48-21.491-48-48-48z\"><\/path><\/svg>\t\t\t<\/span>\n\t\t\n\t\t\t\t<div class=\"e-load-more-anchor\" data-page=\"1\" data-max-page=\"3\" data-next-page=\"https:\/\/test.tilde.ai\/lt\/wp-json\/wp\/v2\/pages\/22470\/page\/2\/\"><\/div>\n\t\t\t\t<div class=\"elementor-button-wrapper\">\n\t\t\t<a class=\"elementor-button elementor-size-sm\" role=\"button\">\n\t\t\t\t\t\t<span class=\"elementor-button-content-wrapper\">\n\t\t\t\t\t\t\t\t\t<span class=\"elementor-button-text\">\u012ekelti daugiau<\/span>\n\t\t\t\t\t<\/span>\n\t\t\t\t\t<\/a>\n\t\t<\/div>\n\t\t\t\t<div class=\"e-load-more-message\">Daugiau nieko \u010dia nematyti. Kol kas...<\/div>\n\t\t\t\t\t\t<\/div>\n\t\t\t\t<\/div>\n\t\t\t\t\t<\/div>\n\t\t\t\t<\/div>\n\t\t\t\t<\/div>","protected":false},"excerpt":{"rendered":"","protected":false},"author":2,"featured_media":0,"parent":0,"menu_order":0,"comment_status":"closed","ping_status":"closed","template":"","meta":{"footnotes":""},"class_list":["post-22470","page","type-page","status-publish","hentry"],"_links":{"self":[{"href":"https:\/\/test.tilde.ai\/lt\/wp-json\/wp\/v2\/pages\/22470","targetHints":{"allow":["GET"]}}],"collection":[{"href":"https:\/\/test.tilde.ai\/lt\/wp-json\/wp\/v2\/pages"}],"about":[{"href":"https:\/\/test.tilde.ai\/lt\/wp-json\/wp\/v2\/types\/page"}],"author":[{"embeddable":true,"href":"https:\/\/test.tilde.ai\/lt\/wp-json\/wp\/v2\/users\/2"}],"replies":[{"embeddable":true,"href":"https:\/\/test.tilde.ai\/lt\/wp-json\/wp\/v2\/comments?post=22470"}],"version-history":[{"count":0,"href":"https:\/\/test.tilde.ai\/lt\/wp-json\/wp\/v2\/pages\/22470\/revisions"}],"wp:attachment":[{"href":"https:\/\/test.tilde.ai\/lt\/wp-json\/wp\/v2\/media?parent=22470"}],"curies":[{"name":"wp","href":"https:\/\/api.w.org\/{rel}","templated":true}]}}