{"id":22133,"date":"2025-12-02T21:57:52","date_gmt":"2025-12-02T19:57:52","guid":{"rendered":"https:\/\/test.tilde.ai\/?page_id=22133"},"modified":"2025-12-03T12:06:47","modified_gmt":"2025-12-03T10:06:47","slug":"blog","status":"publish","type":"page","link":"https:\/\/test.tilde.ai\/lt\/blog\/","title":{"rendered":"Tinklara\u0161tis"},"content":{"rendered":"<div data-elementor-type=\"wp-page\" data-elementor-id=\"22133\" class=\"elementor elementor-22133\" data-elementor-post-type=\"page\">\n\t\t\t\t<div class=\"elementor-element elementor-element-c56eed5 e-flex e-con-boxed e-con e-parent\" data-id=\"c56eed5\" data-element_type=\"container\" data-e-type=\"container\">\n\t\t\t\t\t<div class=\"e-con-inner\">\n\t\t\t\t<div class=\"elementor-element elementor-element-8afb5dd elementor-widget elementor-widget-shortcode\" data-id=\"8afb5dd\" data-element_type=\"widget\" data-e-type=\"widget\" data-widget_type=\"shortcode.default\">\n\t\t\t\t\t\t\t<div class=\"elementor-shortcode\"><nav aria-label=\"duonos trupiniai\" class=\"rank-math-breadcrumb\"><p><span class=\"last\">Pagrindinis<\/span><\/p><\/nav><\/div>\n\t\t\t\t\t\t<\/div>\n\t\t\t\t\t<\/div>\n\t\t\t\t<\/div>\n\t\t<div class=\"elementor-element elementor-element-155743b e-flex e-con-boxed e-con e-parent\" data-id=\"155743b\" data-element_type=\"container\" data-e-type=\"container\">\n\t\t\t\t\t<div class=\"e-con-inner\">\n\t\t\t\t<div class=\"elementor-element elementor-element-c675337 elementor-widget elementor-widget-shortcode\" data-id=\"c675337\" data-element_type=\"widget\" data-e-type=\"widget\" data-widget_type=\"shortcode.default\">\n\t\t\t\t\t\t\t<div class=\"elementor-shortcode\">\t\t<div data-elementor-type=\"container\" data-elementor-id=\"22135\" class=\"elementor elementor-22135\" data-elementor-post-type=\"elementor_library\">\n\t\t\t\t<div class=\"elementor-element elementor-element-2518a6ce e-flex e-con-boxed e-con e-parent\" data-id=\"2518a6ce\" data-element_type=\"container\" data-e-type=\"container\">\n\t\t\t\t\t<div class=\"e-con-inner\">\n\t\t\t\t<div class=\"elementor-element elementor-element-13c84f5f e-transform elementor-grid-3 elementor-grid-tablet-2 elementor-grid-mobile-1 elementor-posts--thumbnail-top load-more-align-center elementor-widget elementor-widget-posts\" data-id=\"13c84f5f\" data-element_type=\"widget\" data-e-type=\"widget\" data-settings=\"{&quot;classic_masonry&quot;:&quot;yes&quot;,&quot;classic_row_gap&quot;:{&quot;unit&quot;:&quot;em&quot;,&quot;size&quot;:&quot;&quot;,&quot;sizes&quot;:[]},&quot;classic_row_gap_tablet&quot;:{&quot;unit&quot;:&quot;em&quot;,&quot;size&quot;:&quot;&quot;,&quot;sizes&quot;:[]},&quot;classic_row_gap_mobile&quot;:{&quot;unit&quot;:&quot;em&quot;,&quot;size&quot;:&quot;&quot;,&quot;sizes&quot;:[]},&quot;pagination_type&quot;:&quot;load_more_on_click&quot;,&quot;classic_columns&quot;:&quot;3&quot;,&quot;classic_columns_tablet&quot;:&quot;2&quot;,&quot;classic_columns_mobile&quot;:&quot;1&quot;,&quot;load_more_spinner&quot;:{&quot;value&quot;:&quot;fas fa-spinner&quot;,&quot;library&quot;:&quot;fa-solid&quot;},&quot;_transform_scaleX_effect_hover&quot;:{&quot;unit&quot;:&quot;px&quot;,&quot;size&quot;:&quot;&quot;,&quot;sizes&quot;:[]},&quot;_transform_scaleX_effect_hover_tablet&quot;:{&quot;unit&quot;:&quot;px&quot;,&quot;size&quot;:&quot;&quot;,&quot;sizes&quot;:[]},&quot;_transform_scaleX_effect_hover_mobile&quot;:{&quot;unit&quot;:&quot;px&quot;,&quot;size&quot;:&quot;&quot;,&quot;sizes&quot;:[]},&quot;_transform_scaleY_effect_hover&quot;:{&quot;unit&quot;:&quot;px&quot;,&quot;size&quot;:&quot;&quot;,&quot;sizes&quot;:[]},&quot;_transform_scaleY_effect_hover_tablet&quot;:{&quot;unit&quot;:&quot;px&quot;,&quot;size&quot;:&quot;&quot;,&quot;sizes&quot;:[]},&quot;_transform_scaleY_effect_hover_mobile&quot;:{&quot;unit&quot;:&quot;px&quot;,&quot;size&quot;:&quot;&quot;,&quot;sizes&quot;:[]}}\" data-widget_type=\"posts.classic\">\n\t\t\t\t<div class=\"elementor-widget-container\">\n\t\t\t\t\t\t\t<div class=\"elementor-posts-container elementor-posts elementor-posts--skin-classic elementor-grid\" role=\"list\">\n\t\t\t\t<article class=\"elementor-post elementor-grid-item post-19394 post type-post status-publish format-standard has-post-thumbnail hentry category-blog category-llm\" role=\"listitem\">\n\t\t\t\t<a class=\"elementor-post__thumbnail__link\" href=\"https:\/\/test.tilde.ai\/lt\/blog\/human-level-ai-scientific-breakthroughs\/\" tabindex=\"-1\" >\n\t\t\t<div class=\"elementor-post__thumbnail\"><img fetchpriority=\"high\" decoding=\"async\" width=\"800\" height=\"476\" src=\"https:\/\/test.tilde.ai\/wp-content\/uploads\/2025\/06\/Jurgita_blogam.jpg\" class=\"attachment-large size-large wp-image-19397\" alt=\"Jurgita Kapo\u010di\u016bte-Dzikiene\" srcset=\"https:\/\/test.tilde.ai\/wp-content\/uploads\/2025\/06\/Jurgita_blogam.jpg 800w, https:\/\/test.tilde.ai\/wp-content\/uploads\/2025\/06\/Jurgita_blogam-300x179.jpg 300w, https:\/\/test.tilde.ai\/wp-content\/uploads\/2025\/06\/Jurgita_blogam-768x457.jpg 768w, https:\/\/test.tilde.ai\/wp-content\/uploads\/2025\/06\/Jurgita_blogam-18x12.jpg 18w\" sizes=\"(max-width: 800px) 100vw, 800px\" \/><\/div>\n\t\t<\/a>\n\t\t\t\t<div class=\"elementor-post__text\">\n\t\t\t\t<h3 class=\"elementor-post__title\">\n\t\t\t<a href=\"https:\/\/test.tilde.ai\/lt\/blog\/human-level-ai-scientific-breakthroughs\/\" >\n\t\t\t\t\u017dmogaus lygio DI: kokie moksliniai prover\u017eiai vyksta?\u00a0\t\t\t<\/a>\n\t\t<\/h3>\n\t\t\t\t<div class=\"elementor-post__meta-data\">\n\t\t\t\t\t<span class=\"elementor-post-date\">\n\t\t\t18 bir\u017eelio, 2025 m.\t\t<\/span>\n\t\t\t\t<\/div>\n\t\t\t\t<\/div>\n\t\t\t\t<\/article>\n\t\t\t\t<article class=\"elementor-post elementor-grid-item post-18979 post type-post status-publish format-standard has-post-thumbnail hentry category-blog category-llm\" role=\"listitem\">\n\t\t\t\t<a class=\"elementor-post__thumbnail__link\" href=\"https:\/\/test.tilde.ai\/lt\/blog\/going-beyond-simple-rag\/\" tabindex=\"-1\" >\n\t\t\t<div class=\"elementor-post__thumbnail\"><img decoding=\"async\" width=\"800\" height=\"477\" src=\"https:\/\/test.tilde.ai\/wp-content\/uploads\/2025\/05\/Marcis_blogam-1-1024x610.png\" class=\"attachment-large size-large wp-image-18980\" alt=\"Pavadinimo vaizdas wihth Marcis Pinnis\" srcset=\"https:\/\/test.tilde.ai\/wp-content\/uploads\/2025\/05\/Marcis_blogam-1-1024x610.png 1024w, https:\/\/test.tilde.ai\/wp-content\/uploads\/2025\/05\/Marcis_blogam-1-300x179.png 300w, https:\/\/test.tilde.ai\/wp-content\/uploads\/2025\/05\/Marcis_blogam-1-768x457.png 768w, https:\/\/test.tilde.ai\/wp-content\/uploads\/2025\/05\/Marcis_blogam-1-1536x914.png 1536w, https:\/\/test.tilde.ai\/wp-content\/uploads\/2025\/05\/Marcis_blogam-1-18x12.png 18w, https:\/\/test.tilde.ai\/wp-content\/uploads\/2025\/05\/Marcis_blogam-1.png 1596w\" sizes=\"(max-width: 800px) 100vw, 800px\" \/><\/div>\n\t\t<\/a>\n\t\t\t\t<div class=\"elementor-post__text\">\n\t\t\t\t<h3 class=\"elementor-post__title\">\n\t\t\t<a href=\"https:\/\/test.tilde.ai\/lt\/blog\/going-beyond-simple-rag\/\" >\n\t\t\t\tDaugiau nei paprastas informacijos paie\u0161ka papildytas generavimas\u00a0\t\t\t<\/a>\n\t\t<\/h3>\n\t\t\t\t<div class=\"elementor-post__meta-data\">\n\t\t\t\t\t<span class=\"elementor-post-date\">\n\t\t\t14 gegu\u017e\u0117s, 2025\t\t<\/span>\n\t\t\t\t<\/div>\n\t\t\t\t<\/div>\n\t\t\t\t<\/article>\n\t\t\t\t<article class=\"elementor-post elementor-grid-item post-18159 post type-post status-publish format-standard has-post-thumbnail hentry category-blog category-llm\" role=\"listitem\">\n\t\t\t\t<a class=\"elementor-post__thumbnail__link\" href=\"https:\/\/test.tilde.ai\/lt\/blog\/the-race-of-ai-models\/\" tabindex=\"-1\" >\n\t\t\t<div class=\"elementor-post__thumbnail\"><img decoding=\"async\" width=\"800\" height=\"477\" src=\"https:\/\/test.tilde.ai\/wp-content\/uploads\/2025\/02\/Jurgita_blogam-1024x610.png\" class=\"attachment-large size-large wp-image-18164\" alt=\"Titulinis vaizdas su dr. Jurgita Kapo\u010di\u016bt\u0117-Dzikien\u0117\" srcset=\"https:\/\/test.tilde.ai\/wp-content\/uploads\/2025\/02\/Jurgita_blogam-1024x610.png 1024w, https:\/\/test.tilde.ai\/wp-content\/uploads\/2025\/02\/Jurgita_blogam-300x179.png 300w, https:\/\/test.tilde.ai\/wp-content\/uploads\/2025\/02\/Jurgita_blogam-768x457.png 768w, https:\/\/test.tilde.ai\/wp-content\/uploads\/2025\/02\/Jurgita_blogam-1536x914.png 1536w, https:\/\/test.tilde.ai\/wp-content\/uploads\/2025\/02\/Jurgita_blogam-18x12.png 18w, https:\/\/test.tilde.ai\/wp-content\/uploads\/2025\/02\/Jurgita_blogam.png 1596w\" sizes=\"(max-width: 800px) 100vw, 800px\" \/><\/div>\n\t\t<\/a>\n\t\t\t\t<div class=\"elementor-post__text\">\n\t\t\t\t<h3 class=\"elementor-post__title\">\n\t\t\t<a href=\"https:\/\/test.tilde.ai\/lt\/blog\/the-race-of-ai-models\/\" >\n\t\t\t\tDirbtinio intelekto lenktyn\u0117s: kaip sekasi lietuvi\u0173 ir kitoms ma\u017eoms kalboms?\u00a0\t\t\t<\/a>\n\t\t<\/h3>\n\t\t\t\t<div class=\"elementor-post__meta-data\">\n\t\t\t\t\t<span class=\"elementor-post-date\">\n\t\t\t4 vasario, 2025 m.\t\t<\/span>\n\t\t\t\t<\/div>\n\t\t\t\t<\/div>\n\t\t\t\t<\/article>\n\t\t\t\t<article class=\"elementor-post elementor-grid-item post-18127 post type-post status-publish format-standard has-post-thumbnail hentry category-blog\" role=\"listitem\">\n\t\t\t\t<a class=\"elementor-post__thumbnail__link\" href=\"https:\/\/test.tilde.ai\/lt\/blog\/what-public-administration-aspects-are-holding-ai-integration-back\/\" tabindex=\"-1\" >\n\t\t\t<div class=\"elementor-post__thumbnail\"><img loading=\"lazy\" decoding=\"async\" width=\"800\" height=\"480\" src=\"https:\/\/test.tilde.ai\/wp-content\/uploads\/2025\/01\/Article_4-1024x614.png\" class=\"attachment-large size-large wp-image-18128\" alt=\"Pavadinimo vaizdas su Giedriumi ir Vytautu\" srcset=\"https:\/\/test.tilde.ai\/wp-content\/uploads\/2025\/01\/Article_4-1024x614.png 1024w, https:\/\/test.tilde.ai\/wp-content\/uploads\/2025\/01\/Article_4-300x180.png 300w, https:\/\/test.tilde.ai\/wp-content\/uploads\/2025\/01\/Article_4-768x461.png 768w, https:\/\/test.tilde.ai\/wp-content\/uploads\/2025\/01\/Article_4-1536x922.png 1536w, https:\/\/test.tilde.ai\/wp-content\/uploads\/2025\/01\/Article_4-2048x1229.png 2048w, https:\/\/test.tilde.ai\/wp-content\/uploads\/2025\/01\/Article_4-18x12.png 18w\" sizes=\"(max-width: 800px) 100vw, 800px\" \/><\/div>\n\t\t<\/a>\n\t\t\t\t<div class=\"elementor-post__text\">\n\t\t\t\t<h3 class=\"elementor-post__title\">\n\t\t\t<a href=\"https:\/\/test.tilde.ai\/lt\/blog\/what-public-administration-aspects-are-holding-ai-integration-back\/\" >\n\t\t\t\t\u201eTilde\u201c ir buvusio ministro pokalbis: kas politikos ir vie\u0161ojo valdymo u\u017ekulisiuose lemia, kad DI integruojame l\u0117tai?\u00a0\u00a0\t\t\t<\/a>\n\t\t<\/h3>\n\t\t\t\t<div class=\"elementor-post__meta-data\">\n\t\t\t\t\t<span class=\"elementor-post-date\">\n\t\t\t30 Sausio, 2025\t\t<\/span>\n\t\t\t\t<\/div>\n\t\t\t\t<\/div>\n\t\t\t\t<\/article>\n\t\t\t\t<article class=\"elementor-post elementor-grid-item post-18029 post type-post status-publish format-standard has-post-thumbnail hentry category-blog category-llm\" role=\"listitem\">\n\t\t\t\t<a class=\"elementor-post__thumbnail__link\" href=\"https:\/\/test.tilde.ai\/lt\/blog\/the-llm-data-dilemma\/\" tabindex=\"-1\" >\n\t\t\t<div class=\"elementor-post__thumbnail\"><img loading=\"lazy\" decoding=\"async\" width=\"800\" height=\"477\" src=\"https:\/\/test.tilde.ai\/wp-content\/uploads\/2025\/01\/Toma_blogam_3-min-1024x610.png\" class=\"attachment-large size-large wp-image-18061\" alt=\"\" srcset=\"https:\/\/test.tilde.ai\/wp-content\/uploads\/2025\/01\/Toma_blogam_3-min-1024x610.png 1024w, https:\/\/test.tilde.ai\/wp-content\/uploads\/2025\/01\/Toma_blogam_3-min-300x179.png 300w, https:\/\/test.tilde.ai\/wp-content\/uploads\/2025\/01\/Toma_blogam_3-min-768x457.png 768w, https:\/\/test.tilde.ai\/wp-content\/uploads\/2025\/01\/Toma_blogam_3-min-1536x914.png 1536w, https:\/\/test.tilde.ai\/wp-content\/uploads\/2025\/01\/Toma_blogam_3-min-18x12.png 18w, https:\/\/test.tilde.ai\/wp-content\/uploads\/2025\/01\/Toma_blogam_3-min.png 1596w\" sizes=\"(max-width: 800px) 100vw, 800px\" \/><\/div>\n\t\t<\/a>\n\t\t\t\t<div class=\"elementor-post__text\">\n\t\t\t\t<h3 class=\"elementor-post__title\">\n\t\t\t<a href=\"https:\/\/test.tilde.ai\/lt\/blog\/the-llm-data-dilemma\/\" >\n\t\t\t\tDuomen\u0173 dideliems kalbos modeliams dilema: \u0161iuk\u0161lynas ar aukso kasykla?\u00a0\t\t\t<\/a>\n\t\t<\/h3>\n\t\t\t\t<div class=\"elementor-post__meta-data\">\n\t\t\t\t\t<span class=\"elementor-post-date\">\n\t\t\t22 Sausio, 2025 m.\t\t<\/span>\n\t\t\t\t<\/div>\n\t\t\t\t<\/div>\n\t\t\t\t<\/article>\n\t\t\t\t<article class=\"elementor-post elementor-grid-item post-17956 post type-post status-publish format-standard has-post-thumbnail hentry category-blog\" role=\"listitem\">\n\t\t\t\t<a class=\"elementor-post__thumbnail__link\" href=\"https:\/\/test.tilde.ai\/lt\/blog\/domino-e-virtual-assistant\/\" tabindex=\"-1\" >\n\t\t\t<div class=\"elementor-post__thumbnail\"><img loading=\"lazy\" decoding=\"async\" width=\"800\" height=\"534\" src=\"https:\/\/test.tilde.ai\/wp-content\/uploads\/2024\/12\/spacecraft-launching-into-vast-expanse-space-carrying-scientific-instruments-min-1024x683.jpg\" class=\"attachment-large size-large wp-image-17962\" alt=\"Pavadinimo vaizdas su palydovu ir \u017dem\u0117s planeta\" srcset=\"https:\/\/test.tilde.ai\/wp-content\/uploads\/2024\/12\/spacecraft-launching-into-vast-expanse-space-carrying-scientific-instruments-min-1024x683.jpg 1024w, https:\/\/test.tilde.ai\/wp-content\/uploads\/2024\/12\/spacecraft-launching-into-vast-expanse-space-carrying-scientific-instruments-min-300x200.jpg 300w, https:\/\/test.tilde.ai\/wp-content\/uploads\/2024\/12\/spacecraft-launching-into-vast-expanse-space-carrying-scientific-instruments-min-768x512.jpg 768w, https:\/\/test.tilde.ai\/wp-content\/uploads\/2024\/12\/spacecraft-launching-into-vast-expanse-space-carrying-scientific-instruments-min-1536x1024.jpg 1536w, https:\/\/test.tilde.ai\/wp-content\/uploads\/2024\/12\/spacecraft-launching-into-vast-expanse-space-carrying-scientific-instruments-min-2048x1365.jpg 2048w, https:\/\/test.tilde.ai\/wp-content\/uploads\/2024\/12\/spacecraft-launching-into-vast-expanse-space-carrying-scientific-instruments-min-18x12.jpg 18w\" sizes=\"(max-width: 800px) 100vw, 800px\" \/><\/div>\n\t\t<\/a>\n\t\t\t\t<div class=\"elementor-post__text\">\n\t\t\t\t<h3 class=\"elementor-post__title\">\n\t\t\t<a href=\"https:\/\/test.tilde.ai\/lt\/blog\/domino-e-virtual-assistant\/\" >\n\t\t\t\tVirtualusis asistentas \u2013 tiltas tarp \u017dem\u0117s steb\u0117jimo sistem\u0173 ir naudotoj\u0173 poreiki\u0173\u00a0\t\t\t<\/a>\n\t\t<\/h3>\n\t\t\t\t<div class=\"elementor-post__meta-data\">\n\t\t\t\t\t<span class=\"elementor-post-date\">\n\t\t\t7 Sausio, 2025 m.\t\t<\/span>\n\t\t\t\t<\/div>\n\t\t\t\t<\/div>\n\t\t\t\t<\/article>\n\t\t\t\t<article class=\"elementor-post elementor-grid-item post-17846 post type-post status-publish format-standard has-post-thumbnail hentry category-blog\" role=\"listitem\">\n\t\t\t\t<a class=\"elementor-post__thumbnail__link\" href=\"https:\/\/test.tilde.ai\/lt\/blog\/do-estonians-hate-chatbots\/\" tabindex=\"-1\" >\n\t\t\t<div class=\"elementor-post__thumbnail\"><img loading=\"lazy\" decoding=\"async\" width=\"800\" height=\"450\" src=\"https:\/\/test.tilde.ai\/wp-content\/uploads\/2024\/11\/Labdien-Ka-varu-Jums-palidzet-2-1024x576.png\" class=\"attachment-large size-large wp-image-17854\" alt=\"Pavadinimo vaizdas su Talino, Estijos panoraminiu rodiniu\" srcset=\"https:\/\/test.tilde.ai\/wp-content\/uploads\/2024\/11\/Labdien-Ka-varu-Jums-palidzet-2-1024x576.png 1024w, https:\/\/test.tilde.ai\/wp-content\/uploads\/2024\/11\/Labdien-Ka-varu-Jums-palidzet-2-300x169.png 300w, https:\/\/test.tilde.ai\/wp-content\/uploads\/2024\/11\/Labdien-Ka-varu-Jums-palidzet-2-768x432.png 768w, https:\/\/test.tilde.ai\/wp-content\/uploads\/2024\/11\/Labdien-Ka-varu-Jums-palidzet-2-18x10.png 18w, https:\/\/test.tilde.ai\/wp-content\/uploads\/2024\/11\/Labdien-Ka-varu-Jums-palidzet-2.png 1080w\" sizes=\"(max-width: 800px) 100vw, 800px\" \/><\/div>\n\t\t<\/a>\n\t\t\t\t<div class=\"elementor-post__text\">\n\t\t\t\t<h3 class=\"elementor-post__title\">\n\t\t\t<a href=\"https:\/\/test.tilde.ai\/lt\/blog\/do-estonians-hate-chatbots\/\" >\n\t\t\t\tKod\u0117l estai taip nem\u0117gsta pokalbi\u0173 robot\u0173?\u00a0\t\t\t<\/a>\n\t\t<\/h3>\n\t\t\t\t<div class=\"elementor-post__meta-data\">\n\t\t\t\t\t<span class=\"elementor-post-date\">\n\t\t\t29 lapkri\u010dio, 2024\t\t<\/span>\n\t\t\t\t<\/div>\n\t\t\t\t<\/div>\n\t\t\t\t<\/article>\n\t\t\t\t<article class=\"elementor-post elementor-grid-item post-17731 post type-post status-publish format-standard has-post-thumbnail hentry category-blog\" role=\"listitem\">\n\t\t\t\t<a class=\"elementor-post__thumbnail__link\" href=\"https:\/\/test.tilde.ai\/lt\/blog\/ai-will-change-the-way-we-shop\/\" tabindex=\"-1\" >\n\t\t\t<div class=\"elementor-post__thumbnail\"><img loading=\"lazy\" decoding=\"async\" width=\"800\" height=\"480\" src=\"https:\/\/test.tilde.ai\/wp-content\/uploads\/2024\/11\/Article_3-min-1024x614.png\" class=\"attachment-large size-large wp-image-17734\" alt=\"Pavadinimo vaizdas su Giedrius ir Rimantas\" srcset=\"https:\/\/test.tilde.ai\/wp-content\/uploads\/2024\/11\/Article_3-min-1024x614.png 1024w, https:\/\/test.tilde.ai\/wp-content\/uploads\/2024\/11\/Article_3-min-300x180.png 300w, https:\/\/test.tilde.ai\/wp-content\/uploads\/2024\/11\/Article_3-min-768x461.png 768w, https:\/\/test.tilde.ai\/wp-content\/uploads\/2024\/11\/Article_3-min-1536x922.png 1536w, https:\/\/test.tilde.ai\/wp-content\/uploads\/2024\/11\/Article_3-min-2048x1229.png 2048w, https:\/\/test.tilde.ai\/wp-content\/uploads\/2024\/11\/Article_3-min-18x12.png 18w\" sizes=\"(max-width: 800px) 100vw, 800px\" \/><\/div>\n\t\t<\/a>\n\t\t\t\t<div class=\"elementor-post__text\">\n\t\t\t\t<h3 class=\"elementor-post__title\">\n\t\t\t<a href=\"https:\/\/test.tilde.ai\/lt\/blog\/ai-will-change-the-way-we-shop\/\" >\n\t\t\t\t\u201eTilde\u201c ir \u201eStrongPoint\u201c ekspert\u0173 pokalbis: DI stipriai keis tai, kaip apsipirkin\u0117jame\u00a0\t\t\t<\/a>\n\t\t<\/h3>\n\t\t\t\t<div class=\"elementor-post__meta-data\">\n\t\t\t\t\t<span class=\"elementor-post-date\">\n\t\t\t19 lapkri\u010dio, 2024 m.\t\t<\/span>\n\t\t\t\t<\/div>\n\t\t\t\t<\/div>\n\t\t\t\t<\/article>\n\t\t\t\t<article class=\"elementor-post elementor-grid-item post-17474 post type-post status-publish format-standard has-post-thumbnail hentry category-blog\" role=\"listitem\">\n\t\t\t\t<a class=\"elementor-post__thumbnail__link\" href=\"https:\/\/test.tilde.ai\/lt\/blog\/there-will-be-no-single-superintelligence\/\" tabindex=\"-1\" >\n\t\t\t<div class=\"elementor-post__thumbnail\"><img loading=\"lazy\" decoding=\"async\" width=\"800\" height=\"600\" src=\"https:\/\/test.tilde.ai\/wp-content\/uploads\/2024\/11\/connecting-lines-dots-with-floating-particles-min-1024x768.jpg\" class=\"attachment-large size-large wp-image-17490\" alt=\"Pavadinimo vaizdas su AI neuronais m\u0117lyname fone\" srcset=\"https:\/\/test.tilde.ai\/wp-content\/uploads\/2024\/11\/connecting-lines-dots-with-floating-particles-min-1024x768.jpg 1024w, https:\/\/test.tilde.ai\/wp-content\/uploads\/2024\/11\/connecting-lines-dots-with-floating-particles-min-300x225.jpg 300w, https:\/\/test.tilde.ai\/wp-content\/uploads\/2024\/11\/connecting-lines-dots-with-floating-particles-min-768x576.jpg 768w, https:\/\/test.tilde.ai\/wp-content\/uploads\/2024\/11\/connecting-lines-dots-with-floating-particles-min-1536x1152.jpg 1536w, https:\/\/test.tilde.ai\/wp-content\/uploads\/2024\/11\/connecting-lines-dots-with-floating-particles-min-2048x1536.jpg 2048w, https:\/\/test.tilde.ai\/wp-content\/uploads\/2024\/11\/connecting-lines-dots-with-floating-particles-min-16x12.jpg 16w\" sizes=\"(max-width: 800px) 100vw, 800px\" \/><\/div>\n\t\t<\/a>\n\t\t\t\t<div class=\"elementor-post__text\">\n\t\t\t\t<h3 class=\"elementor-post__title\">\n\t\t\t<a href=\"https:\/\/test.tilde.ai\/lt\/blog\/there-will-be-no-single-superintelligence\/\" >\n\t\t\t\tVyksta rimtas pos\u016bkis DI moksle: vieno superintelekto nebus\u00a0\t\t\t<\/a>\n\t\t<\/h3>\n\t\t\t\t<div class=\"elementor-post__meta-data\">\n\t\t\t\t\t<span class=\"elementor-post-date\">\n\t\t\t6 lapkri\u010dio, 2024\t\t<\/span>\n\t\t\t\t<\/div>\n\t\t\t\t<\/div>\n\t\t\t\t<\/article>\n\t\t\t\t<\/div>\n\t\t\t\t\t<span class=\"e-load-more-spinner\">\n\t\t\t\t<svg aria-hidden=\"true\" class=\"e-font-icon-svg e-fas-spinner\" viewbox=\"0 0 512 512\" xmlns=\"http:\/\/www.w3.org\/2000\/svg\"><path d=\"M304 48c0 26.51-21.49 48-48 48s-48-21.49-48-48 21.49-48 48-48 48 21.49 48 48zm-48 368c-26.51 0-48 21.49-48 48s21.49 48 48 48 48-21.49 48-48-21.49-48-48-48zm208-208c-26.51 0-48 21.49-48 48s21.49 48 48 48 48-21.49 48-48-21.49-48-48-48zM96 256c0-26.51-21.49-48-48-48S0 229.49 0 256s21.49 48 48 48 48-21.49 48-48zm12.922 99.078c-26.51 0-48 21.49-48 48s21.49 48 48 48 48-21.49 48-48c0-26.509-21.491-48-48-48zm294.156 0c-26.51 0-48 21.49-48 48s21.49 48 48 48 48-21.49 48-48c0-26.509-21.49-48-48-48zM108.922 60.922c-26.51 0-48 21.49-48 48s21.49 48 48 48 48-21.49 48-48-21.491-48-48-48z\"><\/path><\/svg>\t\t\t<\/span>\n\t\t\n\t\t\t\t<div class=\"e-load-more-anchor\" data-page=\"1\" data-max-page=\"5\" data-next-page=\"https:\/\/test.tilde.ai\/lt\/wp-json\/wp\/v2\/pages\/22133\/page\/2\/\"><\/div>\n\t\t\t\t<div class=\"elementor-button-wrapper\">\n\t\t\t<a class=\"elementor-button elementor-size-sm\" role=\"button\">\n\t\t\t\t\t\t<span class=\"elementor-button-content-wrapper\">\n\t\t\t\t\t\t\t\t\t<span class=\"elementor-button-text\">\u012ekelti daugiau<\/span>\n\t\t\t\t\t<\/span>\n\t\t\t\t\t<\/a>\n\t\t<\/div>\n\t\t\t\t<div class=\"e-load-more-message\">Daugiau nieko \u010dia nematyti. Kol kas...<\/div>\n\t\t\t\t\t\t<\/div>\n\t\t\t\t<\/div>\n\t\t\t\t\t<\/div>\n\t\t\t\t<\/div>\n\t\t\t\t<\/div>\n\t\t<\/div>\n\t\t\t\t\t\t<\/div>\n\t\t\t\t\t<\/div>\n\t\t\t\t<\/div>\n\t\t\t\t<\/div>","protected":false},"excerpt":{"rendered":"","protected":false},"author":22,"featured_media":0,"parent":0,"menu_order":0,"comment_status":"closed","ping_status":"closed","template":"","meta":{"footnotes":""},"class_list":["post-22133","page","type-page","status-publish","hentry"],"_links":{"self":[{"href":"https:\/\/test.tilde.ai\/lt\/wp-json\/wp\/v2\/pages\/22133","targetHints":{"allow":["GET"]}}],"collection":[{"href":"https:\/\/test.tilde.ai\/lt\/wp-json\/wp\/v2\/pages"}],"about":[{"href":"https:\/\/test.tilde.ai\/lt\/wp-json\/wp\/v2\/types\/page"}],"author":[{"embeddable":true,"href":"https:\/\/test.tilde.ai\/lt\/wp-json\/wp\/v2\/users\/22"}],"replies":[{"embeddable":true,"href":"https:\/\/test.tilde.ai\/lt\/wp-json\/wp\/v2\/comments?post=22133"}],"version-history":[{"count":0,"href":"https:\/\/test.tilde.ai\/lt\/wp-json\/wp\/v2\/pages\/22133\/revisions"}],"wp:attachment":[{"href":"https:\/\/test.tilde.ai\/lt\/wp-json\/wp\/v2\/media?parent=22133"}],"curies":[{"name":"wp","href":"https:\/\/api.w.org\/{rel}","templated":true}]}}