{"id":14506,"date":"2024-06-17T12:55:20","date_gmt":"2024-06-17T12:55:20","guid":{"rendered":"https:\/\/test.tilde.ai\/?page_id=14506"},"modified":"2025-12-12T17:28:08","modified_gmt":"2025-12-12T15:28:08","slug":"case-studies","status":"publish","type":"page","link":"https:\/\/test.tilde.ai\/lt\/case-studies\/","title":{"rendered":"Atvej\u0173 tyrimai"},"content":{"rendered":"<div data-elementor-type=\"wp-page\" data-elementor-id=\"14506\" class=\"elementor elementor-14506\" data-elementor-post-type=\"page\">\n\t\t\t\t<div class=\"elementor-element elementor-element-9e66372 e-flex e-con-boxed e-con e-parent\" data-id=\"9e66372\" data-element_type=\"container\" data-e-type=\"container\">\n\t\t\t\t\t<div class=\"e-con-inner\">\n\t\t\t\t<div class=\"elementor-element elementor-element-bff09d4 elementor-widget elementor-widget-shortcode\" data-id=\"bff09d4\" data-element_type=\"widget\" data-e-type=\"widget\" data-widget_type=\"shortcode.default\">\n\t\t\t\t\t\t\t<div class=\"elementor-shortcode\"><nav aria-label=\"duonos trupiniai\" class=\"rank-math-breadcrumb\"><p><span class=\"last\">Pagrindinis<\/span><\/p><\/nav><\/div>\n\t\t\t\t\t\t<\/div>\n\t\t\t\t\t<\/div>\n\t\t\t\t<\/div>\n\t\t<div class=\"elementor-element elementor-element-f5fb04b e-flex e-con-boxed e-con e-parent\" data-id=\"f5fb04b\" data-element_type=\"container\" data-e-type=\"container\">\n\t\t\t\t\t<div class=\"e-con-inner\">\n\t\t\t\t<div class=\"elementor-element elementor-element-177460b e-transform elementor-grid-3 elementor-grid-tablet-2 elementor-grid-mobile-1 elementor-posts--thumbnail-top load-more-align-center elementor-widget elementor-widget-posts\" data-id=\"177460b\" data-element_type=\"widget\" data-e-type=\"widget\" data-settings=\"{&quot;classic_masonry&quot;:&quot;yes&quot;,&quot;classic_row_gap&quot;:{&quot;unit&quot;:&quot;em&quot;,&quot;size&quot;:&quot;&quot;,&quot;sizes&quot;:[]},&quot;classic_row_gap_tablet&quot;:{&quot;unit&quot;:&quot;em&quot;,&quot;size&quot;:&quot;&quot;,&quot;sizes&quot;:[]},&quot;classic_row_gap_mobile&quot;:{&quot;unit&quot;:&quot;em&quot;,&quot;size&quot;:&quot;&quot;,&quot;sizes&quot;:[]},&quot;pagination_type&quot;:&quot;load_more_on_click&quot;,&quot;classic_columns&quot;:&quot;3&quot;,&quot;classic_columns_tablet&quot;:&quot;2&quot;,&quot;classic_columns_mobile&quot;:&quot;1&quot;,&quot;load_more_spinner&quot;:{&quot;value&quot;:&quot;fas fa-spinner&quot;,&quot;library&quot;:&quot;fa-solid&quot;},&quot;_transform_scaleX_effect_hover&quot;:{&quot;unit&quot;:&quot;px&quot;,&quot;size&quot;:&quot;&quot;,&quot;sizes&quot;:[]},&quot;_transform_scaleX_effect_hover_tablet&quot;:{&quot;unit&quot;:&quot;px&quot;,&quot;size&quot;:&quot;&quot;,&quot;sizes&quot;:[]},&quot;_transform_scaleX_effect_hover_mobile&quot;:{&quot;unit&quot;:&quot;px&quot;,&quot;size&quot;:&quot;&quot;,&quot;sizes&quot;:[]},&quot;_transform_scaleY_effect_hover&quot;:{&quot;unit&quot;:&quot;px&quot;,&quot;size&quot;:&quot;&quot;,&quot;sizes&quot;:[]},&quot;_transform_scaleY_effect_hover_tablet&quot;:{&quot;unit&quot;:&quot;px&quot;,&quot;size&quot;:&quot;&quot;,&quot;sizes&quot;:[]},&quot;_transform_scaleY_effect_hover_mobile&quot;:{&quot;unit&quot;:&quot;px&quot;,&quot;size&quot;:&quot;&quot;,&quot;sizes&quot;:[]}}\" data-widget_type=\"posts.classic\">\n\t\t\t\t<div class=\"elementor-widget-container\">\n\t\t\t\t\t\t\t<div class=\"elementor-posts-container elementor-posts elementor-posts--skin-classic elementor-grid\" role=\"list\">\n\t\t\t\t<article class=\"elementor-post elementor-grid-item post-18099 post type-post status-publish format-standard has-post-thumbnail hentry category-case-study category-ai-chatbots\" role=\"listitem\">\n\t\t\t\t<a class=\"elementor-post__thumbnail__link\" href=\"https:\/\/test.tilde.ai\/lt\/case-study\/vidis-for-srs-internal-operations\/\" tabindex=\"-1\" target=\"&quot;_blank&quot;\">\n\t\t\t<div class=\"elementor-post__thumbnail\"><img fetchpriority=\"high\" decoding=\"async\" width=\"800\" height=\"534\" src=\"https:\/\/test.tilde.ai\/wp-content\/uploads\/2025\/01\/IMG_0906-min-1024x683.jpg\" class=\"attachment-large size-large wp-image-18100\" alt=\"Pavadinimo vaizdas su SRS pastatu\" srcset=\"https:\/\/test.tilde.ai\/wp-content\/uploads\/2025\/01\/IMG_0906-min-1024x683.jpg 1024w, https:\/\/test.tilde.ai\/wp-content\/uploads\/2025\/01\/IMG_0906-min-300x200.jpg 300w, https:\/\/test.tilde.ai\/wp-content\/uploads\/2025\/01\/IMG_0906-min-768x512.jpg 768w, https:\/\/test.tilde.ai\/wp-content\/uploads\/2025\/01\/IMG_0906-min-1536x1024.jpg 1536w, https:\/\/test.tilde.ai\/wp-content\/uploads\/2025\/01\/IMG_0906-min-2048x1365.jpg 2048w, https:\/\/test.tilde.ai\/wp-content\/uploads\/2025\/01\/IMG_0906-min-18x12.jpg 18w\" sizes=\"(max-width: 800px) 100vw, 800px\" \/><\/div>\n\t\t<\/a>\n\t\t\t\t<div class=\"elementor-post__text\">\n\t\t\t\t<h3 class=\"elementor-post__title\">\n\t\t\t<a href=\"https:\/\/test.tilde.ai\/lt\/case-study\/vidis-for-srs-internal-operations\/\" target=\"&quot;_blank&quot;\">\n\t\t\t\tDirbtinis intelektas darbuotojams: kaip \u201eVidis\u201c palaiko vidines VID operacijas\u00a0\u00a0\t\t\t<\/a>\n\t\t<\/h3>\n\t\t\t\t<div class=\"elementor-post__meta-data\">\n\t\t\t\t\t<span class=\"elementor-post-date\">\n\t\t\t27 Sausio, 2025 m.\t\t<\/span>\n\t\t\t\t<\/div>\n\t\t\t\t<\/div>\n\t\t\t\t<\/article>\n\t\t\t\t<article class=\"elementor-post elementor-grid-item post-17050 post type-post status-publish format-standard has-post-thumbnail hentry category-case-study category-ai-chatbots\" role=\"listitem\">\n\t\t\t\t<a class=\"elementor-post__thumbnail__link\" href=\"https:\/\/test.tilde.ai\/lt\/case-study\/ai-chatbot-in-waste-management\/\" tabindex=\"-1\" target=\"&quot;_blank&quot;\">\n\t\t\t<div class=\"elementor-post__thumbnail\"><img decoding=\"async\" width=\"800\" height=\"599\" src=\"https:\/\/test.tilde.ai\/wp-content\/uploads\/2024\/10\/foto-Kaspars-Garda-012-min-1024x767.jpg\" class=\"attachment-large size-large wp-image-17052\" alt=\"Pavadinimas vaizdas su Getlini EKO \u0161iltnamiais i\u0161 vir\u0161aus\" srcset=\"https:\/\/test.tilde.ai\/wp-content\/uploads\/2024\/10\/foto-Kaspars-Garda-012-min-1024x767.jpg 1024w, https:\/\/test.tilde.ai\/wp-content\/uploads\/2024\/10\/foto-Kaspars-Garda-012-min-300x225.jpg 300w, https:\/\/test.tilde.ai\/wp-content\/uploads\/2024\/10\/foto-Kaspars-Garda-012-min-768x576.jpg 768w, https:\/\/test.tilde.ai\/wp-content\/uploads\/2024\/10\/foto-Kaspars-Garda-012-min-1536x1151.jpg 1536w, https:\/\/test.tilde.ai\/wp-content\/uploads\/2024\/10\/foto-Kaspars-Garda-012-min-2048x1535.jpg 2048w, https:\/\/test.tilde.ai\/wp-content\/uploads\/2024\/10\/foto-Kaspars-Garda-012-min-16x12.jpg 16w\" sizes=\"(max-width: 800px) 100vw, 800px\" \/><\/div>\n\t\t<\/a>\n\t\t\t\t<div class=\"elementor-post__text\">\n\t\t\t\t<h3 class=\"elementor-post__title\">\n\t\t\t<a href=\"https:\/\/test.tilde.ai\/lt\/case-study\/ai-chatbot-in-waste-management\/\" target=\"&quot;_blank&quot;\">\n\t\t\t\t\u201eAr paimsi mano skrudintuv\u0105?\u201c Pokalbiai su DI apie atliek\u0173 tvarkym\u0105\u00a0\t\t\t<\/a>\n\t\t<\/h3>\n\t\t\t\t<div class=\"elementor-post__meta-data\">\n\t\t\t\t\t<span class=\"elementor-post-date\">\n\t\t\t18 Spalio, 2024\t\t<\/span>\n\t\t\t\t<\/div>\n\t\t\t\t<\/div>\n\t\t\t\t<\/article>\n\t\t\t\t<article class=\"elementor-post elementor-grid-item post-16816 post type-post status-publish format-standard has-post-thumbnail hentry category-case-study category-speech-tech\" role=\"listitem\">\n\t\t\t\t<a class=\"elementor-post__thumbnail__link\" href=\"https:\/\/test.tilde.ai\/lt\/case-study\/speech-technologies-at-ziedonis-museum\/\" tabindex=\"-1\" target=\"&quot;_blank&quot;\">\n\t\t\t<div class=\"elementor-post__thumbnail\"><img decoding=\"async\" width=\"800\" height=\"450\" src=\"https:\/\/test.tilde.ai\/wp-content\/uploads\/2024\/09\/1080x607_1-1024x576.png\" class=\"attachment-large size-large wp-image-16817\" alt=\"Pavadinimo vaizdas Ziedonis muziejuje\" srcset=\"https:\/\/test.tilde.ai\/wp-content\/uploads\/2024\/09\/1080x607_1-1024x576.png 1024w, https:\/\/test.tilde.ai\/wp-content\/uploads\/2024\/09\/1080x607_1-300x169.png 300w, https:\/\/test.tilde.ai\/wp-content\/uploads\/2024\/09\/1080x607_1-768x432.png 768w, https:\/\/test.tilde.ai\/wp-content\/uploads\/2024\/09\/1080x607_1-18x10.png 18w, https:\/\/test.tilde.ai\/wp-content\/uploads\/2024\/09\/1080x607_1.png 1080w\" sizes=\"(max-width: 800px) 100vw, 800px\" \/><\/div>\n\t\t<\/a>\n\t\t\t\t<div class=\"elementor-post__text\">\n\t\t\t\t<h3 class=\"elementor-post__title\">\n\t\t\t<a href=\"https:\/\/test.tilde.ai\/lt\/case-study\/speech-technologies-at-ziedonis-museum\/\" target=\"&quot;_blank&quot;\">\n\t\t\t\tKaip dirbtinio intelekto \u0161nekos technologijos Zieduonio muziejuje pad\u0117jo prikelti poeto svajon\u0119\u00a0\u00a0\u00a0\t\t\t<\/a>\n\t\t<\/h3>\n\t\t\t\t<div class=\"elementor-post__meta-data\">\n\t\t\t\t\t<span class=\"elementor-post-date\">\n\t\t\t26 rugs\u0117jo, 2024\t\t<\/span>\n\t\t\t\t<\/div>\n\t\t\t\t<\/div>\n\t\t\t\t<\/article>\n\t\t\t\t<article class=\"elementor-post elementor-grid-item post-16465 post type-post status-publish format-standard has-post-thumbnail hentry category-case-study category-ai-chatbots\" role=\"listitem\">\n\t\t\t\t<a class=\"elementor-post__thumbnail__link\" href=\"https:\/\/test.tilde.ai\/lt\/case-study\/esa-virtual-assistant-eva\/\" tabindex=\"-1\" target=\"&quot;_blank&quot;\">\n\t\t\t<div class=\"elementor-post__thumbnail\"><img loading=\"lazy\" decoding=\"async\" width=\"800\" height=\"450\" src=\"https:\/\/test.tilde.ai\/wp-content\/uploads\/2024\/08\/Gaia_observes_the_Milky_Way_pillars-1024x576.jpg\" class=\"attachment-large size-large wp-image-16466\" alt=\"Menininko \u012fsp\u016bdis, kad EKA palydovas Gaia stebi pien\u0105.\" srcset=\"https:\/\/test.tilde.ai\/wp-content\/uploads\/2024\/08\/Gaia_observes_the_Milky_Way_pillars-1024x576.jpg 1024w, https:\/\/test.tilde.ai\/wp-content\/uploads\/2024\/08\/Gaia_observes_the_Milky_Way_pillars-300x169.jpg 300w, https:\/\/test.tilde.ai\/wp-content\/uploads\/2024\/08\/Gaia_observes_the_Milky_Way_pillars-768x432.jpg 768w, https:\/\/test.tilde.ai\/wp-content\/uploads\/2024\/08\/Gaia_observes_the_Milky_Way_pillars-1536x864.jpg 1536w, https:\/\/test.tilde.ai\/wp-content\/uploads\/2024\/08\/Gaia_observes_the_Milky_Way_pillars-18x10.jpg 18w, https:\/\/test.tilde.ai\/wp-content\/uploads\/2024\/08\/Gaia_observes_the_Milky_Way_pillars.jpg 1921w\" sizes=\"(max-width: 800px) 100vw, 800px\" \/><\/div>\n\t\t<\/a>\n\t\t\t\t<div class=\"elementor-post__text\">\n\t\t\t\t<h3 class=\"elementor-post__title\">\n\t\t\t<a href=\"https:\/\/test.tilde.ai\/lt\/case-study\/esa-virtual-assistant-eva\/\" target=\"&quot;_blank&quot;\">\n\t\t\t\tEKA virtualusis asistentas EVA, skirtas lengvai kosmoso duomen\u0173 navigacijai\t\t\t<\/a>\n\t\t<\/h3>\n\t\t\t\t<div class=\"elementor-post__meta-data\">\n\t\t\t\t\t<span class=\"elementor-post-date\">\n\t\t\t21 rugpj\u016b\u010dio, 2024\t\t<\/span>\n\t\t\t\t<\/div>\n\t\t\t\t<\/div>\n\t\t\t\t<\/article>\n\t\t\t\t<article class=\"elementor-post elementor-grid-item post-16336 post type-post status-publish format-standard has-post-thumbnail hentry category-case-study category-speech-tech\" role=\"listitem\">\n\t\t\t\t<a class=\"elementor-post__thumbnail__link\" href=\"https:\/\/test.tilde.ai\/lt\/case-study\/asr-solution-for-estonian-courts\/\" tabindex=\"-1\" target=\"&quot;_blank&quot;\">\n\t\t\t<div class=\"elementor-post__thumbnail\"><img loading=\"lazy\" decoding=\"async\" width=\"800\" height=\"534\" src=\"https:\/\/test.tilde.ai\/wp-content\/uploads\/2024\/08\/close-up-microphone-speech-official-event-min-1024x683.jpg\" class=\"attachment-large size-large wp-image-16337\" alt=\"Mikrofonas teismo pos\u0117dyje stambiu planu\" srcset=\"https:\/\/test.tilde.ai\/wp-content\/uploads\/2024\/08\/close-up-microphone-speech-official-event-min-1024x683.jpg 1024w, https:\/\/test.tilde.ai\/wp-content\/uploads\/2024\/08\/close-up-microphone-speech-official-event-min-300x200.jpg 300w, https:\/\/test.tilde.ai\/wp-content\/uploads\/2024\/08\/close-up-microphone-speech-official-event-min-768x512.jpg 768w, https:\/\/test.tilde.ai\/wp-content\/uploads\/2024\/08\/close-up-microphone-speech-official-event-min-1536x1024.jpg 1536w, https:\/\/test.tilde.ai\/wp-content\/uploads\/2024\/08\/close-up-microphone-speech-official-event-min-2048x1365.jpg 2048w, https:\/\/test.tilde.ai\/wp-content\/uploads\/2024\/08\/close-up-microphone-speech-official-event-min-18x12.jpg 18w\" sizes=\"(max-width: 800px) 100vw, 800px\" \/><\/div>\n\t\t<\/a>\n\t\t\t\t<div class=\"elementor-post__text\">\n\t\t\t\t<h3 class=\"elementor-post__title\">\n\t\t\t<a href=\"https:\/\/test.tilde.ai\/lt\/case-study\/asr-solution-for-estonian-courts\/\" target=\"&quot;_blank&quot;\">\n\t\t\t\tEstijos teismai pradeda naudoti automatin\u012f transkribavim\u0105 su Salme\u00a0\u00a0\t\t\t<\/a>\n\t\t<\/h3>\n\t\t\t\t<div class=\"elementor-post__meta-data\">\n\t\t\t\t\t<span class=\"elementor-post-date\">\n\t\t\t6 rugpj\u016b\u010dio, 2024\t\t<\/span>\n\t\t\t\t<\/div>\n\t\t\t\t<\/div>\n\t\t\t\t<\/article>\n\t\t\t\t<article class=\"elementor-post elementor-grid-item post-16320 post type-post status-publish format-standard has-post-thumbnail hentry category-case-study category-ai-chatbots\" role=\"listitem\">\n\t\t\t\t<a class=\"elementor-post__thumbnail__link\" href=\"https:\/\/test.tilde.ai\/lt\/case-study\/ai-chatbot-for-vrk\/\" tabindex=\"-1\" target=\"&quot;_blank&quot;\">\n\t\t\t<div class=\"elementor-post__thumbnail\"><img loading=\"lazy\" decoding=\"async\" width=\"800\" height=\"522\" src=\"https:\/\/test.tilde.ai\/wp-content\/uploads\/2024\/08\/voting-election-day-caucasian-white-woman-hand-putting-blank-ballot-box-min-1024x668.jpg\" class=\"attachment-large size-large wp-image-16321\" alt=\"Rinkimuose balsuojantis asmuo\" srcset=\"https:\/\/test.tilde.ai\/wp-content\/uploads\/2024\/08\/voting-election-day-caucasian-white-woman-hand-putting-blank-ballot-box-min-1024x668.jpg 1024w, https:\/\/test.tilde.ai\/wp-content\/uploads\/2024\/08\/voting-election-day-caucasian-white-woman-hand-putting-blank-ballot-box-min-300x196.jpg 300w, https:\/\/test.tilde.ai\/wp-content\/uploads\/2024\/08\/voting-election-day-caucasian-white-woman-hand-putting-blank-ballot-box-min-768x501.jpg 768w, https:\/\/test.tilde.ai\/wp-content\/uploads\/2024\/08\/voting-election-day-caucasian-white-woman-hand-putting-blank-ballot-box-min-1536x1003.jpg 1536w, https:\/\/test.tilde.ai\/wp-content\/uploads\/2024\/08\/voting-election-day-caucasian-white-woman-hand-putting-blank-ballot-box-min-2048x1337.jpg 2048w, https:\/\/test.tilde.ai\/wp-content\/uploads\/2024\/08\/voting-election-day-caucasian-white-woman-hand-putting-blank-ballot-box-min-18x12.jpg 18w\" sizes=\"(max-width: 800px) 100vw, 800px\" \/><\/div>\n\t\t<\/a>\n\t\t\t\t<div class=\"elementor-post__text\">\n\t\t\t\t<h3 class=\"elementor-post__title\">\n\t\t\t<a href=\"https:\/\/test.tilde.ai\/lt\/case-study\/ai-chatbot-for-vrk\/\" target=\"&quot;_blank&quot;\">\n\t\t\t\tVRK pokalbi\u0173 robotas: DI gr\u012fsta rinkim\u0173 organizavimo pagalba Lietuvoje\u00a0\u00a0\t\t\t<\/a>\n\t\t<\/h3>\n\t\t\t\t<div class=\"elementor-post__meta-data\">\n\t\t\t\t\t<span class=\"elementor-post-date\">\n\t\t\t9 liepos, 2024\t\t<\/span>\n\t\t\t\t<\/div>\n\t\t\t\t<\/div>\n\t\t\t\t<\/article>\n\t\t\t\t<article class=\"elementor-post elementor-grid-item post-16306 post type-post status-publish format-standard has-post-thumbnail hentry category-case-study category-ai-chatbots\" role=\"listitem\">\n\t\t\t\t<a class=\"elementor-post__thumbnail__link\" href=\"https:\/\/test.tilde.ai\/lt\/case-study\/chatbot-ema\/\" tabindex=\"-1\" target=\"&quot;_blank&quot;\">\n\t\t\t<div class=\"elementor-post__thumbnail\"><img loading=\"lazy\" decoding=\"async\" width=\"800\" height=\"534\" src=\"https:\/\/test.tilde.ai\/wp-content\/uploads\/2024\/08\/christin-hume-Hcfwew744z4-unsplash-min-1024x683.jpg\" class=\"attachment-large size-large wp-image-16307\" alt=\"Moteris, ra\u0161anti skreitiniame kompiuteryje\" srcset=\"https:\/\/test.tilde.ai\/wp-content\/uploads\/2024\/08\/christin-hume-Hcfwew744z4-unsplash-min-1024x683.jpg 1024w, https:\/\/test.tilde.ai\/wp-content\/uploads\/2024\/08\/christin-hume-Hcfwew744z4-unsplash-min-300x200.jpg 300w, https:\/\/test.tilde.ai\/wp-content\/uploads\/2024\/08\/christin-hume-Hcfwew744z4-unsplash-min-768x512.jpg 768w, https:\/\/test.tilde.ai\/wp-content\/uploads\/2024\/08\/christin-hume-Hcfwew744z4-unsplash-min-1536x1024.jpg 1536w, https:\/\/test.tilde.ai\/wp-content\/uploads\/2024\/08\/christin-hume-Hcfwew744z4-unsplash-min-2048x1365.jpg 2048w, https:\/\/test.tilde.ai\/wp-content\/uploads\/2024\/08\/christin-hume-Hcfwew744z4-unsplash-min-18x12.jpg 18w\" sizes=\"(max-width: 800px) 100vw, 800px\" \/><\/div>\n\t\t<\/a>\n\t\t\t\t<div class=\"elementor-post__text\">\n\t\t\t\t<h3 class=\"elementor-post__title\">\n\t\t\t<a href=\"https:\/\/test.tilde.ai\/lt\/case-study\/chatbot-ema\/\" target=\"&quot;_blank&quot;\">\n\t\t\t\tPokalbi\u0173 robotai perima Lietuvos vie\u0161\u0105j\u012f sektori\u0173: klientai nesigin\u010dija kalb\u0117tis su AI\u00a0\t\t\t<\/a>\n\t\t<\/h3>\n\t\t\t\t<div class=\"elementor-post__meta-data\">\n\t\t\t\t\t<span class=\"elementor-post-date\">\n\t\t\t8 gegu\u017e\u0117s, 2024\t\t<\/span>\n\t\t\t\t<\/div>\n\t\t\t\t<\/div>\n\t\t\t\t<\/article>\n\t\t\t\t<article class=\"elementor-post elementor-grid-item post-9046 post type-post status-publish format-standard has-post-thumbnail hentry category-case-study category-ai-chatbots tag-ai-chatbots\" role=\"listitem\">\n\t\t\t\t<a class=\"elementor-post__thumbnail__link\" href=\"https:\/\/test.tilde.ai\/lt\/case-study\/ai-chatbot-with-llm-rigas-namu-parvaldnieks\/\" tabindex=\"-1\" target=\"&quot;_blank&quot;\">\n\t\t\t<div class=\"elementor-post__thumbnail\"><img loading=\"lazy\" decoding=\"async\" width=\"800\" height=\"271\" src=\"https:\/\/test.tilde.ai\/wp-content\/uploads\/2024\/03\/building-block-1024x347.jpg\" class=\"attachment-large size-large wp-image-9047\" alt=\"statybinis blokas\" srcset=\"https:\/\/test.tilde.ai\/wp-content\/uploads\/2024\/03\/building-block-1024x347.jpg 1024w, https:\/\/test.tilde.ai\/wp-content\/uploads\/2024\/03\/building-block-300x102.jpg 300w, https:\/\/test.tilde.ai\/wp-content\/uploads\/2024\/03\/building-block-768x260.jpg 768w, https:\/\/test.tilde.ai\/wp-content\/uploads\/2024\/03\/building-block-1536x520.jpg 1536w, https:\/\/test.tilde.ai\/wp-content\/uploads\/2024\/03\/building-block-18x6.jpg 18w, https:\/\/test.tilde.ai\/wp-content\/uploads\/2024\/03\/building-block.jpg 1920w\" sizes=\"(max-width: 800px) 100vw, 800px\" \/><\/div>\n\t\t<\/a>\n\t\t\t\t<div class=\"elementor-post__text\">\n\t\t\t\t<h3 class=\"elementor-post__title\">\n\t\t\t<a href=\"https:\/\/test.tilde.ai\/lt\/case-study\/ai-chatbot-with-llm-rigas-namu-parvaldnieks\/\" target=\"&quot;_blank&quot;\">\n\t\t\t\tDI pokalbi\u0173 robot\u0173 su LLM integracija: \u201eR\u012bgas namu p\u0101rvaldnieks\u201c atvejis\t\t\t<\/a>\n\t\t<\/h3>\n\t\t\t\t<div class=\"elementor-post__meta-data\">\n\t\t\t\t\t<span class=\"elementor-post-date\">\n\t\t\t15 baland\u017eio, 2024\t\t<\/span>\n\t\t\t\t<\/div>\n\t\t\t\t<\/div>\n\t\t\t\t<\/article>\n\t\t\t\t<article class=\"elementor-post elementor-grid-item post-9366 post type-post status-publish format-standard has-post-thumbnail hentry category-case-study category-speech-tech tag-speech-tech\" role=\"listitem\">\n\t\t\t\t<a class=\"elementor-post__thumbnail__link\" href=\"https:\/\/test.tilde.ai\/lt\/case-study\/medical-asr-for-alytus-polyclinic\/\" tabindex=\"-1\" target=\"&quot;_blank&quot;\">\n\t\t\t<div class=\"elementor-post__thumbnail\"><img loading=\"lazy\" decoding=\"async\" width=\"800\" height=\"474\" src=\"https:\/\/test.tilde.ai\/wp-content\/uploads\/2024\/03\/medical-alytaus-poliklinika-1.jpg\" class=\"attachment-large size-large wp-image-9367\" alt=\"\" srcset=\"https:\/\/test.tilde.ai\/wp-content\/uploads\/2024\/03\/medical-alytaus-poliklinika-1.jpg 924w, https:\/\/test.tilde.ai\/wp-content\/uploads\/2024\/03\/medical-alytaus-poliklinika-1-300x178.jpg 300w, https:\/\/test.tilde.ai\/wp-content\/uploads\/2024\/03\/medical-alytaus-poliklinika-1-768x455.jpg 768w, https:\/\/test.tilde.ai\/wp-content\/uploads\/2024\/03\/medical-alytaus-poliklinika-1-18x12.jpg 18w\" sizes=\"(max-width: 800px) 100vw, 800px\" \/><\/div>\n\t\t<\/a>\n\t\t\t\t<div class=\"elementor-post__text\">\n\t\t\t\t<h3 class=\"elementor-post__title\">\n\t\t\t<a href=\"https:\/\/test.tilde.ai\/lt\/case-study\/medical-asr-for-alytus-polyclinic\/\" target=\"&quot;_blank&quot;\">\n\t\t\t\tAlytaus poliklinika yra pirmoji Lietuvoje \u012fgyvendinanti technologin\u012f sprendim\u0105 gydytoj\u0173 laikui taupyti\u00a0\t\t\t<\/a>\n\t\t<\/h3>\n\t\t\t\t<div class=\"elementor-post__meta-data\">\n\t\t\t\t\t<span class=\"elementor-post-date\">\n\t\t\t3 baland\u017eio, 2024 m.\t\t<\/span>\n\t\t\t\t<\/div>\n\t\t\t\t<\/div>\n\t\t\t\t<\/article>\n\t\t\t\t<\/div>\n\t\t\t\t\t<span class=\"e-load-more-spinner\">\n\t\t\t\t<svg aria-hidden=\"true\" class=\"e-font-icon-svg e-fas-spinner\" viewbox=\"0 0 512 512\" xmlns=\"http:\/\/www.w3.org\/2000\/svg\"><path d=\"M304 48c0 26.51-21.49 48-48 48s-48-21.49-48-48 21.49-48 48-48 48 21.49 48 48zm-48 368c-26.51 0-48 21.49-48 48s21.49 48 48 48 48-21.49 48-48-21.49-48-48-48zm208-208c-26.51 0-48 21.49-48 48s21.49 48 48 48 48-21.49 48-48-21.49-48-48-48zM96 256c0-26.51-21.49-48-48-48S0 229.49 0 256s21.49 48 48 48 48-21.49 48-48zm12.922 99.078c-26.51 0-48 21.49-48 48s21.49 48 48 48 48-21.49 48-48c0-26.509-21.491-48-48-48zm294.156 0c-26.51 0-48 21.49-48 48s21.49 48 48 48 48-21.49 48-48c0-26.509-21.49-48-48-48zM108.922 60.922c-26.51 0-48 21.49-48 48s21.49 48 48 48 48-21.49 48-48-21.491-48-48-48z\"><\/path><\/svg>\t\t\t<\/span>\n\t\t\n\t\t\t\t<div class=\"e-load-more-anchor\" data-page=\"1\" data-max-page=\"5\" data-next-page=\"https:\/\/test.tilde.ai\/lt\/wp-json\/wp\/v2\/pages\/14506\/page\/2\/\"><\/div>\n\t\t\t\t<div class=\"elementor-button-wrapper\">\n\t\t\t<a class=\"elementor-button elementor-size-sm\" role=\"button\">\n\t\t\t\t\t\t<span class=\"elementor-button-content-wrapper\">\n\t\t\t\t\t\t\t\t\t<span class=\"elementor-button-text\">\u012ekelti daugiau<\/span>\n\t\t\t\t\t<\/span>\n\t\t\t\t\t<\/a>\n\t\t<\/div>\n\t\t\t\t<div class=\"e-load-more-message\">Daugiau nieko \u010dia nematyti. Kol kas...<\/div>\n\t\t\t\t\t\t<\/div>\n\t\t\t\t<\/div>\n\t\t\t\t\t<\/div>\n\t\t\t\t<\/div>\n\t\t\t\t<\/div>","protected":false},"excerpt":{"rendered":"","protected":false},"author":2,"featured_media":0,"parent":0,"menu_order":0,"comment_status":"closed","ping_status":"closed","template":"","meta":{"footnotes":""},"class_list":["post-14506","page","type-page","status-publish","hentry"],"_links":{"self":[{"href":"https:\/\/test.tilde.ai\/lt\/wp-json\/wp\/v2\/pages\/14506","targetHints":{"allow":["GET"]}}],"collection":[{"href":"https:\/\/test.tilde.ai\/lt\/wp-json\/wp\/v2\/pages"}],"about":[{"href":"https:\/\/test.tilde.ai\/lt\/wp-json\/wp\/v2\/types\/page"}],"author":[{"embeddable":true,"href":"https:\/\/test.tilde.ai\/lt\/wp-json\/wp\/v2\/users\/2"}],"replies":[{"embeddable":true,"href":"https:\/\/test.tilde.ai\/lt\/wp-json\/wp\/v2\/comments?post=14506"}],"version-history":[{"count":0,"href":"https:\/\/test.tilde.ai\/lt\/wp-json\/wp\/v2\/pages\/14506\/revisions"}],"wp:attachment":[{"href":"https:\/\/test.tilde.ai\/lt\/wp-json\/wp\/v2\/media?parent=14506"}],"curies":[{"name":"wp","href":"https:\/\/api.w.org\/{rel}","templated":true}]}}